{"id":10650,"date":"2025-06-18T12:21:28","date_gmt":"2025-06-18T12:21:28","guid":{"rendered":"https:\/\/distributioneverflow.com\/product\/av-31-depoussiereur-automatique-a-impulsion-avec-3-moteurs\/"},"modified":"2025-06-18T12:21:28","modified_gmt":"2025-06-18T12:21:28","slug":"av-31-depoussiereur-automatique-a-impulsion-avec-3-moteurs","status":"publish","type":"product","link":"https:\/\/distributioneverflow.com\/fr\/produit\/av-31-depoussiereur-automatique-a-impulsion-avec-3-moteurs\/","title":{"rendered":"AV-31 D\u00e9poussi\u00e9reur automatique \u00e0 impulsion avec 3 moteurs"},"content":{"rendered":"<p>Le AV31 est un d\u00e9poussi\u00e9reur commercial Ametek avec impulsion automatique et filtres HEPA. La pulsation automatique d&rsquo;ASL Canada \u00e9limine le besoin d&rsquo;un compresseur d&rsquo;air ou d&rsquo;un nettoyage manuel, ce qui permet un fonctionnement ininterrompu, fiable et efficace. Il est \u00e9quip\u00e9 d&rsquo;un syst\u00e8me de sac Longopac continu qui facilite les changements de sac. Les 2 grands filtres, d&rsquo;une surface de filtration totale de 3,0 m\u00b2, sont autonettoy\u00e9s en alternance, ce qui garantit une aspiration continue et ininterrompue. Le AV31 est con\u00e7u pour les broyeurs, les scarificateurs et les grenailleuses de taille moyenne \u00e0 grande. Cet aspirateur peut \u00e9galement \u00eatre utilis\u00e9 comme outil de nettoyage.<\/p>\n","protected":false},"excerpt":{"rendered":"<p>Le AV31 est un d\u00e9poussi\u00e9reur commercial Ametek avec impulsion automatique et filtres HEPA. La pulsation automatique d&rsquo;ASL Canada \u00e9limine le besoin d&rsquo;un compresseur d&rsquo;air ou d&rsquo;un nettoyage manuel, ce qui permet un fonctionnement ininterrompu, fiable et efficace. Il est \u00e9quip\u00e9 d&rsquo;un syst\u00e8me de sac Longopac continu qui facilite les changements de sac. Les 2 grands [&hellip;]<\/p>\n","protected":false},"featured_media":10114,"template":"","meta":{"inline_featured_image":false},"product_brand":[250],"product_cat":[228,279,242,241],"product_tag":[],"class_list":{"0":"post-10650","1":"product","2":"type-product","3":"status-publish","4":"has-post-thumbnail","6":"product_brand-asl-canada-fr","7":"product_cat-accessoires","8":"product_cat-machines-fr","9":"product_cat-outils","10":"product_cat-tous","12":"first","13":"instock","14":"taxable","15":"shipping-taxable","16":"purchasable","17":"product-type-simple"},"yoast_head":"<!-- This site is optimized with the Yoast SEO plugin v27.3 - https:\/\/yoast.com\/product\/yoast-seo-wordpress\/ -->\n<title>AV-31 D\u00e9poussi\u00e9reur automatique \u00e0 impulsion avec 3 moteurs - Distribution Everflow.<\/title>\n<meta name=\"description\" content=\"La pulsation automatique d&#039;ASL Canada \u00e9limine le besoin d&#039;un compresseur d&#039;air ou d&#039;un nettoyage manuel, ce qui permet un fonctionnement ininterrompu, fiable et efficace.\" \/>\n<meta name=\"robots\" content=\"index, follow, max-snippet:-1, max-image-preview:large, max-video-preview:-1\" \/>\n<link rel=\"canonical\" href=\"https:\/\/distributioneverflow.com\/fr\/produit\/av-31-depoussiereur-automatique-a-impulsion-avec-3-moteurs\/\" \/>\n<meta property=\"og:locale\" content=\"fr_FR\" \/>\n<meta property=\"og:type\" content=\"article\" \/>\n<meta property=\"og:title\" content=\"AV-31 D\u00e9poussi\u00e9reur automatique \u00e0 impulsion avec 3 moteurs - Distribution Everflow.\" \/>\n<meta property=\"og:description\" content=\"La pulsation automatique d&#039;ASL Canada \u00e9limine le besoin d&#039;un compresseur d&#039;air ou d&#039;un nettoyage manuel, ce qui permet un fonctionnement ininterrompu, fiable et efficace.\" \/>\n<meta property=\"og:url\" content=\"https:\/\/distributioneverflow.com\/fr\/produit\/av-31-depoussiereur-automatique-a-impulsion-avec-3-moteurs\/\" \/>\n<meta property=\"og:site_name\" content=\"Distribution Everflow\" \/>\n<meta property=\"article:publisher\" content=\"https:\/\/www.facebook.com\/DistributionEVERFLOW\" \/>\n<meta property=\"og:image\" content=\"https:\/\/distributioneverflow.com\/wp-content\/uploads\/2025\/06\/Av-31.jpg\" \/>\n\t<meta property=\"og:image:width\" content=\"1080\" \/>\n\t<meta property=\"og:image:height\" content=\"1080\" \/>\n\t<meta property=\"og:image:type\" content=\"image\/jpeg\" \/>\n<meta name=\"twitter:card\" content=\"summary_large_image\" \/>\n<meta name=\"twitter:label1\" content=\"Dur\u00e9e de lecture estim\u00e9e\" \/>\n\t<meta name=\"twitter:data1\" content=\"1 minute\" \/>\n<script type=\"application\/ld+json\" class=\"yoast-schema-graph\">{\"@context\":\"https:\\\/\\\/schema.org\",\"@graph\":[{\"@type\":\"WebPage\",\"@id\":\"https:\\\/\\\/distributioneverflow.com\\\/fr\\\/produit\\\/av-31-depoussiereur-automatique-a-impulsion-avec-3-moteurs\\\/\",\"url\":\"https:\\\/\\\/distributioneverflow.com\\\/fr\\\/produit\\\/av-31-depoussiereur-automatique-a-impulsion-avec-3-moteurs\\\/\",\"name\":\"AV-31 D\u00e9poussi\u00e9reur automatique \u00e0 impulsion avec 3 moteurs - Distribution Everflow.\",\"isPartOf\":{\"@id\":\"https:\\\/\\\/distributioneverflow.com\\\/fr\\\/#website\"},\"primaryImageOfPage\":{\"@id\":\"https:\\\/\\\/distributioneverflow.com\\\/fr\\\/produit\\\/av-31-depoussiereur-automatique-a-impulsion-avec-3-moteurs\\\/#primaryimage\"},\"image\":{\"@id\":\"https:\\\/\\\/distributioneverflow.com\\\/fr\\\/produit\\\/av-31-depoussiereur-automatique-a-impulsion-avec-3-moteurs\\\/#primaryimage\"},\"thumbnailUrl\":\"https:\\\/\\\/distributioneverflow.com\\\/wp-content\\\/uploads\\\/2025\\\/06\\\/Av-31.jpg\",\"datePublished\":\"2025-06-18T12:21:28+00:00\",\"description\":\"La pulsation automatique d'ASL Canada \u00e9limine le besoin d'un compresseur d'air ou d'un nettoyage manuel, ce qui permet un fonctionnement ininterrompu, fiable et efficace.\",\"breadcrumb\":{\"@id\":\"https:\\\/\\\/distributioneverflow.com\\\/fr\\\/produit\\\/av-31-depoussiereur-automatique-a-impulsion-avec-3-moteurs\\\/#breadcrumb\"},\"inLanguage\":\"fr-FR\",\"potentialAction\":[{\"@type\":\"ReadAction\",\"target\":[\"https:\\\/\\\/distributioneverflow.com\\\/fr\\\/produit\\\/av-31-depoussiereur-automatique-a-impulsion-avec-3-moteurs\\\/\"]}]},{\"@type\":\"ImageObject\",\"inLanguage\":\"fr-FR\",\"@id\":\"https:\\\/\\\/distributioneverflow.com\\\/fr\\\/produit\\\/av-31-depoussiereur-automatique-a-impulsion-avec-3-moteurs\\\/#primaryimage\",\"url\":\"https:\\\/\\\/distributioneverflow.com\\\/wp-content\\\/uploads\\\/2025\\\/06\\\/Av-31.jpg\",\"contentUrl\":\"https:\\\/\\\/distributioneverflow.com\\\/wp-content\\\/uploads\\\/2025\\\/06\\\/Av-31.jpg\",\"width\":1080,\"height\":1080},{\"@type\":\"BreadcrumbList\",\"@id\":\"https:\\\/\\\/distributioneverflow.com\\\/fr\\\/produit\\\/av-31-depoussiereur-automatique-a-impulsion-avec-3-moteurs\\\/#breadcrumb\",\"itemListElement\":[{\"@type\":\"ListItem\",\"position\":1,\"name\":\"Accueil\",\"item\":\"https:\\\/\\\/distributioneverflow.com\\\/fr\\\/accueil\\\/\"},{\"@type\":\"ListItem\",\"position\":2,\"name\":\"Boutique\",\"item\":\"https:\\\/\\\/distributioneverflow.com\\\/fr\\\/boutique\\\/\"},{\"@type\":\"ListItem\",\"position\":3,\"name\":\"AV-31 D\u00e9poussi\u00e9reur automatique \u00e0 impulsion avec 3 moteurs\"}]},{\"@type\":\"WebSite\",\"@id\":\"https:\\\/\\\/distributioneverflow.com\\\/fr\\\/#website\",\"url\":\"https:\\\/\\\/distributioneverflow.com\\\/fr\\\/\",\"name\":\"Everflow distribution\",\"description\":\"\",\"publisher\":{\"@id\":\"https:\\\/\\\/distributioneverflow.com\\\/fr\\\/#organization\"},\"potentialAction\":[{\"@type\":\"SearchAction\",\"target\":{\"@type\":\"EntryPoint\",\"urlTemplate\":\"https:\\\/\\\/distributioneverflow.com\\\/fr\\\/?s={search_term_string}\"},\"query-input\":{\"@type\":\"PropertyValueSpecification\",\"valueRequired\":true,\"valueName\":\"search_term_string\"}}],\"inLanguage\":\"fr-FR\"},{\"@type\":\"Organization\",\"@id\":\"https:\\\/\\\/distributioneverflow.com\\\/fr\\\/#organization\",\"name\":\"Distribution Everflow\",\"url\":\"https:\\\/\\\/distributioneverflow.com\\\/fr\\\/\",\"logo\":{\"@type\":\"ImageObject\",\"inLanguage\":\"fr-FR\",\"@id\":\"https:\\\/\\\/distributioneverflow.com\\\/fr\\\/#\\\/schema\\\/logo\\\/image\\\/\",\"url\":\"https:\\\/\\\/distributioneverflow.com\\\/wp-content\\\/uploads\\\/2021\\\/11\\\/cropped-Everflow_Distrib_Horiz_WhiteBackground.png\",\"contentUrl\":\"https:\\\/\\\/distributioneverflow.com\\\/wp-content\\\/uploads\\\/2021\\\/11\\\/cropped-Everflow_Distrib_Horiz_WhiteBackground.png\",\"width\":900,\"height\":204,\"caption\":\"Distribution Everflow\"},\"image\":{\"@id\":\"https:\\\/\\\/distributioneverflow.com\\\/fr\\\/#\\\/schema\\\/logo\\\/image\\\/\"},\"sameAs\":[\"https:\\\/\\\/www.facebook.com\\\/DistributionEVERFLOW\",\"https:\\\/\\\/www.instagram.com\\\/distribution_everflow\\\/\"]}]}<\/script>\n<!-- \/ Yoast SEO plugin. -->","yoast_head_json":{"title":"AV-31 D\u00e9poussi\u00e9reur automatique \u00e0 impulsion avec 3 moteurs - Distribution Everflow.","description":"La pulsation automatique d'ASL Canada \u00e9limine le besoin d'un compresseur d'air ou d'un nettoyage manuel, ce qui permet un fonctionnement ininterrompu, fiable et efficace.","robots":{"index":"index","follow":"follow","max-snippet":"max-snippet:-1","max-image-preview":"max-image-preview:large","max-video-preview":"max-video-preview:-1"},"canonical":"https:\/\/distributioneverflow.com\/fr\/produit\/av-31-depoussiereur-automatique-a-impulsion-avec-3-moteurs\/","og_locale":"fr_FR","og_type":"article","og_title":"AV-31 D\u00e9poussi\u00e9reur automatique \u00e0 impulsion avec 3 moteurs - Distribution Everflow.","og_description":"La pulsation automatique d'ASL Canada \u00e9limine le besoin d'un compresseur d'air ou d'un nettoyage manuel, ce qui permet un fonctionnement ininterrompu, fiable et efficace.","og_url":"https:\/\/distributioneverflow.com\/fr\/produit\/av-31-depoussiereur-automatique-a-impulsion-avec-3-moteurs\/","og_site_name":"Distribution Everflow","article_publisher":"https:\/\/www.facebook.com\/DistributionEVERFLOW","og_image":[{"width":1080,"height":1080,"url":"https:\/\/distributioneverflow.com\/wp-content\/uploads\/2025\/06\/Av-31.jpg","type":"image\/jpeg"}],"twitter_card":"summary_large_image","twitter_misc":{"Dur\u00e9e de lecture estim\u00e9e":"1 minute"},"schema":{"@context":"https:\/\/schema.org","@graph":[{"@type":"WebPage","@id":"https:\/\/distributioneverflow.com\/fr\/produit\/av-31-depoussiereur-automatique-a-impulsion-avec-3-moteurs\/","url":"https:\/\/distributioneverflow.com\/fr\/produit\/av-31-depoussiereur-automatique-a-impulsion-avec-3-moteurs\/","name":"AV-31 D\u00e9poussi\u00e9reur automatique \u00e0 impulsion avec 3 moteurs - Distribution Everflow.","isPartOf":{"@id":"https:\/\/distributioneverflow.com\/fr\/#website"},"primaryImageOfPage":{"@id":"https:\/\/distributioneverflow.com\/fr\/produit\/av-31-depoussiereur-automatique-a-impulsion-avec-3-moteurs\/#primaryimage"},"image":{"@id":"https:\/\/distributioneverflow.com\/fr\/produit\/av-31-depoussiereur-automatique-a-impulsion-avec-3-moteurs\/#primaryimage"},"thumbnailUrl":"https:\/\/distributioneverflow.com\/wp-content\/uploads\/2025\/06\/Av-31.jpg","datePublished":"2025-06-18T12:21:28+00:00","description":"La pulsation automatique d'ASL Canada \u00e9limine le besoin d'un compresseur d'air ou d'un nettoyage manuel, ce qui permet un fonctionnement ininterrompu, fiable et efficace.","breadcrumb":{"@id":"https:\/\/distributioneverflow.com\/fr\/produit\/av-31-depoussiereur-automatique-a-impulsion-avec-3-moteurs\/#breadcrumb"},"inLanguage":"fr-FR","potentialAction":[{"@type":"ReadAction","target":["https:\/\/distributioneverflow.com\/fr\/produit\/av-31-depoussiereur-automatique-a-impulsion-avec-3-moteurs\/"]}]},{"@type":"ImageObject","inLanguage":"fr-FR","@id":"https:\/\/distributioneverflow.com\/fr\/produit\/av-31-depoussiereur-automatique-a-impulsion-avec-3-moteurs\/#primaryimage","url":"https:\/\/distributioneverflow.com\/wp-content\/uploads\/2025\/06\/Av-31.jpg","contentUrl":"https:\/\/distributioneverflow.com\/wp-content\/uploads\/2025\/06\/Av-31.jpg","width":1080,"height":1080},{"@type":"BreadcrumbList","@id":"https:\/\/distributioneverflow.com\/fr\/produit\/av-31-depoussiereur-automatique-a-impulsion-avec-3-moteurs\/#breadcrumb","itemListElement":[{"@type":"ListItem","position":1,"name":"Accueil","item":"https:\/\/distributioneverflow.com\/fr\/accueil\/"},{"@type":"ListItem","position":2,"name":"Boutique","item":"https:\/\/distributioneverflow.com\/fr\/boutique\/"},{"@type":"ListItem","position":3,"name":"AV-31 D\u00e9poussi\u00e9reur automatique \u00e0 impulsion avec 3 moteurs"}]},{"@type":"WebSite","@id":"https:\/\/distributioneverflow.com\/fr\/#website","url":"https:\/\/distributioneverflow.com\/fr\/","name":"Everflow distribution","description":"","publisher":{"@id":"https:\/\/distributioneverflow.com\/fr\/#organization"},"potentialAction":[{"@type":"SearchAction","target":{"@type":"EntryPoint","urlTemplate":"https:\/\/distributioneverflow.com\/fr\/?s={search_term_string}"},"query-input":{"@type":"PropertyValueSpecification","valueRequired":true,"valueName":"search_term_string"}}],"inLanguage":"fr-FR"},{"@type":"Organization","@id":"https:\/\/distributioneverflow.com\/fr\/#organization","name":"Distribution Everflow","url":"https:\/\/distributioneverflow.com\/fr\/","logo":{"@type":"ImageObject","inLanguage":"fr-FR","@id":"https:\/\/distributioneverflow.com\/fr\/#\/schema\/logo\/image\/","url":"https:\/\/distributioneverflow.com\/wp-content\/uploads\/2021\/11\/cropped-Everflow_Distrib_Horiz_WhiteBackground.png","contentUrl":"https:\/\/distributioneverflow.com\/wp-content\/uploads\/2021\/11\/cropped-Everflow_Distrib_Horiz_WhiteBackground.png","width":900,"height":204,"caption":"Distribution Everflow"},"image":{"@id":"https:\/\/distributioneverflow.com\/fr\/#\/schema\/logo\/image\/"},"sameAs":["https:\/\/www.facebook.com\/DistributionEVERFLOW","https:\/\/www.instagram.com\/distribution_everflow\/"]}]}},"_links":{"self":[{"href":"https:\/\/distributioneverflow.com\/fr\/wp-json\/wp\/v2\/product\/10650","targetHints":{"allow":["GET"]}}],"collection":[{"href":"https:\/\/distributioneverflow.com\/fr\/wp-json\/wp\/v2\/product"}],"about":[{"href":"https:\/\/distributioneverflow.com\/fr\/wp-json\/wp\/v2\/types\/product"}],"version-history":[{"count":0,"href":"https:\/\/distributioneverflow.com\/fr\/wp-json\/wp\/v2\/product\/10650\/revisions"}],"wp:featuredmedia":[{"embeddable":true,"href":"https:\/\/distributioneverflow.com\/fr\/wp-json\/wp\/v2\/media\/10114"}],"wp:attachment":[{"href":"https:\/\/distributioneverflow.com\/fr\/wp-json\/wp\/v2\/media?parent=10650"}],"wp:term":[{"taxonomy":"product_brand","embeddable":true,"href":"https:\/\/distributioneverflow.com\/fr\/wp-json\/wp\/v2\/product_brand?post=10650"},{"taxonomy":"product_cat","embeddable":true,"href":"https:\/\/distributioneverflow.com\/fr\/wp-json\/wp\/v2\/product_cat?post=10650"},{"taxonomy":"product_tag","embeddable":true,"href":"https:\/\/distributioneverflow.com\/fr\/wp-json\/wp\/v2\/product_tag?post=10650"}],"curies":[{"name":"wp","href":"https:\/\/api.w.org\/{rel}","templated":true}]}}