{"id":10664,"date":"2025-06-11T14:26:44","date_gmt":"2025-06-11T14:26:44","guid":{"rendered":"https:\/\/distributioneverflow.com\/product\/mousse-haute-densite-paquet-de-10-6\/"},"modified":"2025-06-11T14:26:44","modified_gmt":"2025-06-11T14:26:44","slug":"mousse-haute-densite-paquet-de-10-6","status":"publish","type":"product","link":"https:\/\/distributioneverflow.com\/fr\/produit\/mousse-haute-densite-paquet-de-10-6\/","title":{"rendered":"Mousse haute densit\u00e9 paquet de 10 (6&Prime;)"},"content":{"rendered":"<p>Ce paquet de 10 rouleaux en mousse haute densit\u00e9 de 6 pouces permet d&rsquo;obtenir une finition lisse et non pelucheuse sur les surfaces semi-lisses. Id\u00e9al pour les portes, les armoires, les garnitures et les espaces restreints. Compatible avec la plupart des peintures, teintures et finitions transparentes (\u00e0 l&rsquo;exception de la laque et de la gomme-laque). Parfait pour les travaux de pr\u00e9cision et les r\u00e9sultats professionnels.   <\/p>\n","protected":false},"excerpt":{"rendered":"<p>Ce paquet de 10 rouleaux en mousse haute densit\u00e9 de 6 pouces permet d&rsquo;obtenir une finition lisse et non pelucheuse sur les surfaces semi-lisses. Id\u00e9al pour les portes, les armoires, les garnitures et les espaces restreints. Compatible avec la plupart des peintures, teintures et finitions transparentes (\u00e0 l&rsquo;exception de la laque et de la gomme-laque). [&hellip;]<\/p>\n","protected":false},"featured_media":10032,"template":"","meta":{"inline_featured_image":false},"product_brand":[254],"product_cat":[228,235,241],"product_tag":[],"class_list":{"0":"post-10664","1":"product","2":"type-product","3":"status-publish","4":"has-post-thumbnail","6":"product_brand-nour-fr","7":"product_cat-accessoires","8":"product_cat-rouleaux","9":"product_cat-tous","11":"first","12":"instock","13":"taxable","14":"shipping-taxable","15":"purchasable","16":"product-type-simple"},"yoast_head":"<!-- This site is optimized with the Yoast SEO plugin v27.3 - https:\/\/yoast.com\/product\/yoast-seo-wordpress\/ -->\n<title>Mousse haute densit\u00e9 paquet de 10 (6&quot;) - Distribution Everflow.<\/title>\n<meta name=\"description\" content=\"Ce paquet de 10 rouleaux en mousse haute densit\u00e9 de 6 pouces permet d&#039;obtenir une finition lisse et non pelucheuse sur les surfaces semi-lisses.\" \/>\n<meta name=\"robots\" content=\"index, follow, max-snippet:-1, max-image-preview:large, max-video-preview:-1\" \/>\n<link rel=\"canonical\" href=\"https:\/\/distributioneverflow.com\/fr\/produit\/mousse-haute-densite-paquet-de-10-6\/\" \/>\n<meta property=\"og:locale\" content=\"fr_FR\" \/>\n<meta property=\"og:type\" content=\"article\" \/>\n<meta property=\"og:title\" content=\"Mousse haute densit\u00e9 paquet de 10 (6&quot;) - Distribution Everflow.\" \/>\n<meta property=\"og:description\" content=\"Ce paquet de 10 rouleaux en mousse haute densit\u00e9 de 6 pouces permet d&#039;obtenir une finition lisse et non pelucheuse sur les surfaces semi-lisses.\" \/>\n<meta property=\"og:url\" content=\"https:\/\/distributioneverflow.com\/fr\/produit\/mousse-haute-densite-paquet-de-10-6\/\" \/>\n<meta property=\"og:site_name\" content=\"Distribution Everflow\" \/>\n<meta property=\"article:publisher\" content=\"https:\/\/www.facebook.com\/DistributionEVERFLOW\" \/>\n<meta property=\"og:image\" content=\"https:\/\/distributioneverflow.com\/wp-content\/uploads\/2025\/06\/img_1864_360_360.jpg\" \/>\n\t<meta property=\"og:image:width\" content=\"360\" \/>\n\t<meta property=\"og:image:height\" content=\"360\" \/>\n\t<meta property=\"og:image:type\" content=\"image\/jpeg\" \/>\n<meta name=\"twitter:card\" content=\"summary_large_image\" \/>\n<script type=\"application\/ld+json\" class=\"yoast-schema-graph\">{\"@context\":\"https:\\\/\\\/schema.org\",\"@graph\":[{\"@type\":\"WebPage\",\"@id\":\"https:\\\/\\\/distributioneverflow.com\\\/fr\\\/produit\\\/mousse-haute-densite-paquet-de-10-6\\\/\",\"url\":\"https:\\\/\\\/distributioneverflow.com\\\/fr\\\/produit\\\/mousse-haute-densite-paquet-de-10-6\\\/\",\"name\":\"Mousse haute densit\u00e9 paquet de 10 (6\\\") - Distribution Everflow.\",\"isPartOf\":{\"@id\":\"https:\\\/\\\/distributioneverflow.com\\\/fr\\\/#website\"},\"primaryImageOfPage\":{\"@id\":\"https:\\\/\\\/distributioneverflow.com\\\/fr\\\/produit\\\/mousse-haute-densite-paquet-de-10-6\\\/#primaryimage\"},\"image\":{\"@id\":\"https:\\\/\\\/distributioneverflow.com\\\/fr\\\/produit\\\/mousse-haute-densite-paquet-de-10-6\\\/#primaryimage\"},\"thumbnailUrl\":\"https:\\\/\\\/distributioneverflow.com\\\/wp-content\\\/uploads\\\/2025\\\/06\\\/img_1864_360_360.jpg\",\"datePublished\":\"2025-06-11T14:26:44+00:00\",\"description\":\"Ce paquet de 10 rouleaux en mousse haute densit\u00e9 de 6 pouces permet d'obtenir une finition lisse et non pelucheuse sur les surfaces semi-lisses.\",\"breadcrumb\":{\"@id\":\"https:\\\/\\\/distributioneverflow.com\\\/fr\\\/produit\\\/mousse-haute-densite-paquet-de-10-6\\\/#breadcrumb\"},\"inLanguage\":\"fr-FR\",\"potentialAction\":[{\"@type\":\"ReadAction\",\"target\":[\"https:\\\/\\\/distributioneverflow.com\\\/fr\\\/produit\\\/mousse-haute-densite-paquet-de-10-6\\\/\"]}]},{\"@type\":\"ImageObject\",\"inLanguage\":\"fr-FR\",\"@id\":\"https:\\\/\\\/distributioneverflow.com\\\/fr\\\/produit\\\/mousse-haute-densite-paquet-de-10-6\\\/#primaryimage\",\"url\":\"https:\\\/\\\/distributioneverflow.com\\\/wp-content\\\/uploads\\\/2025\\\/06\\\/img_1864_360_360.jpg\",\"contentUrl\":\"https:\\\/\\\/distributioneverflow.com\\\/wp-content\\\/uploads\\\/2025\\\/06\\\/img_1864_360_360.jpg\",\"width\":360,\"height\":360},{\"@type\":\"BreadcrumbList\",\"@id\":\"https:\\\/\\\/distributioneverflow.com\\\/fr\\\/produit\\\/mousse-haute-densite-paquet-de-10-6\\\/#breadcrumb\",\"itemListElement\":[{\"@type\":\"ListItem\",\"position\":1,\"name\":\"Accueil\",\"item\":\"https:\\\/\\\/distributioneverflow.com\\\/fr\\\/accueil\\\/\"},{\"@type\":\"ListItem\",\"position\":2,\"name\":\"Boutique\",\"item\":\"https:\\\/\\\/distributioneverflow.com\\\/fr\\\/boutique\\\/\"},{\"@type\":\"ListItem\",\"position\":3,\"name\":\"Mousse haute densit\u00e9 paquet de 10 (6&Prime;)\"}]},{\"@type\":\"WebSite\",\"@id\":\"https:\\\/\\\/distributioneverflow.com\\\/fr\\\/#website\",\"url\":\"https:\\\/\\\/distributioneverflow.com\\\/fr\\\/\",\"name\":\"Everflow distribution\",\"description\":\"\",\"publisher\":{\"@id\":\"https:\\\/\\\/distributioneverflow.com\\\/fr\\\/#organization\"},\"potentialAction\":[{\"@type\":\"SearchAction\",\"target\":{\"@type\":\"EntryPoint\",\"urlTemplate\":\"https:\\\/\\\/distributioneverflow.com\\\/fr\\\/?s={search_term_string}\"},\"query-input\":{\"@type\":\"PropertyValueSpecification\",\"valueRequired\":true,\"valueName\":\"search_term_string\"}}],\"inLanguage\":\"fr-FR\"},{\"@type\":\"Organization\",\"@id\":\"https:\\\/\\\/distributioneverflow.com\\\/fr\\\/#organization\",\"name\":\"Distribution Everflow\",\"url\":\"https:\\\/\\\/distributioneverflow.com\\\/fr\\\/\",\"logo\":{\"@type\":\"ImageObject\",\"inLanguage\":\"fr-FR\",\"@id\":\"https:\\\/\\\/distributioneverflow.com\\\/fr\\\/#\\\/schema\\\/logo\\\/image\\\/\",\"url\":\"https:\\\/\\\/distributioneverflow.com\\\/wp-content\\\/uploads\\\/2021\\\/11\\\/cropped-Everflow_Distrib_Horiz_WhiteBackground.png\",\"contentUrl\":\"https:\\\/\\\/distributioneverflow.com\\\/wp-content\\\/uploads\\\/2021\\\/11\\\/cropped-Everflow_Distrib_Horiz_WhiteBackground.png\",\"width\":900,\"height\":204,\"caption\":\"Distribution Everflow\"},\"image\":{\"@id\":\"https:\\\/\\\/distributioneverflow.com\\\/fr\\\/#\\\/schema\\\/logo\\\/image\\\/\"},\"sameAs\":[\"https:\\\/\\\/www.facebook.com\\\/DistributionEVERFLOW\",\"https:\\\/\\\/www.instagram.com\\\/distribution_everflow\\\/\"]}]}<\/script>\n<!-- \/ Yoast SEO plugin. -->","yoast_head_json":{"title":"Mousse haute densit\u00e9 paquet de 10 (6\") - Distribution Everflow.","description":"Ce paquet de 10 rouleaux en mousse haute densit\u00e9 de 6 pouces permet d'obtenir une finition lisse et non pelucheuse sur les surfaces semi-lisses.","robots":{"index":"index","follow":"follow","max-snippet":"max-snippet:-1","max-image-preview":"max-image-preview:large","max-video-preview":"max-video-preview:-1"},"canonical":"https:\/\/distributioneverflow.com\/fr\/produit\/mousse-haute-densite-paquet-de-10-6\/","og_locale":"fr_FR","og_type":"article","og_title":"Mousse haute densit\u00e9 paquet de 10 (6\") - Distribution Everflow.","og_description":"Ce paquet de 10 rouleaux en mousse haute densit\u00e9 de 6 pouces permet d'obtenir une finition lisse et non pelucheuse sur les surfaces semi-lisses.","og_url":"https:\/\/distributioneverflow.com\/fr\/produit\/mousse-haute-densite-paquet-de-10-6\/","og_site_name":"Distribution Everflow","article_publisher":"https:\/\/www.facebook.com\/DistributionEVERFLOW","og_image":[{"width":360,"height":360,"url":"https:\/\/distributioneverflow.com\/wp-content\/uploads\/2025\/06\/img_1864_360_360.jpg","type":"image\/jpeg"}],"twitter_card":"summary_large_image","schema":{"@context":"https:\/\/schema.org","@graph":[{"@type":"WebPage","@id":"https:\/\/distributioneverflow.com\/fr\/produit\/mousse-haute-densite-paquet-de-10-6\/","url":"https:\/\/distributioneverflow.com\/fr\/produit\/mousse-haute-densite-paquet-de-10-6\/","name":"Mousse haute densit\u00e9 paquet de 10 (6\") - Distribution Everflow.","isPartOf":{"@id":"https:\/\/distributioneverflow.com\/fr\/#website"},"primaryImageOfPage":{"@id":"https:\/\/distributioneverflow.com\/fr\/produit\/mousse-haute-densite-paquet-de-10-6\/#primaryimage"},"image":{"@id":"https:\/\/distributioneverflow.com\/fr\/produit\/mousse-haute-densite-paquet-de-10-6\/#primaryimage"},"thumbnailUrl":"https:\/\/distributioneverflow.com\/wp-content\/uploads\/2025\/06\/img_1864_360_360.jpg","datePublished":"2025-06-11T14:26:44+00:00","description":"Ce paquet de 10 rouleaux en mousse haute densit\u00e9 de 6 pouces permet d'obtenir une finition lisse et non pelucheuse sur les surfaces semi-lisses.","breadcrumb":{"@id":"https:\/\/distributioneverflow.com\/fr\/produit\/mousse-haute-densite-paquet-de-10-6\/#breadcrumb"},"inLanguage":"fr-FR","potentialAction":[{"@type":"ReadAction","target":["https:\/\/distributioneverflow.com\/fr\/produit\/mousse-haute-densite-paquet-de-10-6\/"]}]},{"@type":"ImageObject","inLanguage":"fr-FR","@id":"https:\/\/distributioneverflow.com\/fr\/produit\/mousse-haute-densite-paquet-de-10-6\/#primaryimage","url":"https:\/\/distributioneverflow.com\/wp-content\/uploads\/2025\/06\/img_1864_360_360.jpg","contentUrl":"https:\/\/distributioneverflow.com\/wp-content\/uploads\/2025\/06\/img_1864_360_360.jpg","width":360,"height":360},{"@type":"BreadcrumbList","@id":"https:\/\/distributioneverflow.com\/fr\/produit\/mousse-haute-densite-paquet-de-10-6\/#breadcrumb","itemListElement":[{"@type":"ListItem","position":1,"name":"Accueil","item":"https:\/\/distributioneverflow.com\/fr\/accueil\/"},{"@type":"ListItem","position":2,"name":"Boutique","item":"https:\/\/distributioneverflow.com\/fr\/boutique\/"},{"@type":"ListItem","position":3,"name":"Mousse haute densit\u00e9 paquet de 10 (6&Prime;)"}]},{"@type":"WebSite","@id":"https:\/\/distributioneverflow.com\/fr\/#website","url":"https:\/\/distributioneverflow.com\/fr\/","name":"Everflow distribution","description":"","publisher":{"@id":"https:\/\/distributioneverflow.com\/fr\/#organization"},"potentialAction":[{"@type":"SearchAction","target":{"@type":"EntryPoint","urlTemplate":"https:\/\/distributioneverflow.com\/fr\/?s={search_term_string}"},"query-input":{"@type":"PropertyValueSpecification","valueRequired":true,"valueName":"search_term_string"}}],"inLanguage":"fr-FR"},{"@type":"Organization","@id":"https:\/\/distributioneverflow.com\/fr\/#organization","name":"Distribution Everflow","url":"https:\/\/distributioneverflow.com\/fr\/","logo":{"@type":"ImageObject","inLanguage":"fr-FR","@id":"https:\/\/distributioneverflow.com\/fr\/#\/schema\/logo\/image\/","url":"https:\/\/distributioneverflow.com\/wp-content\/uploads\/2021\/11\/cropped-Everflow_Distrib_Horiz_WhiteBackground.png","contentUrl":"https:\/\/distributioneverflow.com\/wp-content\/uploads\/2021\/11\/cropped-Everflow_Distrib_Horiz_WhiteBackground.png","width":900,"height":204,"caption":"Distribution Everflow"},"image":{"@id":"https:\/\/distributioneverflow.com\/fr\/#\/schema\/logo\/image\/"},"sameAs":["https:\/\/www.facebook.com\/DistributionEVERFLOW","https:\/\/www.instagram.com\/distribution_everflow\/"]}]}},"_links":{"self":[{"href":"https:\/\/distributioneverflow.com\/fr\/wp-json\/wp\/v2\/product\/10664","targetHints":{"allow":["GET"]}}],"collection":[{"href":"https:\/\/distributioneverflow.com\/fr\/wp-json\/wp\/v2\/product"}],"about":[{"href":"https:\/\/distributioneverflow.com\/fr\/wp-json\/wp\/v2\/types\/product"}],"version-history":[{"count":0,"href":"https:\/\/distributioneverflow.com\/fr\/wp-json\/wp\/v2\/product\/10664\/revisions"}],"wp:featuredmedia":[{"embeddable":true,"href":"https:\/\/distributioneverflow.com\/fr\/wp-json\/wp\/v2\/media\/10032"}],"wp:attachment":[{"href":"https:\/\/distributioneverflow.com\/fr\/wp-json\/wp\/v2\/media?parent=10664"}],"wp:term":[{"taxonomy":"product_brand","embeddable":true,"href":"https:\/\/distributioneverflow.com\/fr\/wp-json\/wp\/v2\/product_brand?post=10664"},{"taxonomy":"product_cat","embeddable":true,"href":"https:\/\/distributioneverflow.com\/fr\/wp-json\/wp\/v2\/product_cat?post=10664"},{"taxonomy":"product_tag","embeddable":true,"href":"https:\/\/distributioneverflow.com\/fr\/wp-json\/wp\/v2\/product_tag?post=10664"}],"curies":[{"name":"wp","href":"https:\/\/api.w.org\/{rel}","templated":true}]}}