{"id":10691,"date":"2025-06-05T17:07:08","date_gmt":"2025-06-05T17:07:08","guid":{"rendered":"https:\/\/distributioneverflow.com\/product\/flocons-outback-1-4-40lbs\/"},"modified":"2026-02-09T14:09:38","modified_gmt":"2026-02-09T14:09:38","slug":"flocons-outback-1-4-40lbs","status":"publish","type":"product","link":"https:\/\/distributioneverflow.com\/fr\/produit\/flocons-outback-1-4-40lbs\/","title":{"rendered":"Flakes Outback (1\/4) 40lbs"},"content":{"rendered":"<p>Outback (FB-517) est un m\u00e9lange d\u00e9coratif audacieux et dynamique con\u00e7u pour diverses applications de rev\u00eatement de sol. Ce m\u00e9lange captivant pr\u00e9sente une riche combinaison de teintes brunes, noires, blanches et orange vibrant, cr\u00e9ant une atmosph\u00e8re saisissante et \u00e9nergique dans n&rsquo;importe quel espace. Id\u00e9al pour les environnements commerciaux et r\u00e9sidentiels, FB-517 Outback insuffle un sentiment d&rsquo;aventure et de chaleur, ce qui en fait un choix parfait pour les espaces qui recherchent une touche d&rsquo;audace et de cr\u00e9ativit\u00e9.  <\/p>\n<p><iframe title=\"FLAKE Installation Overview\" width=\"800\" height=\"450\" src=\"https:\/\/www.youtube.com\/embed\/klyhA8fNjk8?feature=oembed\" frameborder=\"0\" allow=\"accelerometer; autoplay; clipboard-write; encrypted-media; gyroscope; picture-in-picture; web-share\" referrerpolicy=\"strict-origin-when-cross-origin\" allowfullscreen><\/iframe><\/p>\n","protected":false},"excerpt":{"rendered":"<p style=\"text-align: center;\"><strong>DISPONIBLE EN MAGASIN  <\/strong><\/p>\n<p>Le POLYMER FLAKE est un \u00e9l\u00e9ment d\u00e9coratif qui peut \u00eatre utilis\u00e9 pour am\u00e9liorer une vari\u00e9t\u00e9 de syst\u00e8mes de rev\u00eatement. Il am\u00e9liore la durabilit\u00e9, la texture et les qualit\u00e9s esth\u00e9tiques des surfaces lorsqu&rsquo;il est utilis\u00e9 avec un syst\u00e8me de rev\u00eatement. Pour plus d&rsquo;informations sur l&rsquo;utilisation de FLAKE et des informations techniques, consultez notre documentation produit.  <\/p>\n","protected":false},"featured_media":9705,"template":"","meta":{"inline_featured_image":false},"product_brand":[286],"product_cat":[265,264,241],"product_tag":[],"class_list":{"0":"post-10691","1":"product","2":"type-product","3":"status-publish","4":"has-post-thumbnail","6":"product_brand-torginol-fr-2","7":"product_cat-flocons","8":"product_cat-flocons-quartz","9":"product_cat-tous","11":"first","12":"instock","13":"taxable","14":"shipping-taxable","15":"product-type-simple"},"yoast_head":"<!-- This site is optimized with the Yoast SEO plugin v27.5 - https:\/\/yoast.com\/product\/yoast-seo-wordpress\/ -->\n<title>Flakes Outback (1\/4) 40lbs - Distribution Everflow.<\/title>\n<meta name=\"description\" content=\"Outback (FB-517) est un m\u00e9lange d\u00e9coratif audacieux et dynamique con\u00e7u pour diverses applications de rev\u00eatement de sol.\" \/>\n<meta name=\"robots\" content=\"index, follow, max-snippet:-1, max-image-preview:large, max-video-preview:-1\" \/>\n<link rel=\"canonical\" href=\"https:\/\/distributioneverflow.com\/fr\/produit\/flocons-outback-1-4-40lbs\/\" \/>\n<meta property=\"og:locale\" content=\"fr_FR\" \/>\n<meta property=\"og:type\" content=\"article\" \/>\n<meta property=\"og:title\" content=\"Flakes Outback (1\/4) 40lbs - Distribution Everflow.\" \/>\n<meta property=\"og:description\" content=\"Outback (FB-517) est un m\u00e9lange d\u00e9coratif audacieux et dynamique con\u00e7u pour diverses applications de rev\u00eatement de sol.\" \/>\n<meta property=\"og:url\" content=\"https:\/\/distributioneverflow.com\/fr\/produit\/flocons-outback-1-4-40lbs\/\" \/>\n<meta property=\"og:site_name\" content=\"Distribution Everflow\" \/>\n<meta property=\"article:publisher\" content=\"https:\/\/www.facebook.com\/DistributionEVERFLOW\" \/>\n<meta property=\"article:modified_time\" content=\"2026-02-09T14:09:38+00:00\" \/>\n<meta name=\"twitter:card\" content=\"summary_large_image\" \/>\n<script type=\"application\/ld+json\" class=\"yoast-schema-graph\">{\"@context\":\"https:\\\/\\\/schema.org\",\"@graph\":[{\"@type\":\"WebPage\",\"@id\":\"https:\\\/\\\/distributioneverflow.com\\\/fr\\\/produit\\\/flocons-outback-1-4-40lbs\\\/\",\"url\":\"https:\\\/\\\/distributioneverflow.com\\\/fr\\\/produit\\\/flocons-outback-1-4-40lbs\\\/\",\"name\":\"Flakes Outback (1\\\/4) 40lbs - Distribution Everflow.\",\"isPartOf\":{\"@id\":\"https:\\\/\\\/distributioneverflow.com\\\/fr\\\/#website\"},\"primaryImageOfPage\":{\"@id\":\"https:\\\/\\\/distributioneverflow.com\\\/fr\\\/produit\\\/flocons-outback-1-4-40lbs\\\/#primaryimage\"},\"image\":{\"@id\":\"https:\\\/\\\/distributioneverflow.com\\\/fr\\\/produit\\\/flocons-outback-1-4-40lbs\\\/#primaryimage\"},\"thumbnailUrl\":\"https:\\\/\\\/distributioneverflow.com\\\/wp-content\\\/uploads\\\/2025\\\/06\\\/FB-517_OUTBACK_PILE-1.avif\",\"datePublished\":\"2025-06-05T17:07:08+00:00\",\"dateModified\":\"2026-02-09T14:09:38+00:00\",\"description\":\"Outback (FB-517) est un m\u00e9lange d\u00e9coratif audacieux et dynamique con\u00e7u pour diverses applications de rev\u00eatement de sol.\",\"breadcrumb\":{\"@id\":\"https:\\\/\\\/distributioneverflow.com\\\/fr\\\/produit\\\/flocons-outback-1-4-40lbs\\\/#breadcrumb\"},\"inLanguage\":\"fr-FR\",\"potentialAction\":[{\"@type\":\"ReadAction\",\"target\":[\"https:\\\/\\\/distributioneverflow.com\\\/fr\\\/produit\\\/flocons-outback-1-4-40lbs\\\/\"]}]},{\"@type\":\"ImageObject\",\"inLanguage\":\"fr-FR\",\"@id\":\"https:\\\/\\\/distributioneverflow.com\\\/fr\\\/produit\\\/flocons-outback-1-4-40lbs\\\/#primaryimage\",\"url\":\"https:\\\/\\\/distributioneverflow.com\\\/wp-content\\\/uploads\\\/2025\\\/06\\\/FB-517_OUTBACK_PILE-1.avif\",\"contentUrl\":\"https:\\\/\\\/distributioneverflow.com\\\/wp-content\\\/uploads\\\/2025\\\/06\\\/FB-517_OUTBACK_PILE-1.avif\",\"width\":960,\"height\":960},{\"@type\":\"BreadcrumbList\",\"@id\":\"https:\\\/\\\/distributioneverflow.com\\\/fr\\\/produit\\\/flocons-outback-1-4-40lbs\\\/#breadcrumb\",\"itemListElement\":[{\"@type\":\"ListItem\",\"position\":1,\"name\":\"Accueil\",\"item\":\"https:\\\/\\\/distributioneverflow.com\\\/fr\\\/\"},{\"@type\":\"ListItem\",\"position\":2,\"name\":\"Boutique\",\"item\":\"https:\\\/\\\/distributioneverflow.com\\\/fr\\\/boutique\\\/\"},{\"@type\":\"ListItem\",\"position\":3,\"name\":\"Flakes Outback (1\\\/4) 40lbs\"}]},{\"@type\":\"WebSite\",\"@id\":\"https:\\\/\\\/distributioneverflow.com\\\/fr\\\/#website\",\"url\":\"https:\\\/\\\/distributioneverflow.com\\\/fr\\\/\",\"name\":\"Everflow distribution\",\"description\":\"\",\"publisher\":{\"@id\":\"https:\\\/\\\/distributioneverflow.com\\\/fr\\\/#organization\"},\"potentialAction\":[{\"@type\":\"SearchAction\",\"target\":{\"@type\":\"EntryPoint\",\"urlTemplate\":\"https:\\\/\\\/distributioneverflow.com\\\/fr\\\/?s={search_term_string}\"},\"query-input\":{\"@type\":\"PropertyValueSpecification\",\"valueRequired\":true,\"valueName\":\"search_term_string\"}}],\"inLanguage\":\"fr-FR\"},{\"@type\":\"Organization\",\"@id\":\"https:\\\/\\\/distributioneverflow.com\\\/fr\\\/#organization\",\"name\":\"Distribution Everflow\",\"url\":\"https:\\\/\\\/distributioneverflow.com\\\/fr\\\/\",\"logo\":{\"@type\":\"ImageObject\",\"inLanguage\":\"fr-FR\",\"@id\":\"https:\\\/\\\/distributioneverflow.com\\\/fr\\\/#\\\/schema\\\/logo\\\/image\\\/\",\"url\":\"https:\\\/\\\/distributioneverflow.com\\\/wp-content\\\/uploads\\\/2021\\\/11\\\/cropped-Everflow_Distrib_Horiz_WhiteBackground.png\",\"contentUrl\":\"https:\\\/\\\/distributioneverflow.com\\\/wp-content\\\/uploads\\\/2021\\\/11\\\/cropped-Everflow_Distrib_Horiz_WhiteBackground.png\",\"width\":900,\"height\":204,\"caption\":\"Distribution Everflow\"},\"image\":{\"@id\":\"https:\\\/\\\/distributioneverflow.com\\\/fr\\\/#\\\/schema\\\/logo\\\/image\\\/\"},\"sameAs\":[\"https:\\\/\\\/www.facebook.com\\\/DistributionEVERFLOW\",\"https:\\\/\\\/www.instagram.com\\\/distribution_everflow\\\/\"]}]}<\/script>\n<!-- \/ Yoast SEO plugin. -->","yoast_head_json":{"title":"Flakes Outback (1\/4) 40lbs - Distribution Everflow.","description":"Outback (FB-517) est un m\u00e9lange d\u00e9coratif audacieux et dynamique con\u00e7u pour diverses applications de rev\u00eatement de sol.","robots":{"index":"index","follow":"follow","max-snippet":"max-snippet:-1","max-image-preview":"max-image-preview:large","max-video-preview":"max-video-preview:-1"},"canonical":"https:\/\/distributioneverflow.com\/fr\/produit\/flocons-outback-1-4-40lbs\/","og_locale":"fr_FR","og_type":"article","og_title":"Flakes Outback (1\/4) 40lbs - Distribution Everflow.","og_description":"Outback (FB-517) est un m\u00e9lange d\u00e9coratif audacieux et dynamique con\u00e7u pour diverses applications de rev\u00eatement de sol.","og_url":"https:\/\/distributioneverflow.com\/fr\/produit\/flocons-outback-1-4-40lbs\/","og_site_name":"Distribution Everflow","article_publisher":"https:\/\/www.facebook.com\/DistributionEVERFLOW","article_modified_time":"2026-02-09T14:09:38+00:00","twitter_card":"summary_large_image","schema":{"@context":"https:\/\/schema.org","@graph":[{"@type":"WebPage","@id":"https:\/\/distributioneverflow.com\/fr\/produit\/flocons-outback-1-4-40lbs\/","url":"https:\/\/distributioneverflow.com\/fr\/produit\/flocons-outback-1-4-40lbs\/","name":"Flakes Outback (1\/4) 40lbs - Distribution Everflow.","isPartOf":{"@id":"https:\/\/distributioneverflow.com\/fr\/#website"},"primaryImageOfPage":{"@id":"https:\/\/distributioneverflow.com\/fr\/produit\/flocons-outback-1-4-40lbs\/#primaryimage"},"image":{"@id":"https:\/\/distributioneverflow.com\/fr\/produit\/flocons-outback-1-4-40lbs\/#primaryimage"},"thumbnailUrl":"https:\/\/distributioneverflow.com\/wp-content\/uploads\/2025\/06\/FB-517_OUTBACK_PILE-1.avif","datePublished":"2025-06-05T17:07:08+00:00","dateModified":"2026-02-09T14:09:38+00:00","description":"Outback (FB-517) est un m\u00e9lange d\u00e9coratif audacieux et dynamique con\u00e7u pour diverses applications de rev\u00eatement de sol.","breadcrumb":{"@id":"https:\/\/distributioneverflow.com\/fr\/produit\/flocons-outback-1-4-40lbs\/#breadcrumb"},"inLanguage":"fr-FR","potentialAction":[{"@type":"ReadAction","target":["https:\/\/distributioneverflow.com\/fr\/produit\/flocons-outback-1-4-40lbs\/"]}]},{"@type":"ImageObject","inLanguage":"fr-FR","@id":"https:\/\/distributioneverflow.com\/fr\/produit\/flocons-outback-1-4-40lbs\/#primaryimage","url":"https:\/\/distributioneverflow.com\/wp-content\/uploads\/2025\/06\/FB-517_OUTBACK_PILE-1.avif","contentUrl":"https:\/\/distributioneverflow.com\/wp-content\/uploads\/2025\/06\/FB-517_OUTBACK_PILE-1.avif","width":960,"height":960},{"@type":"BreadcrumbList","@id":"https:\/\/distributioneverflow.com\/fr\/produit\/flocons-outback-1-4-40lbs\/#breadcrumb","itemListElement":[{"@type":"ListItem","position":1,"name":"Accueil","item":"https:\/\/distributioneverflow.com\/fr\/"},{"@type":"ListItem","position":2,"name":"Boutique","item":"https:\/\/distributioneverflow.com\/fr\/boutique\/"},{"@type":"ListItem","position":3,"name":"Flakes Outback (1\/4) 40lbs"}]},{"@type":"WebSite","@id":"https:\/\/distributioneverflow.com\/fr\/#website","url":"https:\/\/distributioneverflow.com\/fr\/","name":"Everflow distribution","description":"","publisher":{"@id":"https:\/\/distributioneverflow.com\/fr\/#organization"},"potentialAction":[{"@type":"SearchAction","target":{"@type":"EntryPoint","urlTemplate":"https:\/\/distributioneverflow.com\/fr\/?s={search_term_string}"},"query-input":{"@type":"PropertyValueSpecification","valueRequired":true,"valueName":"search_term_string"}}],"inLanguage":"fr-FR"},{"@type":"Organization","@id":"https:\/\/distributioneverflow.com\/fr\/#organization","name":"Distribution Everflow","url":"https:\/\/distributioneverflow.com\/fr\/","logo":{"@type":"ImageObject","inLanguage":"fr-FR","@id":"https:\/\/distributioneverflow.com\/fr\/#\/schema\/logo\/image\/","url":"https:\/\/distributioneverflow.com\/wp-content\/uploads\/2021\/11\/cropped-Everflow_Distrib_Horiz_WhiteBackground.png","contentUrl":"https:\/\/distributioneverflow.com\/wp-content\/uploads\/2021\/11\/cropped-Everflow_Distrib_Horiz_WhiteBackground.png","width":900,"height":204,"caption":"Distribution Everflow"},"image":{"@id":"https:\/\/distributioneverflow.com\/fr\/#\/schema\/logo\/image\/"},"sameAs":["https:\/\/www.facebook.com\/DistributionEVERFLOW","https:\/\/www.instagram.com\/distribution_everflow\/"]}]}},"_links":{"self":[{"href":"https:\/\/distributioneverflow.com\/fr\/wp-json\/wp\/v2\/product\/10691","targetHints":{"allow":["GET"]}}],"collection":[{"href":"https:\/\/distributioneverflow.com\/fr\/wp-json\/wp\/v2\/product"}],"about":[{"href":"https:\/\/distributioneverflow.com\/fr\/wp-json\/wp\/v2\/types\/product"}],"version-history":[{"count":1,"href":"https:\/\/distributioneverflow.com\/fr\/wp-json\/wp\/v2\/product\/10691\/revisions"}],"predecessor-version":[{"id":12667,"href":"https:\/\/distributioneverflow.com\/fr\/wp-json\/wp\/v2\/product\/10691\/revisions\/12667"}],"wp:featuredmedia":[{"embeddable":true,"href":"https:\/\/distributioneverflow.com\/fr\/wp-json\/wp\/v2\/media\/9705"}],"wp:attachment":[{"href":"https:\/\/distributioneverflow.com\/fr\/wp-json\/wp\/v2\/media?parent=10691"}],"wp:term":[{"taxonomy":"product_brand","embeddable":true,"href":"https:\/\/distributioneverflow.com\/fr\/wp-json\/wp\/v2\/product_brand?post=10691"},{"taxonomy":"product_cat","embeddable":true,"href":"https:\/\/distributioneverflow.com\/fr\/wp-json\/wp\/v2\/product_cat?post=10691"},{"taxonomy":"product_tag","embeddable":true,"href":"https:\/\/distributioneverflow.com\/fr\/wp-json\/wp\/v2\/product_tag?post=10691"}],"curies":[{"name":"wp","href":"https:\/\/api.w.org\/{rel}","templated":true}]}}