{"id":10703,"date":"2025-06-04T20:57:57","date_gmt":"2025-06-04T20:57:57","guid":{"rendered":"https:\/\/distributioneverflow.com\/product\/quartz-solstice-50lbs\/"},"modified":"2026-02-09T16:56:26","modified_gmt":"2026-02-09T16:56:26","slug":"quartz-solstice-50lbs","status":"publish","type":"product","link":"https:\/\/distributioneverflow.com\/fr\/produit\/quartz-solstice-50lbs\/","title":{"rendered":"Quartz Solstice 50lbs"},"content":{"rendered":"<p>Solstice (QB-1003) est une fusion de couleurs de quartz recouvertes de r\u00e9sine. Ce m\u00e9lange l\u00e9ger, qui fait partie de la collection cool, pr\u00e9sente des nuances apaisantes de gris clair et de quartz blanc. Con\u00e7u pour les environnements industriels et commerciaux, Solstice offre \u00e0 la fois durabilit\u00e9 et sophistication. Le summum de la forme et de la fonction, cette solution de rev\u00eatement de sol red\u00e9finit \u00e9l\u00e9gamment les surfaces de haute performance.<\/p>\n","protected":false},"excerpt":{"rendered":"<p style=\"text-align: center;\"><strong>DISPONIBLE EN MAGASIN<\/strong><\/p>\n<p style=\"text-align: left;\">RESIN QUARTZ est un \u00e9l\u00e9ment d\u00e9coratif qui peut \u00eatre utilis\u00e9 pour am\u00e9liorer une vari\u00e9t\u00e9 de syst\u00e8mes de rev\u00eatement. Il am\u00e9liore la durabilit\u00e9, la texture et les qualit\u00e9s esth\u00e9tiques des surfaces lorsqu&rsquo;il est utilis\u00e9 avec un syst\u00e8me de rev\u00eatement. Pour plus d&rsquo;informations sur l&rsquo;utilisation de QUARTZ et des informations techniques, consultez notre documentation sur les produits.<\/p>\n","protected":false},"featured_media":9624,"template":"","meta":{"inline_featured_image":false},"product_brand":[286],"product_cat":[264,266,241],"product_tag":[],"class_list":{"0":"post-10703","1":"product","2":"type-product","3":"status-publish","4":"has-post-thumbnail","6":"product_brand-torginol-fr-2","7":"product_cat-flocons-quartz","8":"product_cat-quartz-fr","9":"product_cat-tous","11":"first","12":"instock","13":"taxable","14":"shipping-taxable","15":"product-type-simple"},"yoast_head":"<!-- This site is optimized with the Yoast SEO plugin v27.5 - https:\/\/yoast.com\/product\/yoast-seo-wordpress\/ -->\n<title>Quartz Solstice 50lbs - Distribution Everflow.<\/title>\n<meta name=\"description\" content=\"Ce m\u00e9lange l\u00e9ger, qui fait partie de la collection cool, pr\u00e9sente des nuances apaisantes de gris clair et de quartz blanc.\" \/>\n<meta name=\"robots\" content=\"index, follow, max-snippet:-1, max-image-preview:large, max-video-preview:-1\" \/>\n<link rel=\"canonical\" href=\"https:\/\/distributioneverflow.com\/fr\/produit\/quartz-solstice-50lbs\/\" \/>\n<meta property=\"og:locale\" content=\"fr_FR\" \/>\n<meta property=\"og:type\" content=\"article\" \/>\n<meta property=\"og:title\" content=\"Quartz Solstice 50lbs - Distribution Everflow.\" \/>\n<meta property=\"og:description\" content=\"Ce m\u00e9lange l\u00e9ger, qui fait partie de la collection cool, pr\u00e9sente des nuances apaisantes de gris clair et de quartz blanc.\" \/>\n<meta property=\"og:url\" content=\"https:\/\/distributioneverflow.com\/fr\/produit\/quartz-solstice-50lbs\/\" \/>\n<meta property=\"og:site_name\" content=\"Distribution Everflow\" \/>\n<meta property=\"article:publisher\" content=\"https:\/\/www.facebook.com\/DistributionEVERFLOW\" \/>\n<meta property=\"article:modified_time\" content=\"2026-02-09T16:56:26+00:00\" \/>\n<meta name=\"twitter:card\" content=\"summary_large_image\" \/>\n<script type=\"application\/ld+json\" class=\"yoast-schema-graph\">{\"@context\":\"https:\\\/\\\/schema.org\",\"@graph\":[{\"@type\":\"WebPage\",\"@id\":\"https:\\\/\\\/distributioneverflow.com\\\/fr\\\/produit\\\/quartz-solstice-50lbs\\\/\",\"url\":\"https:\\\/\\\/distributioneverflow.com\\\/fr\\\/produit\\\/quartz-solstice-50lbs\\\/\",\"name\":\"Quartz Solstice 50lbs - Distribution Everflow.\",\"isPartOf\":{\"@id\":\"https:\\\/\\\/distributioneverflow.com\\\/fr\\\/#website\"},\"primaryImageOfPage\":{\"@id\":\"https:\\\/\\\/distributioneverflow.com\\\/fr\\\/produit\\\/quartz-solstice-50lbs\\\/#primaryimage\"},\"image\":{\"@id\":\"https:\\\/\\\/distributioneverflow.com\\\/fr\\\/produit\\\/quartz-solstice-50lbs\\\/#primaryimage\"},\"thumbnailUrl\":\"https:\\\/\\\/distributioneverflow.com\\\/wp-content\\\/uploads\\\/2025\\\/06\\\/QB-1003_SOLSTICE_PILE.avif\",\"datePublished\":\"2025-06-04T20:57:57+00:00\",\"dateModified\":\"2026-02-09T16:56:26+00:00\",\"description\":\"Ce m\u00e9lange l\u00e9ger, qui fait partie de la collection cool, pr\u00e9sente des nuances apaisantes de gris clair et de quartz blanc.\",\"breadcrumb\":{\"@id\":\"https:\\\/\\\/distributioneverflow.com\\\/fr\\\/produit\\\/quartz-solstice-50lbs\\\/#breadcrumb\"},\"inLanguage\":\"fr-FR\",\"potentialAction\":[{\"@type\":\"ReadAction\",\"target\":[\"https:\\\/\\\/distributioneverflow.com\\\/fr\\\/produit\\\/quartz-solstice-50lbs\\\/\"]}]},{\"@type\":\"ImageObject\",\"inLanguage\":\"fr-FR\",\"@id\":\"https:\\\/\\\/distributioneverflow.com\\\/fr\\\/produit\\\/quartz-solstice-50lbs\\\/#primaryimage\",\"url\":\"https:\\\/\\\/distributioneverflow.com\\\/wp-content\\\/uploads\\\/2025\\\/06\\\/QB-1003_SOLSTICE_PILE.avif\",\"contentUrl\":\"https:\\\/\\\/distributioneverflow.com\\\/wp-content\\\/uploads\\\/2025\\\/06\\\/QB-1003_SOLSTICE_PILE.avif\",\"width\":959,\"height\":960},{\"@type\":\"BreadcrumbList\",\"@id\":\"https:\\\/\\\/distributioneverflow.com\\\/fr\\\/produit\\\/quartz-solstice-50lbs\\\/#breadcrumb\",\"itemListElement\":[{\"@type\":\"ListItem\",\"position\":1,\"name\":\"Accueil\",\"item\":\"https:\\\/\\\/distributioneverflow.com\\\/fr\\\/\"},{\"@type\":\"ListItem\",\"position\":2,\"name\":\"Boutique\",\"item\":\"https:\\\/\\\/distributioneverflow.com\\\/fr\\\/boutique\\\/\"},{\"@type\":\"ListItem\",\"position\":3,\"name\":\"Quartz Solstice 50lbs\"}]},{\"@type\":\"WebSite\",\"@id\":\"https:\\\/\\\/distributioneverflow.com\\\/fr\\\/#website\",\"url\":\"https:\\\/\\\/distributioneverflow.com\\\/fr\\\/\",\"name\":\"Everflow distribution\",\"description\":\"\",\"publisher\":{\"@id\":\"https:\\\/\\\/distributioneverflow.com\\\/fr\\\/#organization\"},\"potentialAction\":[{\"@type\":\"SearchAction\",\"target\":{\"@type\":\"EntryPoint\",\"urlTemplate\":\"https:\\\/\\\/distributioneverflow.com\\\/fr\\\/?s={search_term_string}\"},\"query-input\":{\"@type\":\"PropertyValueSpecification\",\"valueRequired\":true,\"valueName\":\"search_term_string\"}}],\"inLanguage\":\"fr-FR\"},{\"@type\":\"Organization\",\"@id\":\"https:\\\/\\\/distributioneverflow.com\\\/fr\\\/#organization\",\"name\":\"Distribution Everflow\",\"url\":\"https:\\\/\\\/distributioneverflow.com\\\/fr\\\/\",\"logo\":{\"@type\":\"ImageObject\",\"inLanguage\":\"fr-FR\",\"@id\":\"https:\\\/\\\/distributioneverflow.com\\\/fr\\\/#\\\/schema\\\/logo\\\/image\\\/\",\"url\":\"https:\\\/\\\/distributioneverflow.com\\\/wp-content\\\/uploads\\\/2021\\\/11\\\/cropped-Everflow_Distrib_Horiz_WhiteBackground.png\",\"contentUrl\":\"https:\\\/\\\/distributioneverflow.com\\\/wp-content\\\/uploads\\\/2021\\\/11\\\/cropped-Everflow_Distrib_Horiz_WhiteBackground.png\",\"width\":900,\"height\":204,\"caption\":\"Distribution Everflow\"},\"image\":{\"@id\":\"https:\\\/\\\/distributioneverflow.com\\\/fr\\\/#\\\/schema\\\/logo\\\/image\\\/\"},\"sameAs\":[\"https:\\\/\\\/www.facebook.com\\\/DistributionEVERFLOW\",\"https:\\\/\\\/www.instagram.com\\\/distribution_everflow\\\/\"]}]}<\/script>\n<!-- \/ Yoast SEO plugin. -->","yoast_head_json":{"title":"Quartz Solstice 50lbs - Distribution Everflow.","description":"Ce m\u00e9lange l\u00e9ger, qui fait partie de la collection cool, pr\u00e9sente des nuances apaisantes de gris clair et de quartz blanc.","robots":{"index":"index","follow":"follow","max-snippet":"max-snippet:-1","max-image-preview":"max-image-preview:large","max-video-preview":"max-video-preview:-1"},"canonical":"https:\/\/distributioneverflow.com\/fr\/produit\/quartz-solstice-50lbs\/","og_locale":"fr_FR","og_type":"article","og_title":"Quartz Solstice 50lbs - Distribution Everflow.","og_description":"Ce m\u00e9lange l\u00e9ger, qui fait partie de la collection cool, pr\u00e9sente des nuances apaisantes de gris clair et de quartz blanc.","og_url":"https:\/\/distributioneverflow.com\/fr\/produit\/quartz-solstice-50lbs\/","og_site_name":"Distribution Everflow","article_publisher":"https:\/\/www.facebook.com\/DistributionEVERFLOW","article_modified_time":"2026-02-09T16:56:26+00:00","twitter_card":"summary_large_image","schema":{"@context":"https:\/\/schema.org","@graph":[{"@type":"WebPage","@id":"https:\/\/distributioneverflow.com\/fr\/produit\/quartz-solstice-50lbs\/","url":"https:\/\/distributioneverflow.com\/fr\/produit\/quartz-solstice-50lbs\/","name":"Quartz Solstice 50lbs - Distribution Everflow.","isPartOf":{"@id":"https:\/\/distributioneverflow.com\/fr\/#website"},"primaryImageOfPage":{"@id":"https:\/\/distributioneverflow.com\/fr\/produit\/quartz-solstice-50lbs\/#primaryimage"},"image":{"@id":"https:\/\/distributioneverflow.com\/fr\/produit\/quartz-solstice-50lbs\/#primaryimage"},"thumbnailUrl":"https:\/\/distributioneverflow.com\/wp-content\/uploads\/2025\/06\/QB-1003_SOLSTICE_PILE.avif","datePublished":"2025-06-04T20:57:57+00:00","dateModified":"2026-02-09T16:56:26+00:00","description":"Ce m\u00e9lange l\u00e9ger, qui fait partie de la collection cool, pr\u00e9sente des nuances apaisantes de gris clair et de quartz blanc.","breadcrumb":{"@id":"https:\/\/distributioneverflow.com\/fr\/produit\/quartz-solstice-50lbs\/#breadcrumb"},"inLanguage":"fr-FR","potentialAction":[{"@type":"ReadAction","target":["https:\/\/distributioneverflow.com\/fr\/produit\/quartz-solstice-50lbs\/"]}]},{"@type":"ImageObject","inLanguage":"fr-FR","@id":"https:\/\/distributioneverflow.com\/fr\/produit\/quartz-solstice-50lbs\/#primaryimage","url":"https:\/\/distributioneverflow.com\/wp-content\/uploads\/2025\/06\/QB-1003_SOLSTICE_PILE.avif","contentUrl":"https:\/\/distributioneverflow.com\/wp-content\/uploads\/2025\/06\/QB-1003_SOLSTICE_PILE.avif","width":959,"height":960},{"@type":"BreadcrumbList","@id":"https:\/\/distributioneverflow.com\/fr\/produit\/quartz-solstice-50lbs\/#breadcrumb","itemListElement":[{"@type":"ListItem","position":1,"name":"Accueil","item":"https:\/\/distributioneverflow.com\/fr\/"},{"@type":"ListItem","position":2,"name":"Boutique","item":"https:\/\/distributioneverflow.com\/fr\/boutique\/"},{"@type":"ListItem","position":3,"name":"Quartz Solstice 50lbs"}]},{"@type":"WebSite","@id":"https:\/\/distributioneverflow.com\/fr\/#website","url":"https:\/\/distributioneverflow.com\/fr\/","name":"Everflow distribution","description":"","publisher":{"@id":"https:\/\/distributioneverflow.com\/fr\/#organization"},"potentialAction":[{"@type":"SearchAction","target":{"@type":"EntryPoint","urlTemplate":"https:\/\/distributioneverflow.com\/fr\/?s={search_term_string}"},"query-input":{"@type":"PropertyValueSpecification","valueRequired":true,"valueName":"search_term_string"}}],"inLanguage":"fr-FR"},{"@type":"Organization","@id":"https:\/\/distributioneverflow.com\/fr\/#organization","name":"Distribution Everflow","url":"https:\/\/distributioneverflow.com\/fr\/","logo":{"@type":"ImageObject","inLanguage":"fr-FR","@id":"https:\/\/distributioneverflow.com\/fr\/#\/schema\/logo\/image\/","url":"https:\/\/distributioneverflow.com\/wp-content\/uploads\/2021\/11\/cropped-Everflow_Distrib_Horiz_WhiteBackground.png","contentUrl":"https:\/\/distributioneverflow.com\/wp-content\/uploads\/2021\/11\/cropped-Everflow_Distrib_Horiz_WhiteBackground.png","width":900,"height":204,"caption":"Distribution Everflow"},"image":{"@id":"https:\/\/distributioneverflow.com\/fr\/#\/schema\/logo\/image\/"},"sameAs":["https:\/\/www.facebook.com\/DistributionEVERFLOW","https:\/\/www.instagram.com\/distribution_everflow\/"]}]}},"_links":{"self":[{"href":"https:\/\/distributioneverflow.com\/fr\/wp-json\/wp\/v2\/product\/10703","targetHints":{"allow":["GET"]}}],"collection":[{"href":"https:\/\/distributioneverflow.com\/fr\/wp-json\/wp\/v2\/product"}],"about":[{"href":"https:\/\/distributioneverflow.com\/fr\/wp-json\/wp\/v2\/types\/product"}],"version-history":[{"count":1,"href":"https:\/\/distributioneverflow.com\/fr\/wp-json\/wp\/v2\/product\/10703\/revisions"}],"predecessor-version":[{"id":12679,"href":"https:\/\/distributioneverflow.com\/fr\/wp-json\/wp\/v2\/product\/10703\/revisions\/12679"}],"wp:featuredmedia":[{"embeddable":true,"href":"https:\/\/distributioneverflow.com\/fr\/wp-json\/wp\/v2\/media\/9624"}],"wp:attachment":[{"href":"https:\/\/distributioneverflow.com\/fr\/wp-json\/wp\/v2\/media?parent=10703"}],"wp:term":[{"taxonomy":"product_brand","embeddable":true,"href":"https:\/\/distributioneverflow.com\/fr\/wp-json\/wp\/v2\/product_brand?post=10703"},{"taxonomy":"product_cat","embeddable":true,"href":"https:\/\/distributioneverflow.com\/fr\/wp-json\/wp\/v2\/product_cat?post=10703"},{"taxonomy":"product_tag","embeddable":true,"href":"https:\/\/distributioneverflow.com\/fr\/wp-json\/wp\/v2\/product_tag?post=10703"}],"curies":[{"name":"wp","href":"https:\/\/api.w.org\/{rel}","templated":true}]}}