{"id":10719,"date":"2025-05-26T18:17:03","date_gmt":"2025-05-26T18:17:03","guid":{"rendered":"https:\/\/distributioneverflow.com\/product\/ef-180\/"},"modified":"2025-08-26T11:15:42","modified_gmt":"2025-08-26T11:15:42","slug":"ef-180","status":"publish","type":"product","link":"https:\/\/distributioneverflow.com\/fr\/produit\/ef-180\/","title":{"rendered":"EF-180 (magasin uniquement)"},"content":{"rendered":"<h1 style=\"text-align: center;\">EF-180<\/h1>\n<p style=\"text-align: center;\"><a href=\"https:\/\/distributioneverflow.com\/wp-content\/uploads\/2025\/05\/EF-180-Technical-Data-Sheet.pdf\">CLIQUEZ ICI POUR LA FICHE TECHNIQUE EF-180<\/a><\/p>\n","protected":false},"excerpt":{"rendered":"<p style=\"text-align: left;\"><img decoding=\"async\" class=\"wp-image-8713\" src=\"https:\/\/distributioneverflow.com\/wp-content\/uploads\/2025\/05\/Design-sans-titre-34-300x90.jpg\" alt=\"\" width=\"87\" height=\"26\" srcset=\"https:\/\/distributioneverflow.com\/wp-content\/uploads\/2025\/05\/Design-sans-titre-34-300x90.jpg 300w, https:\/\/distributioneverflow.com\/wp-content\/uploads\/2025\/05\/Design-sans-titre-34-1024x307.jpg 1024w, https:\/\/distributioneverflow.com\/wp-content\/uploads\/2025\/05\/Design-sans-titre-34-768x230.jpg 768w, https:\/\/distributioneverflow.com\/wp-content\/uploads\/2025\/05\/Design-sans-titre-34-800x240.jpg 800w, https:\/\/distributioneverflow.com\/wp-content\/uploads\/2025\/05\/Design-sans-titre-34.jpg 1500w\" sizes=\"(max-width: 87px) 100vw, 87px\" \/><\/p>\n<p>EF-180 est un rev\u00eatement \u00e9poxydique \u00e0 100% d&rsquo;extrait sec, \u00e0 deux composants, \u00e0 durcissement rapide, con\u00e7u<br \/>\npour contr\u00f4ler les \u00e9missions de vapeur d&rsquo;eau sur les sols en b\u00e9ton neufs ou d\u00e9t\u00e9rior\u00e9s<br \/>\n. Ce rev\u00eatement \u00e0 durcissement rapide est recommand\u00e9 pour \u00eatre appliqu\u00e9 comme couche primaire<br \/>\ndans des conditions froides et humides ou sur des surfaces humides et mal pr\u00e9par\u00e9es<br \/>\n.<\/p>\n<p>Lorsqu&rsquo;il est appliqu\u00e9 \u00e0 une \u00e9paisseur de 18 mils, il d\u00e9passe les exigences du produit ASTM F3010<br \/>\npour la perm\u00e9ance \u00e0 la vapeur. Ce rev\u00eatement r\u00e9sistera \u00e0<br \/>\n\u00e0 des taux d&rsquo;\u00e9mission de vapeur d&rsquo;eau ne d\u00e9passant pas 6% selon la m\u00e9thode Tramex, avec<br \/>\nhumidit\u00e9 r\u00e9siduelle jusqu&rsquo;\u00e0 100% ou 25lbs. \/1000 pi\u00b2\/24 h. lorsqu&rsquo;il est appliqu\u00e9 correctement sur le site<br \/>\n. Ce produit est \u00e9galement approuv\u00e9 pour le contact direct avec l&rsquo;eau potable.<\/p>\n","protected":false},"featured_media":12627,"template":"","meta":{"inline_featured_image":false},"product_brand":[252],"product_cat":[243,241],"product_tag":[],"class_list":{"0":"post-10719","1":"product","2":"type-product","3":"status-publish","4":"has-post-thumbnail","6":"product_brand-everflow-fr","7":"product_cat-epoxy-fr","8":"product_cat-tous","10":"first","11":"instock","12":"taxable","13":"shipping-taxable","14":"product-type-simple"},"yoast_head":"<!-- This site is optimized with the Yoast SEO plugin v27.3 - https:\/\/yoast.com\/product\/yoast-seo-wordpress\/ -->\n<title>EF-180 (magasin uniquement) - Distribution Everflow.<\/title>\n<meta name=\"description\" content=\"EF-180 est un rev\u00eatement \u00e9poxydique \u00e0 100% d&#039;extrait sec, \u00e0 deux composants, \u00e0 durcissement rapide, con\u00e7u pour contr\u00f4ler les \u00e9missions de vapeur d&#039;eau sur les sols en b\u00e9ton neufs ou d\u00e9t\u00e9rior\u00e9s.\" \/>\n<meta name=\"robots\" content=\"index, follow, max-snippet:-1, max-image-preview:large, max-video-preview:-1\" \/>\n<link rel=\"canonical\" href=\"https:\/\/distributioneverflow.com\/fr\/produit\/ef-180\/\" \/>\n<meta property=\"og:locale\" content=\"fr_FR\" \/>\n<meta property=\"og:type\" content=\"article\" \/>\n<meta property=\"og:title\" content=\"EF-180 (magasin uniquement) - Distribution Everflow.\" \/>\n<meta property=\"og:description\" content=\"EF-180 est un rev\u00eatement \u00e9poxydique \u00e0 100% d&#039;extrait sec, \u00e0 deux composants, \u00e0 durcissement rapide, con\u00e7u pour contr\u00f4ler les \u00e9missions de vapeur d&#039;eau sur les sols en b\u00e9ton neufs ou d\u00e9t\u00e9rior\u00e9s.\" \/>\n<meta property=\"og:url\" content=\"https:\/\/distributioneverflow.com\/fr\/produit\/ef-180\/\" \/>\n<meta property=\"og:site_name\" content=\"Distribution Everflow\" \/>\n<meta property=\"article:publisher\" content=\"https:\/\/www.facebook.com\/DistributionEVERFLOW\" \/>\n<meta property=\"article:modified_time\" content=\"2025-08-26T11:15:42+00:00\" \/>\n<meta property=\"og:image\" content=\"https:\/\/distributioneverflow.com\/wp-content\/uploads\/2025\/05\/POLYFLOW-285-2.jpg\" \/>\n\t<meta property=\"og:image:width\" content=\"1080\" \/>\n\t<meta property=\"og:image:height\" content=\"1080\" \/>\n\t<meta property=\"og:image:type\" content=\"image\/jpeg\" \/>\n<meta name=\"twitter:card\" content=\"summary_large_image\" \/>\n<script type=\"application\/ld+json\" class=\"yoast-schema-graph\">{\"@context\":\"https:\\\/\\\/schema.org\",\"@graph\":[{\"@type\":\"WebPage\",\"@id\":\"https:\\\/\\\/distributioneverflow.com\\\/fr\\\/produit\\\/ef-180\\\/\",\"url\":\"https:\\\/\\\/distributioneverflow.com\\\/fr\\\/produit\\\/ef-180\\\/\",\"name\":\"EF-180 (magasin uniquement) - Distribution Everflow.\",\"isPartOf\":{\"@id\":\"https:\\\/\\\/distributioneverflow.com\\\/fr\\\/#website\"},\"primaryImageOfPage\":{\"@id\":\"https:\\\/\\\/distributioneverflow.com\\\/fr\\\/produit\\\/ef-180\\\/#primaryimage\"},\"image\":{\"@id\":\"https:\\\/\\\/distributioneverflow.com\\\/fr\\\/produit\\\/ef-180\\\/#primaryimage\"},\"thumbnailUrl\":\"https:\\\/\\\/distributioneverflow.com\\\/wp-content\\\/uploads\\\/2025\\\/05\\\/EF-180-1.jpg\",\"datePublished\":\"2025-05-26T18:17:03+00:00\",\"dateModified\":\"2025-08-26T11:15:42+00:00\",\"description\":\"EF-180 est un rev\u00eatement \u00e9poxydique \u00e0 100% d'extrait sec, \u00e0 deux composants, \u00e0 durcissement rapide, con\u00e7u pour contr\u00f4ler les \u00e9missions de vapeur d'eau sur les sols en b\u00e9ton neufs ou d\u00e9t\u00e9rior\u00e9s.\",\"breadcrumb\":{\"@id\":\"https:\\\/\\\/distributioneverflow.com\\\/fr\\\/produit\\\/ef-180\\\/#breadcrumb\"},\"inLanguage\":\"fr-FR\",\"potentialAction\":[{\"@type\":\"ReadAction\",\"target\":[\"https:\\\/\\\/distributioneverflow.com\\\/fr\\\/produit\\\/ef-180\\\/\"]}]},{\"@type\":\"ImageObject\",\"inLanguage\":\"fr-FR\",\"@id\":\"https:\\\/\\\/distributioneverflow.com\\\/fr\\\/produit\\\/ef-180\\\/#primaryimage\",\"url\":\"https:\\\/\\\/distributioneverflow.com\\\/wp-content\\\/uploads\\\/2025\\\/05\\\/EF-180-1.jpg\",\"contentUrl\":\"https:\\\/\\\/distributioneverflow.com\\\/wp-content\\\/uploads\\\/2025\\\/05\\\/EF-180-1.jpg\",\"width\":848,\"height\":848,\"caption\":\"EF-180 - 1\"},{\"@type\":\"BreadcrumbList\",\"@id\":\"https:\\\/\\\/distributioneverflow.com\\\/fr\\\/produit\\\/ef-180\\\/#breadcrumb\",\"itemListElement\":[{\"@type\":\"ListItem\",\"position\":1,\"name\":\"Accueil\",\"item\":\"https:\\\/\\\/distributioneverflow.com\\\/fr\\\/accueil\\\/\"},{\"@type\":\"ListItem\",\"position\":2,\"name\":\"Boutique\",\"item\":\"https:\\\/\\\/distributioneverflow.com\\\/fr\\\/boutique\\\/\"},{\"@type\":\"ListItem\",\"position\":3,\"name\":\"EF-180 (magasin uniquement)\"}]},{\"@type\":\"WebSite\",\"@id\":\"https:\\\/\\\/distributioneverflow.com\\\/fr\\\/#website\",\"url\":\"https:\\\/\\\/distributioneverflow.com\\\/fr\\\/\",\"name\":\"Everflow distribution\",\"description\":\"\",\"publisher\":{\"@id\":\"https:\\\/\\\/distributioneverflow.com\\\/fr\\\/#organization\"},\"potentialAction\":[{\"@type\":\"SearchAction\",\"target\":{\"@type\":\"EntryPoint\",\"urlTemplate\":\"https:\\\/\\\/distributioneverflow.com\\\/fr\\\/?s={search_term_string}\"},\"query-input\":{\"@type\":\"PropertyValueSpecification\",\"valueRequired\":true,\"valueName\":\"search_term_string\"}}],\"inLanguage\":\"fr-FR\"},{\"@type\":\"Organization\",\"@id\":\"https:\\\/\\\/distributioneverflow.com\\\/fr\\\/#organization\",\"name\":\"Distribution Everflow\",\"url\":\"https:\\\/\\\/distributioneverflow.com\\\/fr\\\/\",\"logo\":{\"@type\":\"ImageObject\",\"inLanguage\":\"fr-FR\",\"@id\":\"https:\\\/\\\/distributioneverflow.com\\\/fr\\\/#\\\/schema\\\/logo\\\/image\\\/\",\"url\":\"https:\\\/\\\/distributioneverflow.com\\\/wp-content\\\/uploads\\\/2021\\\/11\\\/cropped-Everflow_Distrib_Horiz_WhiteBackground.png\",\"contentUrl\":\"https:\\\/\\\/distributioneverflow.com\\\/wp-content\\\/uploads\\\/2021\\\/11\\\/cropped-Everflow_Distrib_Horiz_WhiteBackground.png\",\"width\":900,\"height\":204,\"caption\":\"Distribution Everflow\"},\"image\":{\"@id\":\"https:\\\/\\\/distributioneverflow.com\\\/fr\\\/#\\\/schema\\\/logo\\\/image\\\/\"},\"sameAs\":[\"https:\\\/\\\/www.facebook.com\\\/DistributionEVERFLOW\",\"https:\\\/\\\/www.instagram.com\\\/distribution_everflow\\\/\"]}]}<\/script>\n<!-- \/ Yoast SEO plugin. -->","yoast_head_json":{"title":"EF-180 (magasin uniquement) - Distribution Everflow.","description":"EF-180 est un rev\u00eatement \u00e9poxydique \u00e0 100% d'extrait sec, \u00e0 deux composants, \u00e0 durcissement rapide, con\u00e7u pour contr\u00f4ler les \u00e9missions de vapeur d'eau sur les sols en b\u00e9ton neufs ou d\u00e9t\u00e9rior\u00e9s.","robots":{"index":"index","follow":"follow","max-snippet":"max-snippet:-1","max-image-preview":"max-image-preview:large","max-video-preview":"max-video-preview:-1"},"canonical":"https:\/\/distributioneverflow.com\/fr\/produit\/ef-180\/","og_locale":"fr_FR","og_type":"article","og_title":"EF-180 (magasin uniquement) - Distribution Everflow.","og_description":"EF-180 est un rev\u00eatement \u00e9poxydique \u00e0 100% d'extrait sec, \u00e0 deux composants, \u00e0 durcissement rapide, con\u00e7u pour contr\u00f4ler les \u00e9missions de vapeur d'eau sur les sols en b\u00e9ton neufs ou d\u00e9t\u00e9rior\u00e9s.","og_url":"https:\/\/distributioneverflow.com\/fr\/produit\/ef-180\/","og_site_name":"Distribution Everflow","article_publisher":"https:\/\/www.facebook.com\/DistributionEVERFLOW","article_modified_time":"2025-08-26T11:15:42+00:00","og_image":[{"width":1080,"height":1080,"url":"https:\/\/distributioneverflow.com\/wp-content\/uploads\/2025\/05\/POLYFLOW-285-2.jpg","type":"image\/jpeg"}],"twitter_card":"summary_large_image","schema":{"@context":"https:\/\/schema.org","@graph":[{"@type":"WebPage","@id":"https:\/\/distributioneverflow.com\/fr\/produit\/ef-180\/","url":"https:\/\/distributioneverflow.com\/fr\/produit\/ef-180\/","name":"EF-180 (magasin uniquement) - Distribution Everflow.","isPartOf":{"@id":"https:\/\/distributioneverflow.com\/fr\/#website"},"primaryImageOfPage":{"@id":"https:\/\/distributioneverflow.com\/fr\/produit\/ef-180\/#primaryimage"},"image":{"@id":"https:\/\/distributioneverflow.com\/fr\/produit\/ef-180\/#primaryimage"},"thumbnailUrl":"https:\/\/distributioneverflow.com\/wp-content\/uploads\/2025\/05\/EF-180-1.jpg","datePublished":"2025-05-26T18:17:03+00:00","dateModified":"2025-08-26T11:15:42+00:00","description":"EF-180 est un rev\u00eatement \u00e9poxydique \u00e0 100% d'extrait sec, \u00e0 deux composants, \u00e0 durcissement rapide, con\u00e7u pour contr\u00f4ler les \u00e9missions de vapeur d'eau sur les sols en b\u00e9ton neufs ou d\u00e9t\u00e9rior\u00e9s.","breadcrumb":{"@id":"https:\/\/distributioneverflow.com\/fr\/produit\/ef-180\/#breadcrumb"},"inLanguage":"fr-FR","potentialAction":[{"@type":"ReadAction","target":["https:\/\/distributioneverflow.com\/fr\/produit\/ef-180\/"]}]},{"@type":"ImageObject","inLanguage":"fr-FR","@id":"https:\/\/distributioneverflow.com\/fr\/produit\/ef-180\/#primaryimage","url":"https:\/\/distributioneverflow.com\/wp-content\/uploads\/2025\/05\/EF-180-1.jpg","contentUrl":"https:\/\/distributioneverflow.com\/wp-content\/uploads\/2025\/05\/EF-180-1.jpg","width":848,"height":848,"caption":"EF-180 - 1"},{"@type":"BreadcrumbList","@id":"https:\/\/distributioneverflow.com\/fr\/produit\/ef-180\/#breadcrumb","itemListElement":[{"@type":"ListItem","position":1,"name":"Accueil","item":"https:\/\/distributioneverflow.com\/fr\/accueil\/"},{"@type":"ListItem","position":2,"name":"Boutique","item":"https:\/\/distributioneverflow.com\/fr\/boutique\/"},{"@type":"ListItem","position":3,"name":"EF-180 (magasin uniquement)"}]},{"@type":"WebSite","@id":"https:\/\/distributioneverflow.com\/fr\/#website","url":"https:\/\/distributioneverflow.com\/fr\/","name":"Everflow distribution","description":"","publisher":{"@id":"https:\/\/distributioneverflow.com\/fr\/#organization"},"potentialAction":[{"@type":"SearchAction","target":{"@type":"EntryPoint","urlTemplate":"https:\/\/distributioneverflow.com\/fr\/?s={search_term_string}"},"query-input":{"@type":"PropertyValueSpecification","valueRequired":true,"valueName":"search_term_string"}}],"inLanguage":"fr-FR"},{"@type":"Organization","@id":"https:\/\/distributioneverflow.com\/fr\/#organization","name":"Distribution Everflow","url":"https:\/\/distributioneverflow.com\/fr\/","logo":{"@type":"ImageObject","inLanguage":"fr-FR","@id":"https:\/\/distributioneverflow.com\/fr\/#\/schema\/logo\/image\/","url":"https:\/\/distributioneverflow.com\/wp-content\/uploads\/2021\/11\/cropped-Everflow_Distrib_Horiz_WhiteBackground.png","contentUrl":"https:\/\/distributioneverflow.com\/wp-content\/uploads\/2021\/11\/cropped-Everflow_Distrib_Horiz_WhiteBackground.png","width":900,"height":204,"caption":"Distribution Everflow"},"image":{"@id":"https:\/\/distributioneverflow.com\/fr\/#\/schema\/logo\/image\/"},"sameAs":["https:\/\/www.facebook.com\/DistributionEVERFLOW","https:\/\/www.instagram.com\/distribution_everflow\/"]}]}},"_links":{"self":[{"href":"https:\/\/distributioneverflow.com\/fr\/wp-json\/wp\/v2\/product\/10719","targetHints":{"allow":["GET"]}}],"collection":[{"href":"https:\/\/distributioneverflow.com\/fr\/wp-json\/wp\/v2\/product"}],"about":[{"href":"https:\/\/distributioneverflow.com\/fr\/wp-json\/wp\/v2\/types\/product"}],"version-history":[{"count":1,"href":"https:\/\/distributioneverflow.com\/fr\/wp-json\/wp\/v2\/product\/10719\/revisions"}],"predecessor-version":[{"id":11242,"href":"https:\/\/distributioneverflow.com\/fr\/wp-json\/wp\/v2\/product\/10719\/revisions\/11242"}],"wp:featuredmedia":[{"embeddable":true,"href":"https:\/\/distributioneverflow.com\/fr\/wp-json\/wp\/v2\/media\/12627"}],"wp:attachment":[{"href":"https:\/\/distributioneverflow.com\/fr\/wp-json\/wp\/v2\/media?parent=10719"}],"wp:term":[{"taxonomy":"product_brand","embeddable":true,"href":"https:\/\/distributioneverflow.com\/fr\/wp-json\/wp\/v2\/product_brand?post=10719"},{"taxonomy":"product_cat","embeddable":true,"href":"https:\/\/distributioneverflow.com\/fr\/wp-json\/wp\/v2\/product_cat?post=10719"},{"taxonomy":"product_tag","embeddable":true,"href":"https:\/\/distributioneverflow.com\/fr\/wp-json\/wp\/v2\/product_tag?post=10719"}],"curies":[{"name":"wp","href":"https:\/\/api.w.org\/{rel}","templated":true}]}}