{"id":10723,"date":"2025-05-26T18:29:02","date_gmt":"2025-05-26T18:29:02","guid":{"rendered":"https:\/\/distributioneverflow.com\/product\/ef-masterflow\/"},"modified":"2025-08-26T11:14:55","modified_gmt":"2025-08-26T11:14:55","slug":"ef-masterflow","status":"publish","type":"product","link":"https:\/\/distributioneverflow.com\/fr\/produit\/ef-masterflow\/","title":{"rendered":"EF-MASTERFLOW (magasin uniquement)"},"content":{"rendered":"<h1 style=\"text-align: center;\">EF-MASTERFLOW<\/h1>\n<p style=\"text-align: center;\"><a href=\"https:\/\/distributioneverflow.com\/wp-content\/uploads\/2025\/05\/EF-Masterflow-Technical-Data-Sheet.pdf\">CLIQUEZ ICI POUR LA FICHE TECHNIQUE EF-Masterflow<\/a><\/p>\n","protected":false},"excerpt":{"rendered":"<p style=\"text-align: left;\"><img decoding=\"async\" class=\"wp-image-8713\" src=\"https:\/\/distributioneverflow.com\/wp-content\/uploads\/2025\/05\/Design-sans-titre-34-300x90.jpg\" alt=\"\" width=\"87\" height=\"26\" srcset=\"https:\/\/distributioneverflow.com\/wp-content\/uploads\/2025\/05\/Design-sans-titre-34-300x90.jpg 300w, https:\/\/distributioneverflow.com\/wp-content\/uploads\/2025\/05\/Design-sans-titre-34-1024x307.jpg 1024w, https:\/\/distributioneverflow.com\/wp-content\/uploads\/2025\/05\/Design-sans-titre-34-768x230.jpg 768w, https:\/\/distributioneverflow.com\/wp-content\/uploads\/2025\/05\/Design-sans-titre-34-800x240.jpg 800w, https:\/\/distributioneverflow.com\/wp-content\/uploads\/2025\/05\/Design-sans-titre-34.jpg 1500w\" sizes=\"(max-width: 87px) 100vw, 87px\" \/><\/p>\n<p>EF-Masterflow est un rev\u00eatement de sol \u00e9poxydique \u00e0 2 composants, \u00e0 100% d&rsquo;extrait sec, autonivelant et \u00e0 haut pouvoir garnissant<br \/>\n. Ce rev\u00eatement \u00e0 faible viscosit\u00e9 est sp\u00e9cifiquement formul\u00e9 avec<br \/>\ndes agents anti-mousse et des additifs de surface de pointe pour aider \u00e0 augmenter la lib\u00e9ration de l&rsquo;air<br \/>\n, le nivellement et le mouillage des pigments. <\/p>\n<p>Il est con\u00e7u pour \u00eatre utilis\u00e9 uniquement comme couche de finition<br \/>\npour cr\u00e9er des syst\u00e8mes de sols m\u00e9talliques\/d\u00e9coratifs. EF-Masterflow est un vernis cycloaliphatique<br \/>\nqui pr\u00e9sente une stabilit\u00e9 sup\u00e9rieure aux UV. Il pr\u00e9sente \u00e9galement une excellente adh\u00e9rence sur le site<br \/>\n, ainsi qu&rsquo;une excellente r\u00e9sistance \u00e0 l&rsquo;abrasion, aux chocs et aux produits chimiques.  <\/p>\n","protected":false},"featured_media":10348,"template":"","meta":{"inline_featured_image":false},"product_brand":[252],"product_cat":[243,241],"product_tag":[],"class_list":{"0":"post-10723","1":"product","2":"type-product","3":"status-publish","4":"has-post-thumbnail","6":"product_brand-everflow-fr","7":"product_cat-epoxy-fr","8":"product_cat-tous","10":"first","11":"instock","12":"taxable","13":"shipping-taxable","14":"product-type-simple"},"yoast_head":"<!-- This site is optimized with the Yoast SEO plugin v27.3 - https:\/\/yoast.com\/product\/yoast-seo-wordpress\/ -->\n<title>EF-MASTERFLOW (magasin uniquement) - Distribution Everflow.<\/title>\n<meta name=\"description\" content=\"EF-Masterflow est un rev\u00eatement de sol autonivelant \u00e0 deux composants, \u00e0 100 % d&#039;extrait sec, \u00e0 base de r\u00e9sine \u00e9poxydique \u00e0 haut pouvoir garnissant.\" \/>\n<meta name=\"robots\" content=\"index, follow, max-snippet:-1, max-image-preview:large, max-video-preview:-1\" \/>\n<link rel=\"canonical\" href=\"https:\/\/distributioneverflow.com\/fr\/produit\/ef-masterflow\/\" \/>\n<meta property=\"og:locale\" content=\"fr_FR\" \/>\n<meta property=\"og:type\" content=\"article\" \/>\n<meta property=\"og:title\" content=\"EF-MASTERFLOW (magasin uniquement) - Distribution Everflow.\" \/>\n<meta property=\"og:description\" content=\"EF-Masterflow est un rev\u00eatement de sol autonivelant \u00e0 deux composants, \u00e0 100 % d&#039;extrait sec, \u00e0 base de r\u00e9sine \u00e9poxydique \u00e0 haut pouvoir garnissant.\" \/>\n<meta property=\"og:url\" content=\"https:\/\/distributioneverflow.com\/fr\/produit\/ef-masterflow\/\" \/>\n<meta property=\"og:site_name\" content=\"Distribution Everflow\" \/>\n<meta property=\"article:publisher\" content=\"https:\/\/www.facebook.com\/DistributionEVERFLOW\" \/>\n<meta property=\"article:modified_time\" content=\"2025-08-26T11:14:55+00:00\" \/>\n<meta property=\"og:image\" content=\"https:\/\/distributioneverflow.com\/wp-content\/uploads\/2025\/05\/EF-MASTERFLOW.jpg\" \/>\n\t<meta property=\"og:image:width\" content=\"1080\" \/>\n\t<meta property=\"og:image:height\" content=\"1080\" \/>\n\t<meta property=\"og:image:type\" content=\"image\/jpeg\" \/>\n<meta name=\"twitter:card\" content=\"summary_large_image\" \/>\n<script type=\"application\/ld+json\" class=\"yoast-schema-graph\">{\"@context\":\"https:\\\/\\\/schema.org\",\"@graph\":[{\"@type\":\"WebPage\",\"@id\":\"https:\\\/\\\/distributioneverflow.com\\\/fr\\\/produit\\\/ef-masterflow\\\/\",\"url\":\"https:\\\/\\\/distributioneverflow.com\\\/fr\\\/produit\\\/ef-masterflow\\\/\",\"name\":\"EF-MASTERFLOW (magasin uniquement) - Distribution Everflow.\",\"isPartOf\":{\"@id\":\"https:\\\/\\\/distributioneverflow.com\\\/fr\\\/#website\"},\"primaryImageOfPage\":{\"@id\":\"https:\\\/\\\/distributioneverflow.com\\\/fr\\\/produit\\\/ef-masterflow\\\/#primaryimage\"},\"image\":{\"@id\":\"https:\\\/\\\/distributioneverflow.com\\\/fr\\\/produit\\\/ef-masterflow\\\/#primaryimage\"},\"thumbnailUrl\":\"https:\\\/\\\/distributioneverflow.com\\\/wp-content\\\/uploads\\\/2025\\\/05\\\/EF-MASTERFLOW.jpg\",\"datePublished\":\"2025-05-26T18:29:02+00:00\",\"dateModified\":\"2025-08-26T11:14:55+00:00\",\"description\":\"EF-Masterflow est un rev\u00eatement de sol autonivelant \u00e0 deux composants, \u00e0 100 % d'extrait sec, \u00e0 base de r\u00e9sine \u00e9poxydique \u00e0 haut pouvoir garnissant.\",\"breadcrumb\":{\"@id\":\"https:\\\/\\\/distributioneverflow.com\\\/fr\\\/produit\\\/ef-masterflow\\\/#breadcrumb\"},\"inLanguage\":\"fr-FR\",\"potentialAction\":[{\"@type\":\"ReadAction\",\"target\":[\"https:\\\/\\\/distributioneverflow.com\\\/fr\\\/produit\\\/ef-masterflow\\\/\"]}]},{\"@type\":\"ImageObject\",\"inLanguage\":\"fr-FR\",\"@id\":\"https:\\\/\\\/distributioneverflow.com\\\/fr\\\/produit\\\/ef-masterflow\\\/#primaryimage\",\"url\":\"https:\\\/\\\/distributioneverflow.com\\\/wp-content\\\/uploads\\\/2025\\\/05\\\/EF-MASTERFLOW.jpg\",\"contentUrl\":\"https:\\\/\\\/distributioneverflow.com\\\/wp-content\\\/uploads\\\/2025\\\/05\\\/EF-MASTERFLOW.jpg\",\"width\":1080,\"height\":1080},{\"@type\":\"BreadcrumbList\",\"@id\":\"https:\\\/\\\/distributioneverflow.com\\\/fr\\\/produit\\\/ef-masterflow\\\/#breadcrumb\",\"itemListElement\":[{\"@type\":\"ListItem\",\"position\":1,\"name\":\"Accueil\",\"item\":\"https:\\\/\\\/distributioneverflow.com\\\/fr\\\/accueil\\\/\"},{\"@type\":\"ListItem\",\"position\":2,\"name\":\"Boutique\",\"item\":\"https:\\\/\\\/distributioneverflow.com\\\/fr\\\/boutique\\\/\"},{\"@type\":\"ListItem\",\"position\":3,\"name\":\"EF-MASTERFLOW (magasin uniquement)\"}]},{\"@type\":\"WebSite\",\"@id\":\"https:\\\/\\\/distributioneverflow.com\\\/fr\\\/#website\",\"url\":\"https:\\\/\\\/distributioneverflow.com\\\/fr\\\/\",\"name\":\"Everflow distribution\",\"description\":\"\",\"publisher\":{\"@id\":\"https:\\\/\\\/distributioneverflow.com\\\/fr\\\/#organization\"},\"potentialAction\":[{\"@type\":\"SearchAction\",\"target\":{\"@type\":\"EntryPoint\",\"urlTemplate\":\"https:\\\/\\\/distributioneverflow.com\\\/fr\\\/?s={search_term_string}\"},\"query-input\":{\"@type\":\"PropertyValueSpecification\",\"valueRequired\":true,\"valueName\":\"search_term_string\"}}],\"inLanguage\":\"fr-FR\"},{\"@type\":\"Organization\",\"@id\":\"https:\\\/\\\/distributioneverflow.com\\\/fr\\\/#organization\",\"name\":\"Distribution Everflow\",\"url\":\"https:\\\/\\\/distributioneverflow.com\\\/fr\\\/\",\"logo\":{\"@type\":\"ImageObject\",\"inLanguage\":\"fr-FR\",\"@id\":\"https:\\\/\\\/distributioneverflow.com\\\/fr\\\/#\\\/schema\\\/logo\\\/image\\\/\",\"url\":\"https:\\\/\\\/distributioneverflow.com\\\/wp-content\\\/uploads\\\/2021\\\/11\\\/cropped-Everflow_Distrib_Horiz_WhiteBackground.png\",\"contentUrl\":\"https:\\\/\\\/distributioneverflow.com\\\/wp-content\\\/uploads\\\/2021\\\/11\\\/cropped-Everflow_Distrib_Horiz_WhiteBackground.png\",\"width\":900,\"height\":204,\"caption\":\"Distribution Everflow\"},\"image\":{\"@id\":\"https:\\\/\\\/distributioneverflow.com\\\/fr\\\/#\\\/schema\\\/logo\\\/image\\\/\"},\"sameAs\":[\"https:\\\/\\\/www.facebook.com\\\/DistributionEVERFLOW\",\"https:\\\/\\\/www.instagram.com\\\/distribution_everflow\\\/\"]}]}<\/script>\n<!-- \/ Yoast SEO plugin. -->","yoast_head_json":{"title":"EF-MASTERFLOW (magasin uniquement) - Distribution Everflow.","description":"EF-Masterflow est un rev\u00eatement de sol autonivelant \u00e0 deux composants, \u00e0 100 % d'extrait sec, \u00e0 base de r\u00e9sine \u00e9poxydique \u00e0 haut pouvoir garnissant.","robots":{"index":"index","follow":"follow","max-snippet":"max-snippet:-1","max-image-preview":"max-image-preview:large","max-video-preview":"max-video-preview:-1"},"canonical":"https:\/\/distributioneverflow.com\/fr\/produit\/ef-masterflow\/","og_locale":"fr_FR","og_type":"article","og_title":"EF-MASTERFLOW (magasin uniquement) - Distribution Everflow.","og_description":"EF-Masterflow est un rev\u00eatement de sol autonivelant \u00e0 deux composants, \u00e0 100 % d'extrait sec, \u00e0 base de r\u00e9sine \u00e9poxydique \u00e0 haut pouvoir garnissant.","og_url":"https:\/\/distributioneverflow.com\/fr\/produit\/ef-masterflow\/","og_site_name":"Distribution Everflow","article_publisher":"https:\/\/www.facebook.com\/DistributionEVERFLOW","article_modified_time":"2025-08-26T11:14:55+00:00","og_image":[{"width":1080,"height":1080,"url":"https:\/\/distributioneverflow.com\/wp-content\/uploads\/2025\/05\/EF-MASTERFLOW.jpg","type":"image\/jpeg"}],"twitter_card":"summary_large_image","schema":{"@context":"https:\/\/schema.org","@graph":[{"@type":"WebPage","@id":"https:\/\/distributioneverflow.com\/fr\/produit\/ef-masterflow\/","url":"https:\/\/distributioneverflow.com\/fr\/produit\/ef-masterflow\/","name":"EF-MASTERFLOW (magasin uniquement) - Distribution Everflow.","isPartOf":{"@id":"https:\/\/distributioneverflow.com\/fr\/#website"},"primaryImageOfPage":{"@id":"https:\/\/distributioneverflow.com\/fr\/produit\/ef-masterflow\/#primaryimage"},"image":{"@id":"https:\/\/distributioneverflow.com\/fr\/produit\/ef-masterflow\/#primaryimage"},"thumbnailUrl":"https:\/\/distributioneverflow.com\/wp-content\/uploads\/2025\/05\/EF-MASTERFLOW.jpg","datePublished":"2025-05-26T18:29:02+00:00","dateModified":"2025-08-26T11:14:55+00:00","description":"EF-Masterflow est un rev\u00eatement de sol autonivelant \u00e0 deux composants, \u00e0 100 % d'extrait sec, \u00e0 base de r\u00e9sine \u00e9poxydique \u00e0 haut pouvoir garnissant.","breadcrumb":{"@id":"https:\/\/distributioneverflow.com\/fr\/produit\/ef-masterflow\/#breadcrumb"},"inLanguage":"fr-FR","potentialAction":[{"@type":"ReadAction","target":["https:\/\/distributioneverflow.com\/fr\/produit\/ef-masterflow\/"]}]},{"@type":"ImageObject","inLanguage":"fr-FR","@id":"https:\/\/distributioneverflow.com\/fr\/produit\/ef-masterflow\/#primaryimage","url":"https:\/\/distributioneverflow.com\/wp-content\/uploads\/2025\/05\/EF-MASTERFLOW.jpg","contentUrl":"https:\/\/distributioneverflow.com\/wp-content\/uploads\/2025\/05\/EF-MASTERFLOW.jpg","width":1080,"height":1080},{"@type":"BreadcrumbList","@id":"https:\/\/distributioneverflow.com\/fr\/produit\/ef-masterflow\/#breadcrumb","itemListElement":[{"@type":"ListItem","position":1,"name":"Accueil","item":"https:\/\/distributioneverflow.com\/fr\/accueil\/"},{"@type":"ListItem","position":2,"name":"Boutique","item":"https:\/\/distributioneverflow.com\/fr\/boutique\/"},{"@type":"ListItem","position":3,"name":"EF-MASTERFLOW (magasin uniquement)"}]},{"@type":"WebSite","@id":"https:\/\/distributioneverflow.com\/fr\/#website","url":"https:\/\/distributioneverflow.com\/fr\/","name":"Everflow distribution","description":"","publisher":{"@id":"https:\/\/distributioneverflow.com\/fr\/#organization"},"potentialAction":[{"@type":"SearchAction","target":{"@type":"EntryPoint","urlTemplate":"https:\/\/distributioneverflow.com\/fr\/?s={search_term_string}"},"query-input":{"@type":"PropertyValueSpecification","valueRequired":true,"valueName":"search_term_string"}}],"inLanguage":"fr-FR"},{"@type":"Organization","@id":"https:\/\/distributioneverflow.com\/fr\/#organization","name":"Distribution Everflow","url":"https:\/\/distributioneverflow.com\/fr\/","logo":{"@type":"ImageObject","inLanguage":"fr-FR","@id":"https:\/\/distributioneverflow.com\/fr\/#\/schema\/logo\/image\/","url":"https:\/\/distributioneverflow.com\/wp-content\/uploads\/2021\/11\/cropped-Everflow_Distrib_Horiz_WhiteBackground.png","contentUrl":"https:\/\/distributioneverflow.com\/wp-content\/uploads\/2021\/11\/cropped-Everflow_Distrib_Horiz_WhiteBackground.png","width":900,"height":204,"caption":"Distribution Everflow"},"image":{"@id":"https:\/\/distributioneverflow.com\/fr\/#\/schema\/logo\/image\/"},"sameAs":["https:\/\/www.facebook.com\/DistributionEVERFLOW","https:\/\/www.instagram.com\/distribution_everflow\/"]}]}},"_links":{"self":[{"href":"https:\/\/distributioneverflow.com\/fr\/wp-json\/wp\/v2\/product\/10723","targetHints":{"allow":["GET"]}}],"collection":[{"href":"https:\/\/distributioneverflow.com\/fr\/wp-json\/wp\/v2\/product"}],"about":[{"href":"https:\/\/distributioneverflow.com\/fr\/wp-json\/wp\/v2\/types\/product"}],"version-history":[{"count":1,"href":"https:\/\/distributioneverflow.com\/fr\/wp-json\/wp\/v2\/product\/10723\/revisions"}],"predecessor-version":[{"id":11238,"href":"https:\/\/distributioneverflow.com\/fr\/wp-json\/wp\/v2\/product\/10723\/revisions\/11238"}],"wp:featuredmedia":[{"embeddable":true,"href":"https:\/\/distributioneverflow.com\/fr\/wp-json\/wp\/v2\/media\/10348"}],"wp:attachment":[{"href":"https:\/\/distributioneverflow.com\/fr\/wp-json\/wp\/v2\/media?parent=10723"}],"wp:term":[{"taxonomy":"product_brand","embeddable":true,"href":"https:\/\/distributioneverflow.com\/fr\/wp-json\/wp\/v2\/product_brand?post=10723"},{"taxonomy":"product_cat","embeddable":true,"href":"https:\/\/distributioneverflow.com\/fr\/wp-json\/wp\/v2\/product_cat?post=10723"},{"taxonomy":"product_tag","embeddable":true,"href":"https:\/\/distributioneverflow.com\/fr\/wp-json\/wp\/v2\/product_tag?post=10723"}],"curies":[{"name":"wp","href":"https:\/\/api.w.org\/{rel}","templated":true}]}}