{"id":10726,"date":"2025-05-26T18:35:57","date_gmt":"2025-05-26T18:35:57","guid":{"rendered":"https:\/\/distributioneverflow.com\/product\/everclean\/"},"modified":"2025-08-26T11:14:24","modified_gmt":"2025-08-26T11:14:24","slug":"everclean","status":"publish","type":"product","link":"https:\/\/distributioneverflow.com\/fr\/produit\/everclean\/","title":{"rendered":"EVERCLEAN (magasin uniquement)"},"content":{"rendered":"<h1 style=\"text-align: center;\">EVERCLEAN<\/h1>\n<p style=\"text-align: center;\"><a href=\"https:\/\/distributioneverflow.com\/wp-content\/uploads\/2025\/05\/EVERCLEAN-Technical-Data-Sheet.pdf\">CLIQUEZ ICI POUR LA FICHE TECHNIQUE EVERCLEAN<\/a><\/p>\n","protected":false},"excerpt":{"rendered":"<p style=\"text-align: left;\"><img decoding=\"async\" class=\"wp-image-8713\" src=\"https:\/\/distributioneverflow.com\/wp-content\/uploads\/2025\/05\/Design-sans-titre-34-300x90.jpg\" alt=\"\" width=\"87\" height=\"26\" srcset=\"https:\/\/distributioneverflow.com\/wp-content\/uploads\/2025\/05\/Design-sans-titre-34-300x90.jpg 300w, https:\/\/distributioneverflow.com\/wp-content\/uploads\/2025\/05\/Design-sans-titre-34-1024x307.jpg 1024w, https:\/\/distributioneverflow.com\/wp-content\/uploads\/2025\/05\/Design-sans-titre-34-768x230.jpg 768w, https:\/\/distributioneverflow.com\/wp-content\/uploads\/2025\/05\/Design-sans-titre-34-800x240.jpg 800w, https:\/\/distributioneverflow.com\/wp-content\/uploads\/2025\/05\/Design-sans-titre-34.jpg 1500w\" sizes=\"(max-width: 87px) 100vw, 87px\" \/><\/p>\n<p>EVERCLEAN est un nettoyant et d\u00e9graissant microbien sp\u00e9cialement formul\u00e9, id\u00e9al<br \/>\npour \u00e9liminer et rem\u00e9dier aux graisses, huiles, prot\u00e9ines, cellulose, amidon sur<br \/>\nles surfaces en b\u00e9ton ou les surfaces rev\u00eatues d&rsquo;\u00e9poxy\/ur\u00e9thane.<\/p>\n<p>Il contient une solution bact\u00e9rienne liquide<br \/>\nenrichie d&rsquo;enzymes qui acc\u00e9l\u00e8re la<br \/>\nd\u00e9composition des r\u00e9sidus organiques.<\/p>\n","protected":false},"featured_media":12619,"template":"","meta":{"inline_featured_image":false},"product_brand":[252],"product_cat":[243,241],"product_tag":[],"class_list":{"0":"post-10726","1":"product","2":"type-product","3":"status-publish","4":"has-post-thumbnail","6":"product_brand-everflow-fr","7":"product_cat-epoxy-fr","8":"product_cat-tous","10":"first","11":"instock","12":"taxable","13":"shipping-taxable","14":"product-type-simple"},"yoast_head":"<!-- This site is optimized with the Yoast SEO plugin v27.3 - https:\/\/yoast.com\/product\/yoast-seo-wordpress\/ -->\n<title>EVERCLEAN (magasin uniquement) - Distribution Everflow.<\/title>\n<meta name=\"description\" content=\"EVERCLEAN est un nettoyant et d\u00e9graissant microbien sp\u00e9cialement formul\u00e9 pour \u00e9liminer et rem\u00e9dier aux graisses, huiles, prot\u00e9ines, cellulose, amidon sur les surfaces en b\u00e9ton ou les surfaces rev\u00eatues d&#039;\u00e9poxy\/ur\u00e9thane.\" \/>\n<meta name=\"robots\" content=\"index, follow, max-snippet:-1, max-image-preview:large, max-video-preview:-1\" \/>\n<link rel=\"canonical\" href=\"https:\/\/distributioneverflow.com\/fr\/produit\/everclean\/\" \/>\n<meta property=\"og:locale\" content=\"fr_FR\" \/>\n<meta property=\"og:type\" content=\"article\" \/>\n<meta property=\"og:title\" content=\"EVERCLEAN (magasin uniquement) - Distribution Everflow.\" \/>\n<meta property=\"og:description\" content=\"EVERCLEAN est un nettoyant et d\u00e9graissant microbien sp\u00e9cialement formul\u00e9 pour \u00e9liminer et rem\u00e9dier aux graisses, huiles, prot\u00e9ines, cellulose, amidon sur les surfaces en b\u00e9ton ou les surfaces rev\u00eatues d&#039;\u00e9poxy\/ur\u00e9thane.\" \/>\n<meta property=\"og:url\" content=\"https:\/\/distributioneverflow.com\/fr\/produit\/everclean\/\" \/>\n<meta property=\"og:site_name\" content=\"Distribution Everflow\" \/>\n<meta property=\"article:publisher\" content=\"https:\/\/www.facebook.com\/DistributionEVERFLOW\" \/>\n<meta property=\"article:modified_time\" content=\"2025-08-26T11:14:24+00:00\" \/>\n<meta property=\"og:image\" content=\"https:\/\/distributioneverflow.com\/wp-content\/uploads\/2025\/05\/POLYFLOW-285-2.jpg\" \/>\n\t<meta property=\"og:image:width\" content=\"1080\" \/>\n\t<meta property=\"og:image:height\" content=\"1080\" \/>\n\t<meta property=\"og:image:type\" content=\"image\/jpeg\" \/>\n<meta name=\"twitter:card\" content=\"summary_large_image\" \/>\n<script type=\"application\/ld+json\" class=\"yoast-schema-graph\">{\"@context\":\"https:\\\/\\\/schema.org\",\"@graph\":[{\"@type\":\"WebPage\",\"@id\":\"https:\\\/\\\/distributioneverflow.com\\\/fr\\\/produit\\\/everclean\\\/\",\"url\":\"https:\\\/\\\/distributioneverflow.com\\\/fr\\\/produit\\\/everclean\\\/\",\"name\":\"EVERCLEAN (magasin uniquement) - Distribution Everflow.\",\"isPartOf\":{\"@id\":\"https:\\\/\\\/distributioneverflow.com\\\/fr\\\/#website\"},\"primaryImageOfPage\":{\"@id\":\"https:\\\/\\\/distributioneverflow.com\\\/fr\\\/produit\\\/everclean\\\/#primaryimage\"},\"image\":{\"@id\":\"https:\\\/\\\/distributioneverflow.com\\\/fr\\\/produit\\\/everclean\\\/#primaryimage\"},\"thumbnailUrl\":\"https:\\\/\\\/distributioneverflow.com\\\/wp-content\\\/uploads\\\/2025\\\/05\\\/EVERCLEAN.png\",\"datePublished\":\"2025-05-26T18:35:57+00:00\",\"dateModified\":\"2025-08-26T11:14:24+00:00\",\"description\":\"EVERCLEAN est un nettoyant et d\u00e9graissant microbien sp\u00e9cialement formul\u00e9 pour \u00e9liminer et rem\u00e9dier aux graisses, huiles, prot\u00e9ines, cellulose, amidon sur les surfaces en b\u00e9ton ou les surfaces rev\u00eatues d'\u00e9poxy\\\/ur\u00e9thane.\",\"breadcrumb\":{\"@id\":\"https:\\\/\\\/distributioneverflow.com\\\/fr\\\/produit\\\/everclean\\\/#breadcrumb\"},\"inLanguage\":\"fr-FR\",\"potentialAction\":[{\"@type\":\"ReadAction\",\"target\":[\"https:\\\/\\\/distributioneverflow.com\\\/fr\\\/produit\\\/everclean\\\/\"]}]},{\"@type\":\"ImageObject\",\"inLanguage\":\"fr-FR\",\"@id\":\"https:\\\/\\\/distributioneverflow.com\\\/fr\\\/produit\\\/everclean\\\/#primaryimage\",\"url\":\"https:\\\/\\\/distributioneverflow.com\\\/wp-content\\\/uploads\\\/2025\\\/05\\\/EVERCLEAN.png\",\"contentUrl\":\"https:\\\/\\\/distributioneverflow.com\\\/wp-content\\\/uploads\\\/2025\\\/05\\\/EVERCLEAN.png\",\"width\":1080,\"height\":1080},{\"@type\":\"BreadcrumbList\",\"@id\":\"https:\\\/\\\/distributioneverflow.com\\\/fr\\\/produit\\\/everclean\\\/#breadcrumb\",\"itemListElement\":[{\"@type\":\"ListItem\",\"position\":1,\"name\":\"Accueil\",\"item\":\"https:\\\/\\\/distributioneverflow.com\\\/fr\\\/accueil\\\/\"},{\"@type\":\"ListItem\",\"position\":2,\"name\":\"Boutique\",\"item\":\"https:\\\/\\\/distributioneverflow.com\\\/fr\\\/boutique\\\/\"},{\"@type\":\"ListItem\",\"position\":3,\"name\":\"EVERCLEAN (magasin uniquement)\"}]},{\"@type\":\"WebSite\",\"@id\":\"https:\\\/\\\/distributioneverflow.com\\\/fr\\\/#website\",\"url\":\"https:\\\/\\\/distributioneverflow.com\\\/fr\\\/\",\"name\":\"Everflow distribution\",\"description\":\"\",\"publisher\":{\"@id\":\"https:\\\/\\\/distributioneverflow.com\\\/fr\\\/#organization\"},\"potentialAction\":[{\"@type\":\"SearchAction\",\"target\":{\"@type\":\"EntryPoint\",\"urlTemplate\":\"https:\\\/\\\/distributioneverflow.com\\\/fr\\\/?s={search_term_string}\"},\"query-input\":{\"@type\":\"PropertyValueSpecification\",\"valueRequired\":true,\"valueName\":\"search_term_string\"}}],\"inLanguage\":\"fr-FR\"},{\"@type\":\"Organization\",\"@id\":\"https:\\\/\\\/distributioneverflow.com\\\/fr\\\/#organization\",\"name\":\"Distribution Everflow\",\"url\":\"https:\\\/\\\/distributioneverflow.com\\\/fr\\\/\",\"logo\":{\"@type\":\"ImageObject\",\"inLanguage\":\"fr-FR\",\"@id\":\"https:\\\/\\\/distributioneverflow.com\\\/fr\\\/#\\\/schema\\\/logo\\\/image\\\/\",\"url\":\"https:\\\/\\\/distributioneverflow.com\\\/wp-content\\\/uploads\\\/2021\\\/11\\\/cropped-Everflow_Distrib_Horiz_WhiteBackground.png\",\"contentUrl\":\"https:\\\/\\\/distributioneverflow.com\\\/wp-content\\\/uploads\\\/2021\\\/11\\\/cropped-Everflow_Distrib_Horiz_WhiteBackground.png\",\"width\":900,\"height\":204,\"caption\":\"Distribution Everflow\"},\"image\":{\"@id\":\"https:\\\/\\\/distributioneverflow.com\\\/fr\\\/#\\\/schema\\\/logo\\\/image\\\/\"},\"sameAs\":[\"https:\\\/\\\/www.facebook.com\\\/DistributionEVERFLOW\",\"https:\\\/\\\/www.instagram.com\\\/distribution_everflow\\\/\"]}]}<\/script>\n<!-- \/ Yoast SEO plugin. -->","yoast_head_json":{"title":"EVERCLEAN (magasin uniquement) - Distribution Everflow.","description":"EVERCLEAN est un nettoyant et d\u00e9graissant microbien sp\u00e9cialement formul\u00e9 pour \u00e9liminer et rem\u00e9dier aux graisses, huiles, prot\u00e9ines, cellulose, amidon sur les surfaces en b\u00e9ton ou les surfaces rev\u00eatues d'\u00e9poxy\/ur\u00e9thane.","robots":{"index":"index","follow":"follow","max-snippet":"max-snippet:-1","max-image-preview":"max-image-preview:large","max-video-preview":"max-video-preview:-1"},"canonical":"https:\/\/distributioneverflow.com\/fr\/produit\/everclean\/","og_locale":"fr_FR","og_type":"article","og_title":"EVERCLEAN (magasin uniquement) - Distribution Everflow.","og_description":"EVERCLEAN est un nettoyant et d\u00e9graissant microbien sp\u00e9cialement formul\u00e9 pour \u00e9liminer et rem\u00e9dier aux graisses, huiles, prot\u00e9ines, cellulose, amidon sur les surfaces en b\u00e9ton ou les surfaces rev\u00eatues d'\u00e9poxy\/ur\u00e9thane.","og_url":"https:\/\/distributioneverflow.com\/fr\/produit\/everclean\/","og_site_name":"Distribution Everflow","article_publisher":"https:\/\/www.facebook.com\/DistributionEVERFLOW","article_modified_time":"2025-08-26T11:14:24+00:00","og_image":[{"width":1080,"height":1080,"url":"https:\/\/distributioneverflow.com\/wp-content\/uploads\/2025\/05\/POLYFLOW-285-2.jpg","type":"image\/jpeg"}],"twitter_card":"summary_large_image","schema":{"@context":"https:\/\/schema.org","@graph":[{"@type":"WebPage","@id":"https:\/\/distributioneverflow.com\/fr\/produit\/everclean\/","url":"https:\/\/distributioneverflow.com\/fr\/produit\/everclean\/","name":"EVERCLEAN (magasin uniquement) - Distribution Everflow.","isPartOf":{"@id":"https:\/\/distributioneverflow.com\/fr\/#website"},"primaryImageOfPage":{"@id":"https:\/\/distributioneverflow.com\/fr\/produit\/everclean\/#primaryimage"},"image":{"@id":"https:\/\/distributioneverflow.com\/fr\/produit\/everclean\/#primaryimage"},"thumbnailUrl":"https:\/\/distributioneverflow.com\/wp-content\/uploads\/2025\/05\/EVERCLEAN.png","datePublished":"2025-05-26T18:35:57+00:00","dateModified":"2025-08-26T11:14:24+00:00","description":"EVERCLEAN est un nettoyant et d\u00e9graissant microbien sp\u00e9cialement formul\u00e9 pour \u00e9liminer et rem\u00e9dier aux graisses, huiles, prot\u00e9ines, cellulose, amidon sur les surfaces en b\u00e9ton ou les surfaces rev\u00eatues d'\u00e9poxy\/ur\u00e9thane.","breadcrumb":{"@id":"https:\/\/distributioneverflow.com\/fr\/produit\/everclean\/#breadcrumb"},"inLanguage":"fr-FR","potentialAction":[{"@type":"ReadAction","target":["https:\/\/distributioneverflow.com\/fr\/produit\/everclean\/"]}]},{"@type":"ImageObject","inLanguage":"fr-FR","@id":"https:\/\/distributioneverflow.com\/fr\/produit\/everclean\/#primaryimage","url":"https:\/\/distributioneverflow.com\/wp-content\/uploads\/2025\/05\/EVERCLEAN.png","contentUrl":"https:\/\/distributioneverflow.com\/wp-content\/uploads\/2025\/05\/EVERCLEAN.png","width":1080,"height":1080},{"@type":"BreadcrumbList","@id":"https:\/\/distributioneverflow.com\/fr\/produit\/everclean\/#breadcrumb","itemListElement":[{"@type":"ListItem","position":1,"name":"Accueil","item":"https:\/\/distributioneverflow.com\/fr\/accueil\/"},{"@type":"ListItem","position":2,"name":"Boutique","item":"https:\/\/distributioneverflow.com\/fr\/boutique\/"},{"@type":"ListItem","position":3,"name":"EVERCLEAN (magasin uniquement)"}]},{"@type":"WebSite","@id":"https:\/\/distributioneverflow.com\/fr\/#website","url":"https:\/\/distributioneverflow.com\/fr\/","name":"Everflow distribution","description":"","publisher":{"@id":"https:\/\/distributioneverflow.com\/fr\/#organization"},"potentialAction":[{"@type":"SearchAction","target":{"@type":"EntryPoint","urlTemplate":"https:\/\/distributioneverflow.com\/fr\/?s={search_term_string}"},"query-input":{"@type":"PropertyValueSpecification","valueRequired":true,"valueName":"search_term_string"}}],"inLanguage":"fr-FR"},{"@type":"Organization","@id":"https:\/\/distributioneverflow.com\/fr\/#organization","name":"Distribution Everflow","url":"https:\/\/distributioneverflow.com\/fr\/","logo":{"@type":"ImageObject","inLanguage":"fr-FR","@id":"https:\/\/distributioneverflow.com\/fr\/#\/schema\/logo\/image\/","url":"https:\/\/distributioneverflow.com\/wp-content\/uploads\/2021\/11\/cropped-Everflow_Distrib_Horiz_WhiteBackground.png","contentUrl":"https:\/\/distributioneverflow.com\/wp-content\/uploads\/2021\/11\/cropped-Everflow_Distrib_Horiz_WhiteBackground.png","width":900,"height":204,"caption":"Distribution Everflow"},"image":{"@id":"https:\/\/distributioneverflow.com\/fr\/#\/schema\/logo\/image\/"},"sameAs":["https:\/\/www.facebook.com\/DistributionEVERFLOW","https:\/\/www.instagram.com\/distribution_everflow\/"]}]}},"_links":{"self":[{"href":"https:\/\/distributioneverflow.com\/fr\/wp-json\/wp\/v2\/product\/10726","targetHints":{"allow":["GET"]}}],"collection":[{"href":"https:\/\/distributioneverflow.com\/fr\/wp-json\/wp\/v2\/product"}],"about":[{"href":"https:\/\/distributioneverflow.com\/fr\/wp-json\/wp\/v2\/types\/product"}],"version-history":[{"count":1,"href":"https:\/\/distributioneverflow.com\/fr\/wp-json\/wp\/v2\/product\/10726\/revisions"}],"predecessor-version":[{"id":11235,"href":"https:\/\/distributioneverflow.com\/fr\/wp-json\/wp\/v2\/product\/10726\/revisions\/11235"}],"wp:featuredmedia":[{"embeddable":true,"href":"https:\/\/distributioneverflow.com\/fr\/wp-json\/wp\/v2\/media\/12619"}],"wp:attachment":[{"href":"https:\/\/distributioneverflow.com\/fr\/wp-json\/wp\/v2\/media?parent=10726"}],"wp:term":[{"taxonomy":"product_brand","embeddable":true,"href":"https:\/\/distributioneverflow.com\/fr\/wp-json\/wp\/v2\/product_brand?post=10726"},{"taxonomy":"product_cat","embeddable":true,"href":"https:\/\/distributioneverflow.com\/fr\/wp-json\/wp\/v2\/product_cat?post=10726"},{"taxonomy":"product_tag","embeddable":true,"href":"https:\/\/distributioneverflow.com\/fr\/wp-json\/wp\/v2\/product_tag?post=10726"}],"curies":[{"name":"wp","href":"https:\/\/api.w.org\/{rel}","templated":true}]}}