{"id":10734,"date":"2025-05-26T18:45:07","date_gmt":"2025-05-26T18:45:07","guid":{"rendered":"https:\/\/distributioneverflow.com\/product\/polyflow-275\/"},"modified":"2025-08-26T11:13:49","modified_gmt":"2025-08-26T11:13:49","slug":"polyflow-275","status":"publish","type":"product","link":"https:\/\/distributioneverflow.com\/fr\/produit\/polyflow-275\/","title":{"rendered":"POLYFLOW-275 (magasin uniquement)"},"content":{"rendered":"<h1 style=\"text-align: center;\">POLYFLOW-275<\/h1>\n<p style=\"text-align: center;\"><a href=\"https:\/\/distributioneverflow.com\/wp-content\/uploads\/2025\/05\/POLYFLOW-275-Technical-Data-Sheet.pdf\">CLIQUEZ ICI POUR LA FICHE TECHNIQUE POLYFLOW-275<\/a><\/p>\n","protected":false},"excerpt":{"rendered":"<p style=\"text-align: left;\"><img decoding=\"async\" class=\"wp-image-8713\" src=\"https:\/\/distributioneverflow.com\/wp-content\/uploads\/2025\/05\/Design-sans-titre-34-300x90.jpg\" alt=\"\" width=\"87\" height=\"26\" srcset=\"https:\/\/distributioneverflow.com\/wp-content\/uploads\/2025\/05\/Design-sans-titre-34-300x90.jpg 300w, https:\/\/distributioneverflow.com\/wp-content\/uploads\/2025\/05\/Design-sans-titre-34-1024x307.jpg 1024w, https:\/\/distributioneverflow.com\/wp-content\/uploads\/2025\/05\/Design-sans-titre-34-768x230.jpg 768w, https:\/\/distributioneverflow.com\/wp-content\/uploads\/2025\/05\/Design-sans-titre-34-800x240.jpg 800w, https:\/\/distributioneverflow.com\/wp-content\/uploads\/2025\/05\/Design-sans-titre-34.jpg 1500w\" sizes=\"(max-width: 87px) 100vw, 87px\" \/><\/p>\n<p>Polyflow-275 est un rev\u00eatement polyur\u00e9thane aliphatique \u00e0 base de solvant, \u00e0 deux composants, conforme aux COV,<br \/>\n. Il a \u00e9t\u00e9 sp\u00e9cialement con\u00e7u pour \u00eatre utilis\u00e9 comme couche de finition<br \/>\nstable aux UV lorsque le temps d&rsquo;arr\u00eat de l&rsquo;installation est limit\u00e9. Il est recommand\u00e9 sur<br \/>\npour les zones o\u00f9 une fine couche transparente est souhait\u00e9e sur les rev\u00eatements color\u00e9s<br \/>\nou les syst\u00e8mes de diffusion de paillettes de vinyle.<\/p>\n<p>Le Polyflow-275 offre une r\u00e9sistance sup\u00e9rieure \u00e0 l&rsquo;abrasion<br \/>\n, aux produits chimiques et aux UV, ainsi qu&rsquo;une finition brillante et cristalline.<\/p>\n","protected":false},"featured_media":11114,"template":"","meta":{"inline_featured_image":false},"product_brand":[252],"product_cat":[243,241],"product_tag":[],"class_list":{"0":"post-10734","1":"product","2":"type-product","3":"status-publish","4":"has-post-thumbnail","6":"product_brand-everflow-fr","7":"product_cat-epoxy-fr","8":"product_cat-tous","10":"first","11":"instock","12":"taxable","13":"shipping-taxable","14":"product-type-simple"},"yoast_head":"<!-- This site is optimized with the Yoast SEO plugin v27.3 - https:\/\/yoast.com\/product\/yoast-seo-wordpress\/ -->\n<title>POLYFLOW-275 (magasin uniquement) - Distribution Everflow.<\/title>\n<meta name=\"description\" content=\"Polyflow-275 est un rev\u00eatement polyur\u00e9thane aliphatique polyaspartique \u00e0 base de solvant, \u00e0 deux composants, conforme aux COV. Il a \u00e9t\u00e9 sp\u00e9cialement con\u00e7u pour \u00eatre utilis\u00e9 comme couche de finition stable aux UV lorsque le temps d&#039;arr\u00eat de l&#039;installation est limit\u00e9.\" \/>\n<meta name=\"robots\" content=\"index, follow, max-snippet:-1, max-image-preview:large, max-video-preview:-1\" \/>\n<link rel=\"canonical\" href=\"https:\/\/distributioneverflow.com\/fr\/produit\/polyflow-275\/\" \/>\n<meta property=\"og:locale\" content=\"fr_FR\" \/>\n<meta property=\"og:type\" content=\"article\" \/>\n<meta property=\"og:title\" content=\"POLYFLOW-275 (magasin uniquement) - Distribution Everflow.\" \/>\n<meta property=\"og:description\" content=\"Polyflow-275 est un rev\u00eatement polyur\u00e9thane aliphatique polyaspartique \u00e0 base de solvant, \u00e0 deux composants, conforme aux COV. Il a \u00e9t\u00e9 sp\u00e9cialement con\u00e7u pour \u00eatre utilis\u00e9 comme couche de finition stable aux UV lorsque le temps d&#039;arr\u00eat de l&#039;installation est limit\u00e9.\" \/>\n<meta property=\"og:url\" content=\"https:\/\/distributioneverflow.com\/fr\/produit\/polyflow-275\/\" \/>\n<meta property=\"og:site_name\" content=\"Distribution Everflow\" \/>\n<meta property=\"article:publisher\" content=\"https:\/\/www.facebook.com\/DistributionEVERFLOW\" \/>\n<meta property=\"article:modified_time\" content=\"2025-08-26T11:13:49+00:00\" \/>\n<meta property=\"og:image\" content=\"https:\/\/distributioneverflow.com\/wp-content\/uploads\/2025\/05\/POLYFLOW-275.jpg\" \/>\n\t<meta property=\"og:image:width\" content=\"1080\" \/>\n\t<meta property=\"og:image:height\" content=\"1080\" \/>\n\t<meta property=\"og:image:type\" content=\"image\/jpeg\" \/>\n<meta name=\"twitter:card\" content=\"summary_large_image\" \/>\n<script type=\"application\/ld+json\" class=\"yoast-schema-graph\">{\"@context\":\"https:\\\/\\\/schema.org\",\"@graph\":[{\"@type\":\"WebPage\",\"@id\":\"https:\\\/\\\/distributioneverflow.com\\\/fr\\\/produit\\\/polyflow-275\\\/\",\"url\":\"https:\\\/\\\/distributioneverflow.com\\\/fr\\\/produit\\\/polyflow-275\\\/\",\"name\":\"POLYFLOW-275 (magasin uniquement) - Distribution Everflow.\",\"isPartOf\":{\"@id\":\"https:\\\/\\\/distributioneverflow.com\\\/fr\\\/#website\"},\"primaryImageOfPage\":{\"@id\":\"https:\\\/\\\/distributioneverflow.com\\\/fr\\\/produit\\\/polyflow-275\\\/#primaryimage\"},\"image\":{\"@id\":\"https:\\\/\\\/distributioneverflow.com\\\/fr\\\/produit\\\/polyflow-275\\\/#primaryimage\"},\"thumbnailUrl\":\"https:\\\/\\\/distributioneverflow.com\\\/wp-content\\\/uploads\\\/2025\\\/05\\\/POLYFLOW-275.jpg\",\"datePublished\":\"2025-05-26T18:45:07+00:00\",\"dateModified\":\"2025-08-26T11:13:49+00:00\",\"description\":\"Polyflow-275 est un rev\u00eatement polyur\u00e9thane aliphatique polyaspartique \u00e0 base de solvant, \u00e0 deux composants, conforme aux COV. Il a \u00e9t\u00e9 sp\u00e9cialement con\u00e7u pour \u00eatre utilis\u00e9 comme couche de finition stable aux UV lorsque le temps d'arr\u00eat de l'installation est limit\u00e9.\",\"breadcrumb\":{\"@id\":\"https:\\\/\\\/distributioneverflow.com\\\/fr\\\/produit\\\/polyflow-275\\\/#breadcrumb\"},\"inLanguage\":\"fr-FR\",\"potentialAction\":[{\"@type\":\"ReadAction\",\"target\":[\"https:\\\/\\\/distributioneverflow.com\\\/fr\\\/produit\\\/polyflow-275\\\/\"]}]},{\"@type\":\"ImageObject\",\"inLanguage\":\"fr-FR\",\"@id\":\"https:\\\/\\\/distributioneverflow.com\\\/fr\\\/produit\\\/polyflow-275\\\/#primaryimage\",\"url\":\"https:\\\/\\\/distributioneverflow.com\\\/wp-content\\\/uploads\\\/2025\\\/05\\\/POLYFLOW-275.jpg\",\"contentUrl\":\"https:\\\/\\\/distributioneverflow.com\\\/wp-content\\\/uploads\\\/2025\\\/05\\\/POLYFLOW-275.jpg\",\"width\":1080,\"height\":1080},{\"@type\":\"BreadcrumbList\",\"@id\":\"https:\\\/\\\/distributioneverflow.com\\\/fr\\\/produit\\\/polyflow-275\\\/#breadcrumb\",\"itemListElement\":[{\"@type\":\"ListItem\",\"position\":1,\"name\":\"Accueil\",\"item\":\"https:\\\/\\\/distributioneverflow.com\\\/fr\\\/accueil\\\/\"},{\"@type\":\"ListItem\",\"position\":2,\"name\":\"Boutique\",\"item\":\"https:\\\/\\\/distributioneverflow.com\\\/fr\\\/boutique\\\/\"},{\"@type\":\"ListItem\",\"position\":3,\"name\":\"POLYFLOW-275 (magasin uniquement)\"}]},{\"@type\":\"WebSite\",\"@id\":\"https:\\\/\\\/distributioneverflow.com\\\/fr\\\/#website\",\"url\":\"https:\\\/\\\/distributioneverflow.com\\\/fr\\\/\",\"name\":\"Everflow distribution\",\"description\":\"\",\"publisher\":{\"@id\":\"https:\\\/\\\/distributioneverflow.com\\\/fr\\\/#organization\"},\"potentialAction\":[{\"@type\":\"SearchAction\",\"target\":{\"@type\":\"EntryPoint\",\"urlTemplate\":\"https:\\\/\\\/distributioneverflow.com\\\/fr\\\/?s={search_term_string}\"},\"query-input\":{\"@type\":\"PropertyValueSpecification\",\"valueRequired\":true,\"valueName\":\"search_term_string\"}}],\"inLanguage\":\"fr-FR\"},{\"@type\":\"Organization\",\"@id\":\"https:\\\/\\\/distributioneverflow.com\\\/fr\\\/#organization\",\"name\":\"Distribution Everflow\",\"url\":\"https:\\\/\\\/distributioneverflow.com\\\/fr\\\/\",\"logo\":{\"@type\":\"ImageObject\",\"inLanguage\":\"fr-FR\",\"@id\":\"https:\\\/\\\/distributioneverflow.com\\\/fr\\\/#\\\/schema\\\/logo\\\/image\\\/\",\"url\":\"https:\\\/\\\/distributioneverflow.com\\\/wp-content\\\/uploads\\\/2021\\\/11\\\/cropped-Everflow_Distrib_Horiz_WhiteBackground.png\",\"contentUrl\":\"https:\\\/\\\/distributioneverflow.com\\\/wp-content\\\/uploads\\\/2021\\\/11\\\/cropped-Everflow_Distrib_Horiz_WhiteBackground.png\",\"width\":900,\"height\":204,\"caption\":\"Distribution Everflow\"},\"image\":{\"@id\":\"https:\\\/\\\/distributioneverflow.com\\\/fr\\\/#\\\/schema\\\/logo\\\/image\\\/\"},\"sameAs\":[\"https:\\\/\\\/www.facebook.com\\\/DistributionEVERFLOW\",\"https:\\\/\\\/www.instagram.com\\\/distribution_everflow\\\/\"]}]}<\/script>\n<!-- \/ Yoast SEO plugin. -->","yoast_head_json":{"title":"POLYFLOW-275 (magasin uniquement) - Distribution Everflow.","description":"Polyflow-275 est un rev\u00eatement polyur\u00e9thane aliphatique polyaspartique \u00e0 base de solvant, \u00e0 deux composants, conforme aux COV. Il a \u00e9t\u00e9 sp\u00e9cialement con\u00e7u pour \u00eatre utilis\u00e9 comme couche de finition stable aux UV lorsque le temps d'arr\u00eat de l'installation est limit\u00e9.","robots":{"index":"index","follow":"follow","max-snippet":"max-snippet:-1","max-image-preview":"max-image-preview:large","max-video-preview":"max-video-preview:-1"},"canonical":"https:\/\/distributioneverflow.com\/fr\/produit\/polyflow-275\/","og_locale":"fr_FR","og_type":"article","og_title":"POLYFLOW-275 (magasin uniquement) - Distribution Everflow.","og_description":"Polyflow-275 est un rev\u00eatement polyur\u00e9thane aliphatique polyaspartique \u00e0 base de solvant, \u00e0 deux composants, conforme aux COV. Il a \u00e9t\u00e9 sp\u00e9cialement con\u00e7u pour \u00eatre utilis\u00e9 comme couche de finition stable aux UV lorsque le temps d'arr\u00eat de l'installation est limit\u00e9.","og_url":"https:\/\/distributioneverflow.com\/fr\/produit\/polyflow-275\/","og_site_name":"Distribution Everflow","article_publisher":"https:\/\/www.facebook.com\/DistributionEVERFLOW","article_modified_time":"2025-08-26T11:13:49+00:00","og_image":[{"width":1080,"height":1080,"url":"https:\/\/distributioneverflow.com\/wp-content\/uploads\/2025\/05\/POLYFLOW-275.jpg","type":"image\/jpeg"}],"twitter_card":"summary_large_image","schema":{"@context":"https:\/\/schema.org","@graph":[{"@type":"WebPage","@id":"https:\/\/distributioneverflow.com\/fr\/produit\/polyflow-275\/","url":"https:\/\/distributioneverflow.com\/fr\/produit\/polyflow-275\/","name":"POLYFLOW-275 (magasin uniquement) - Distribution Everflow.","isPartOf":{"@id":"https:\/\/distributioneverflow.com\/fr\/#website"},"primaryImageOfPage":{"@id":"https:\/\/distributioneverflow.com\/fr\/produit\/polyflow-275\/#primaryimage"},"image":{"@id":"https:\/\/distributioneverflow.com\/fr\/produit\/polyflow-275\/#primaryimage"},"thumbnailUrl":"https:\/\/distributioneverflow.com\/wp-content\/uploads\/2025\/05\/POLYFLOW-275.jpg","datePublished":"2025-05-26T18:45:07+00:00","dateModified":"2025-08-26T11:13:49+00:00","description":"Polyflow-275 est un rev\u00eatement polyur\u00e9thane aliphatique polyaspartique \u00e0 base de solvant, \u00e0 deux composants, conforme aux COV. Il a \u00e9t\u00e9 sp\u00e9cialement con\u00e7u pour \u00eatre utilis\u00e9 comme couche de finition stable aux UV lorsque le temps d'arr\u00eat de l'installation est limit\u00e9.","breadcrumb":{"@id":"https:\/\/distributioneverflow.com\/fr\/produit\/polyflow-275\/#breadcrumb"},"inLanguage":"fr-FR","potentialAction":[{"@type":"ReadAction","target":["https:\/\/distributioneverflow.com\/fr\/produit\/polyflow-275\/"]}]},{"@type":"ImageObject","inLanguage":"fr-FR","@id":"https:\/\/distributioneverflow.com\/fr\/produit\/polyflow-275\/#primaryimage","url":"https:\/\/distributioneverflow.com\/wp-content\/uploads\/2025\/05\/POLYFLOW-275.jpg","contentUrl":"https:\/\/distributioneverflow.com\/wp-content\/uploads\/2025\/05\/POLYFLOW-275.jpg","width":1080,"height":1080},{"@type":"BreadcrumbList","@id":"https:\/\/distributioneverflow.com\/fr\/produit\/polyflow-275\/#breadcrumb","itemListElement":[{"@type":"ListItem","position":1,"name":"Accueil","item":"https:\/\/distributioneverflow.com\/fr\/accueil\/"},{"@type":"ListItem","position":2,"name":"Boutique","item":"https:\/\/distributioneverflow.com\/fr\/boutique\/"},{"@type":"ListItem","position":3,"name":"POLYFLOW-275 (magasin uniquement)"}]},{"@type":"WebSite","@id":"https:\/\/distributioneverflow.com\/fr\/#website","url":"https:\/\/distributioneverflow.com\/fr\/","name":"Everflow distribution","description":"","publisher":{"@id":"https:\/\/distributioneverflow.com\/fr\/#organization"},"potentialAction":[{"@type":"SearchAction","target":{"@type":"EntryPoint","urlTemplate":"https:\/\/distributioneverflow.com\/fr\/?s={search_term_string}"},"query-input":{"@type":"PropertyValueSpecification","valueRequired":true,"valueName":"search_term_string"}}],"inLanguage":"fr-FR"},{"@type":"Organization","@id":"https:\/\/distributioneverflow.com\/fr\/#organization","name":"Distribution Everflow","url":"https:\/\/distributioneverflow.com\/fr\/","logo":{"@type":"ImageObject","inLanguage":"fr-FR","@id":"https:\/\/distributioneverflow.com\/fr\/#\/schema\/logo\/image\/","url":"https:\/\/distributioneverflow.com\/wp-content\/uploads\/2021\/11\/cropped-Everflow_Distrib_Horiz_WhiteBackground.png","contentUrl":"https:\/\/distributioneverflow.com\/wp-content\/uploads\/2021\/11\/cropped-Everflow_Distrib_Horiz_WhiteBackground.png","width":900,"height":204,"caption":"Distribution Everflow"},"image":{"@id":"https:\/\/distributioneverflow.com\/fr\/#\/schema\/logo\/image\/"},"sameAs":["https:\/\/www.facebook.com\/DistributionEVERFLOW","https:\/\/www.instagram.com\/distribution_everflow\/"]}]}},"_links":{"self":[{"href":"https:\/\/distributioneverflow.com\/fr\/wp-json\/wp\/v2\/product\/10734","targetHints":{"allow":["GET"]}}],"collection":[{"href":"https:\/\/distributioneverflow.com\/fr\/wp-json\/wp\/v2\/product"}],"about":[{"href":"https:\/\/distributioneverflow.com\/fr\/wp-json\/wp\/v2\/types\/product"}],"version-history":[{"count":1,"href":"https:\/\/distributioneverflow.com\/fr\/wp-json\/wp\/v2\/product\/10734\/revisions"}],"predecessor-version":[{"id":11232,"href":"https:\/\/distributioneverflow.com\/fr\/wp-json\/wp\/v2\/product\/10734\/revisions\/11232"}],"wp:featuredmedia":[{"embeddable":true,"href":"https:\/\/distributioneverflow.com\/fr\/wp-json\/wp\/v2\/media\/11114"}],"wp:attachment":[{"href":"https:\/\/distributioneverflow.com\/fr\/wp-json\/wp\/v2\/media?parent=10734"}],"wp:term":[{"taxonomy":"product_brand","embeddable":true,"href":"https:\/\/distributioneverflow.com\/fr\/wp-json\/wp\/v2\/product_brand?post=10734"},{"taxonomy":"product_cat","embeddable":true,"href":"https:\/\/distributioneverflow.com\/fr\/wp-json\/wp\/v2\/product_cat?post=10734"},{"taxonomy":"product_tag","embeddable":true,"href":"https:\/\/distributioneverflow.com\/fr\/wp-json\/wp\/v2\/product_tag?post=10734"}],"curies":[{"name":"wp","href":"https:\/\/api.w.org\/{rel}","templated":true}]}}