{"id":10820,"date":"2025-05-06T15:20:54","date_gmt":"2025-05-06T15:20:54","guid":{"rendered":"https:\/\/distributioneverflow.com\/product\/cadre-de-cage-nour-18-cadre-a-revetement-de-sol-ultra-robuste\/"},"modified":"2025-05-06T15:20:54","modified_gmt":"2025-05-06T15:20:54","slug":"cadre-de-cage-nour-18-cadre-a-revetement-de-sol-ultra-robuste","status":"publish","type":"product","link":"https:\/\/distributioneverflow.com\/fr\/produit\/cadre-de-cage-nour-18-cadre-a-revetement-de-sol-ultra-robuste\/","title":{"rendered":"Cadre de cage NOUR 18&Prime; &#8211; Cadre \u00e0 rev\u00eatement de sol ultra-robuste"},"content":{"rendered":"<h3 class=\"\" data-start=\"127\" data-end=\"185\">Cadre de cage NOUR 18&Prime; &#8211; Cadre \u00e0 rev\u00eatement de sol ultra-robuste<\/h3>\n<p class=\"\" data-start=\"186\" data-end=\"202\"><strong data-start=\"186\" data-end=\"202\">SKU : ZFR1805<\/strong><\/p>\n<p class=\"\" data-start=\"204\" data-end=\"537\">Le <strong data-start=\"208\" data-end=\"239\">cadre \u00e0 cage de 18&Prime; de NOUR ZFR1805<\/strong> est un <strong data-start=\"245\" data-end=\"272\">cadre \u00e0 rouleau robuste<\/strong> con\u00e7u pour une utilisation professionnelle avec des <strong data-start=\"341\" data-end=\"362\">rev\u00eatements<\/strong> <strong data-start=\"308\" data-end=\"317\">\u00e9poxy<\/strong>, <strong data-start=\"319\" data-end=\"335\">polyaspartiques<\/strong> et ur\u00e9thaniques. Construit avec un <strong data-start=\"378\" data-end=\"395\">corps en aluminium<\/strong> et un <strong data-start=\"402\" data-end=\"429\">syst\u00e8me de cage en fil m\u00e9tallique s\u00e9curis\u00e9<\/strong>, ce cadre maintient fermement en place les grandes recharges de rouleaux pour une couverture lisse et uniforme sur de larges surfaces en b\u00e9ton. <\/p>\n<p class=\"\" data-start=\"539\" data-end=\"791\">L \u00ab <strong data-start=\"554\" data-end=\"573\">adaptateur boulonn\u00e9<\/strong> r\u00e9glable s&rsquo;adapte aux perches d&rsquo;extension standard et assure une prise solide lors des applications de rev\u00eatement de sol \u00e0 haute pression. Id\u00e9al pour les entrepreneurs qui ont besoin d&rsquo;efficacit\u00e9, de stabilit\u00e9 et de performance pour les projets d \u00bb \u00e9poxy et de b\u00e9ton \u00e0 grande \u00e9chelle. <\/p>\n<p class=\"\" data-start=\"793\" data-end=\"812\"><strong data-start=\"793\" data-end=\"810\">Caract\u00e9ristiques principales :<\/strong><\/p>\n<ul data-start=\"813\" data-end=\"1050\">\n<li class=\"\" data-start=\"813\" data-end=\"861\">\n<p class=\"\" data-start=\"815\" data-end=\"861\">Cadre en aluminium de 18&Prime; pour une application \u00e0 grande surface<\/p>\n<\/li>\n<li class=\"\" data-start=\"862\" data-end=\"900\">\n<p class=\"\" data-start=\"864\" data-end=\"900\">Porte-rouleau \u00e0 cage m\u00e9tallique robuste<\/p>\n<\/li>\n<li class=\"\" data-start=\"901\" data-end=\"953\">\n<p class=\"\" data-start=\"903\" data-end=\"953\">Adaptation s\u00fbre pour les \u00e9poxy et les rev\u00eatements \u00e0 haute viscosit\u00e9<\/p>\n<\/li>\n<li class=\"\" data-start=\"954\" data-end=\"1000\">\n<p class=\"\" data-start=\"956\" data-end=\"1000\">Adaptateur boulonn\u00e9 pour les perches d&rsquo;extension<\/p>\n<\/li>\n<li class=\"\" data-start=\"1001\" data-end=\"1050\">\n<p class=\"\" data-start=\"1003\" data-end=\"1050\">R\u00e9sistant aux solvants et con\u00e7u pour les entrepreneurs<\/p>\n<\/li>\n<\/ul>\n<p class=\"\" data-start=\"1052\" data-end=\"1068\"><strong data-start=\"1052\" data-end=\"1066\">Id\u00e9al pour :<\/strong><\/p>\n<ul data-start=\"1069\" data-end=\"1231\">\n<li class=\"\" data-start=\"1069\" data-end=\"1109\">\n<p class=\"\" data-start=\"1071\" data-end=\"1109\">Syst\u00e8mes de sols \u00e9poxy et polyaspartiques<\/p>\n<\/li>\n<li class=\"\" data-start=\"1110\" data-end=\"1142\">\n<p class=\"\" data-start=\"1112\" data-end=\"1142\">Produits d&rsquo;\u00e9tanch\u00e9it\u00e9 et appr\u00eats \u00e0 base d&rsquo;ur\u00e9thane<\/p>\n<\/li>\n<li class=\"\" data-start=\"1143\" data-end=\"1187\">\n<p class=\"\" data-start=\"1145\" data-end=\"1187\">Sols de garages, d&rsquo;entrep\u00f4ts et de b\u00e2timents industriels<\/p>\n<\/li>\n<li class=\"\" data-start=\"1188\" data-end=\"1231\">\n<p class=\"\" data-start=\"1190\" data-end=\"1231\">Applications professionnelles de rev\u00eatement de sol<\/p>\n<\/li>\n<\/ul>\n","protected":false},"excerpt":{"rendered":"<p>Cadre de cage NOUR 18&Prime; &#8211; Cadre \u00e0 rev\u00eatement de sol ultra-robuste SKU : ZFR1805 Le cadre \u00e0 cage de 18&Prime; de NOUR ZFR1805 est un cadre \u00e0 rouleau robuste con\u00e7u pour une utilisation professionnelle avec des rev\u00eatements \u00e9poxy, polyaspartiques et ur\u00e9thaniques. Construit avec un corps en aluminium et un syst\u00e8me de cage en fil [&hellip;]<\/p>\n","protected":false},"featured_media":7447,"template":"","meta":{"inline_featured_image":false},"product_brand":[254],"product_cat":[228,231,241],"product_tag":[],"class_list":{"0":"post-10820","1":"product","2":"type-product","3":"status-publish","4":"has-post-thumbnail","6":"product_brand-nour-fr","7":"product_cat-accessoires","8":"product_cat-cages-fr","9":"product_cat-tous","11":"first","12":"instock","13":"taxable","14":"shipping-taxable","15":"purchasable","16":"product-type-simple"},"yoast_head":"<!-- This site is optimized with the Yoast SEO plugin v27.5 - https:\/\/yoast.com\/product\/yoast-seo-wordpress\/ -->\n<title>Cadre de cage NOUR 18&quot; - Cadre \u00e0 rev\u00eatement de sol ultra-robuste - Distribution Everflow.<\/title>\n<meta name=\"description\" content=\"Le cadre de cage NOUR ZFR1805 18&quot; est un cadre de rouleau tr\u00e8s r\u00e9sistant con\u00e7u pour une utilisation professionnelle avec des rev\u00eatements \u00e9poxy, polyaspartiques et ur\u00e9thaniques.\" \/>\n<meta name=\"robots\" content=\"index, follow, max-snippet:-1, max-image-preview:large, max-video-preview:-1\" \/>\n<link rel=\"canonical\" href=\"https:\/\/distributioneverflow.com\/fr\/produit\/cadre-de-cage-nour-18-cadre-a-revetement-de-sol-ultra-robuste\/\" \/>\n<meta property=\"og:locale\" content=\"fr_FR\" \/>\n<meta property=\"og:type\" content=\"article\" \/>\n<meta property=\"og:title\" content=\"Cadre de cage NOUR 18&quot; - Cadre \u00e0 rev\u00eatement de sol ultra-robuste - Distribution Everflow.\" \/>\n<meta property=\"og:description\" content=\"Le cadre de cage NOUR ZFR1805 18&quot; est un cadre de rouleau tr\u00e8s r\u00e9sistant con\u00e7u pour une utilisation professionnelle avec des rev\u00eatements \u00e9poxy, polyaspartiques et ur\u00e9thaniques.\" \/>\n<meta property=\"og:url\" content=\"https:\/\/distributioneverflow.com\/fr\/produit\/cadre-de-cage-nour-18-cadre-a-revetement-de-sol-ultra-robuste\/\" \/>\n<meta property=\"og:site_name\" content=\"Distribution Everflow\" \/>\n<meta property=\"article:publisher\" content=\"https:\/\/www.facebook.com\/DistributionEVERFLOW\" \/>\n<meta property=\"og:image\" content=\"https:\/\/distributioneverflow.com\/wp-content\/uploads\/2025\/05\/img_1350_360_360.jpg\" \/>\n\t<meta property=\"og:image:width\" content=\"360\" \/>\n\t<meta property=\"og:image:height\" content=\"360\" \/>\n\t<meta property=\"og:image:type\" content=\"image\/jpeg\" \/>\n<meta name=\"twitter:card\" content=\"summary_large_image\" \/>\n<meta name=\"twitter:label1\" content=\"Dur\u00e9e de lecture estim\u00e9e\" \/>\n\t<meta name=\"twitter:data1\" content=\"1 minute\" \/>\n<script type=\"application\/ld+json\" class=\"yoast-schema-graph\">{\"@context\":\"https:\\\/\\\/schema.org\",\"@graph\":[{\"@type\":\"WebPage\",\"@id\":\"https:\\\/\\\/distributioneverflow.com\\\/fr\\\/produit\\\/cadre-de-cage-nour-18-cadre-a-revetement-de-sol-ultra-robuste\\\/\",\"url\":\"https:\\\/\\\/distributioneverflow.com\\\/fr\\\/produit\\\/cadre-de-cage-nour-18-cadre-a-revetement-de-sol-ultra-robuste\\\/\",\"name\":\"Cadre de cage NOUR 18\\\" - Cadre \u00e0 rev\u00eatement de sol ultra-robuste - Distribution Everflow.\",\"isPartOf\":{\"@id\":\"https:\\\/\\\/distributioneverflow.com\\\/fr\\\/#website\"},\"primaryImageOfPage\":{\"@id\":\"https:\\\/\\\/distributioneverflow.com\\\/fr\\\/produit\\\/cadre-de-cage-nour-18-cadre-a-revetement-de-sol-ultra-robuste\\\/#primaryimage\"},\"image\":{\"@id\":\"https:\\\/\\\/distributioneverflow.com\\\/fr\\\/produit\\\/cadre-de-cage-nour-18-cadre-a-revetement-de-sol-ultra-robuste\\\/#primaryimage\"},\"thumbnailUrl\":\"https:\\\/\\\/distributioneverflow.com\\\/wp-content\\\/uploads\\\/2025\\\/05\\\/img_1350_360_360.jpg\",\"datePublished\":\"2025-05-06T15:20:54+00:00\",\"description\":\"Le cadre de cage NOUR ZFR1805 18\\\" est un cadre de rouleau tr\u00e8s r\u00e9sistant con\u00e7u pour une utilisation professionnelle avec des rev\u00eatements \u00e9poxy, polyaspartiques et ur\u00e9thaniques.\",\"breadcrumb\":{\"@id\":\"https:\\\/\\\/distributioneverflow.com\\\/fr\\\/produit\\\/cadre-de-cage-nour-18-cadre-a-revetement-de-sol-ultra-robuste\\\/#breadcrumb\"},\"inLanguage\":\"fr-FR\",\"potentialAction\":[{\"@type\":\"ReadAction\",\"target\":[\"https:\\\/\\\/distributioneverflow.com\\\/fr\\\/produit\\\/cadre-de-cage-nour-18-cadre-a-revetement-de-sol-ultra-robuste\\\/\"]}]},{\"@type\":\"ImageObject\",\"inLanguage\":\"fr-FR\",\"@id\":\"https:\\\/\\\/distributioneverflow.com\\\/fr\\\/produit\\\/cadre-de-cage-nour-18-cadre-a-revetement-de-sol-ultra-robuste\\\/#primaryimage\",\"url\":\"https:\\\/\\\/distributioneverflow.com\\\/wp-content\\\/uploads\\\/2025\\\/05\\\/img_1350_360_360.jpg\",\"contentUrl\":\"https:\\\/\\\/distributioneverflow.com\\\/wp-content\\\/uploads\\\/2025\\\/05\\\/img_1350_360_360.jpg\",\"width\":360,\"height\":360},{\"@type\":\"BreadcrumbList\",\"@id\":\"https:\\\/\\\/distributioneverflow.com\\\/fr\\\/produit\\\/cadre-de-cage-nour-18-cadre-a-revetement-de-sol-ultra-robuste\\\/#breadcrumb\",\"itemListElement\":[{\"@type\":\"ListItem\",\"position\":1,\"name\":\"Accueil\",\"item\":\"https:\\\/\\\/distributioneverflow.com\\\/fr\\\/\"},{\"@type\":\"ListItem\",\"position\":2,\"name\":\"Boutique\",\"item\":\"https:\\\/\\\/distributioneverflow.com\\\/fr\\\/boutique\\\/\"},{\"@type\":\"ListItem\",\"position\":3,\"name\":\"Cadre de cage NOUR 18&Prime; &#8211; Cadre \u00e0 rev\u00eatement de sol ultra-robuste\"}]},{\"@type\":\"WebSite\",\"@id\":\"https:\\\/\\\/distributioneverflow.com\\\/fr\\\/#website\",\"url\":\"https:\\\/\\\/distributioneverflow.com\\\/fr\\\/\",\"name\":\"Everflow distribution\",\"description\":\"\",\"publisher\":{\"@id\":\"https:\\\/\\\/distributioneverflow.com\\\/fr\\\/#organization\"},\"potentialAction\":[{\"@type\":\"SearchAction\",\"target\":{\"@type\":\"EntryPoint\",\"urlTemplate\":\"https:\\\/\\\/distributioneverflow.com\\\/fr\\\/?s={search_term_string}\"},\"query-input\":{\"@type\":\"PropertyValueSpecification\",\"valueRequired\":true,\"valueName\":\"search_term_string\"}}],\"inLanguage\":\"fr-FR\"},{\"@type\":\"Organization\",\"@id\":\"https:\\\/\\\/distributioneverflow.com\\\/fr\\\/#organization\",\"name\":\"Distribution Everflow\",\"url\":\"https:\\\/\\\/distributioneverflow.com\\\/fr\\\/\",\"logo\":{\"@type\":\"ImageObject\",\"inLanguage\":\"fr-FR\",\"@id\":\"https:\\\/\\\/distributioneverflow.com\\\/fr\\\/#\\\/schema\\\/logo\\\/image\\\/\",\"url\":\"https:\\\/\\\/distributioneverflow.com\\\/wp-content\\\/uploads\\\/2021\\\/11\\\/cropped-Everflow_Distrib_Horiz_WhiteBackground.png\",\"contentUrl\":\"https:\\\/\\\/distributioneverflow.com\\\/wp-content\\\/uploads\\\/2021\\\/11\\\/cropped-Everflow_Distrib_Horiz_WhiteBackground.png\",\"width\":900,\"height\":204,\"caption\":\"Distribution Everflow\"},\"image\":{\"@id\":\"https:\\\/\\\/distributioneverflow.com\\\/fr\\\/#\\\/schema\\\/logo\\\/image\\\/\"},\"sameAs\":[\"https:\\\/\\\/www.facebook.com\\\/DistributionEVERFLOW\",\"https:\\\/\\\/www.instagram.com\\\/distribution_everflow\\\/\"]}]}<\/script>\n<!-- \/ Yoast SEO plugin. -->","yoast_head_json":{"title":"Cadre de cage NOUR 18\" - Cadre \u00e0 rev\u00eatement de sol ultra-robuste - Distribution Everflow.","description":"Le cadre de cage NOUR ZFR1805 18\" est un cadre de rouleau tr\u00e8s r\u00e9sistant con\u00e7u pour une utilisation professionnelle avec des rev\u00eatements \u00e9poxy, polyaspartiques et ur\u00e9thaniques.","robots":{"index":"index","follow":"follow","max-snippet":"max-snippet:-1","max-image-preview":"max-image-preview:large","max-video-preview":"max-video-preview:-1"},"canonical":"https:\/\/distributioneverflow.com\/fr\/produit\/cadre-de-cage-nour-18-cadre-a-revetement-de-sol-ultra-robuste\/","og_locale":"fr_FR","og_type":"article","og_title":"Cadre de cage NOUR 18\" - Cadre \u00e0 rev\u00eatement de sol ultra-robuste - Distribution Everflow.","og_description":"Le cadre de cage NOUR ZFR1805 18\" est un cadre de rouleau tr\u00e8s r\u00e9sistant con\u00e7u pour une utilisation professionnelle avec des rev\u00eatements \u00e9poxy, polyaspartiques et ur\u00e9thaniques.","og_url":"https:\/\/distributioneverflow.com\/fr\/produit\/cadre-de-cage-nour-18-cadre-a-revetement-de-sol-ultra-robuste\/","og_site_name":"Distribution Everflow","article_publisher":"https:\/\/www.facebook.com\/DistributionEVERFLOW","og_image":[{"width":360,"height":360,"url":"https:\/\/distributioneverflow.com\/wp-content\/uploads\/2025\/05\/img_1350_360_360.jpg","type":"image\/jpeg"}],"twitter_card":"summary_large_image","twitter_misc":{"Dur\u00e9e de lecture estim\u00e9e":"1 minute"},"schema":{"@context":"https:\/\/schema.org","@graph":[{"@type":"WebPage","@id":"https:\/\/distributioneverflow.com\/fr\/produit\/cadre-de-cage-nour-18-cadre-a-revetement-de-sol-ultra-robuste\/","url":"https:\/\/distributioneverflow.com\/fr\/produit\/cadre-de-cage-nour-18-cadre-a-revetement-de-sol-ultra-robuste\/","name":"Cadre de cage NOUR 18\" - Cadre \u00e0 rev\u00eatement de sol ultra-robuste - Distribution Everflow.","isPartOf":{"@id":"https:\/\/distributioneverflow.com\/fr\/#website"},"primaryImageOfPage":{"@id":"https:\/\/distributioneverflow.com\/fr\/produit\/cadre-de-cage-nour-18-cadre-a-revetement-de-sol-ultra-robuste\/#primaryimage"},"image":{"@id":"https:\/\/distributioneverflow.com\/fr\/produit\/cadre-de-cage-nour-18-cadre-a-revetement-de-sol-ultra-robuste\/#primaryimage"},"thumbnailUrl":"https:\/\/distributioneverflow.com\/wp-content\/uploads\/2025\/05\/img_1350_360_360.jpg","datePublished":"2025-05-06T15:20:54+00:00","description":"Le cadre de cage NOUR ZFR1805 18\" est un cadre de rouleau tr\u00e8s r\u00e9sistant con\u00e7u pour une utilisation professionnelle avec des rev\u00eatements \u00e9poxy, polyaspartiques et ur\u00e9thaniques.","breadcrumb":{"@id":"https:\/\/distributioneverflow.com\/fr\/produit\/cadre-de-cage-nour-18-cadre-a-revetement-de-sol-ultra-robuste\/#breadcrumb"},"inLanguage":"fr-FR","potentialAction":[{"@type":"ReadAction","target":["https:\/\/distributioneverflow.com\/fr\/produit\/cadre-de-cage-nour-18-cadre-a-revetement-de-sol-ultra-robuste\/"]}]},{"@type":"ImageObject","inLanguage":"fr-FR","@id":"https:\/\/distributioneverflow.com\/fr\/produit\/cadre-de-cage-nour-18-cadre-a-revetement-de-sol-ultra-robuste\/#primaryimage","url":"https:\/\/distributioneverflow.com\/wp-content\/uploads\/2025\/05\/img_1350_360_360.jpg","contentUrl":"https:\/\/distributioneverflow.com\/wp-content\/uploads\/2025\/05\/img_1350_360_360.jpg","width":360,"height":360},{"@type":"BreadcrumbList","@id":"https:\/\/distributioneverflow.com\/fr\/produit\/cadre-de-cage-nour-18-cadre-a-revetement-de-sol-ultra-robuste\/#breadcrumb","itemListElement":[{"@type":"ListItem","position":1,"name":"Accueil","item":"https:\/\/distributioneverflow.com\/fr\/"},{"@type":"ListItem","position":2,"name":"Boutique","item":"https:\/\/distributioneverflow.com\/fr\/boutique\/"},{"@type":"ListItem","position":3,"name":"Cadre de cage NOUR 18&Prime; &#8211; Cadre \u00e0 rev\u00eatement de sol ultra-robuste"}]},{"@type":"WebSite","@id":"https:\/\/distributioneverflow.com\/fr\/#website","url":"https:\/\/distributioneverflow.com\/fr\/","name":"Everflow distribution","description":"","publisher":{"@id":"https:\/\/distributioneverflow.com\/fr\/#organization"},"potentialAction":[{"@type":"SearchAction","target":{"@type":"EntryPoint","urlTemplate":"https:\/\/distributioneverflow.com\/fr\/?s={search_term_string}"},"query-input":{"@type":"PropertyValueSpecification","valueRequired":true,"valueName":"search_term_string"}}],"inLanguage":"fr-FR"},{"@type":"Organization","@id":"https:\/\/distributioneverflow.com\/fr\/#organization","name":"Distribution Everflow","url":"https:\/\/distributioneverflow.com\/fr\/","logo":{"@type":"ImageObject","inLanguage":"fr-FR","@id":"https:\/\/distributioneverflow.com\/fr\/#\/schema\/logo\/image\/","url":"https:\/\/distributioneverflow.com\/wp-content\/uploads\/2021\/11\/cropped-Everflow_Distrib_Horiz_WhiteBackground.png","contentUrl":"https:\/\/distributioneverflow.com\/wp-content\/uploads\/2021\/11\/cropped-Everflow_Distrib_Horiz_WhiteBackground.png","width":900,"height":204,"caption":"Distribution Everflow"},"image":{"@id":"https:\/\/distributioneverflow.com\/fr\/#\/schema\/logo\/image\/"},"sameAs":["https:\/\/www.facebook.com\/DistributionEVERFLOW","https:\/\/www.instagram.com\/distribution_everflow\/"]}]}},"_links":{"self":[{"href":"https:\/\/distributioneverflow.com\/fr\/wp-json\/wp\/v2\/product\/10820","targetHints":{"allow":["GET"]}}],"collection":[{"href":"https:\/\/distributioneverflow.com\/fr\/wp-json\/wp\/v2\/product"}],"about":[{"href":"https:\/\/distributioneverflow.com\/fr\/wp-json\/wp\/v2\/types\/product"}],"version-history":[{"count":0,"href":"https:\/\/distributioneverflow.com\/fr\/wp-json\/wp\/v2\/product\/10820\/revisions"}],"wp:featuredmedia":[{"embeddable":true,"href":"https:\/\/distributioneverflow.com\/fr\/wp-json\/wp\/v2\/media\/7447"}],"wp:attachment":[{"href":"https:\/\/distributioneverflow.com\/fr\/wp-json\/wp\/v2\/media?parent=10820"}],"wp:term":[{"taxonomy":"product_brand","embeddable":true,"href":"https:\/\/distributioneverflow.com\/fr\/wp-json\/wp\/v2\/product_brand?post=10820"},{"taxonomy":"product_cat","embeddable":true,"href":"https:\/\/distributioneverflow.com\/fr\/wp-json\/wp\/v2\/product_cat?post=10820"},{"taxonomy":"product_tag","embeddable":true,"href":"https:\/\/distributioneverflow.com\/fr\/wp-json\/wp\/v2\/product_tag?post=10820"}],"curies":[{"name":"wp","href":"https:\/\/api.w.org\/{rel}","templated":true}]}}