{"id":10838,"date":"2025-05-06T12:13:24","date_gmt":"2025-05-06T12:13:24","guid":{"rendered":"https:\/\/distributioneverflow.com\/product\/nour-epoxyroll-pro-recharge-10mm-3-8-nap-x-9-5-en-anglais\/"},"modified":"2025-05-06T12:13:24","modified_gmt":"2025-05-06T12:13:24","slug":"nour-epoxyroll-pro-recharge-10mm-3-8-nap-x-9-5-en-anglais","status":"publish","type":"product","link":"https:\/\/distributioneverflow.com\/fr\/produit\/nour-epoxyroll-pro-recharge-10mm-3-8-nap-x-9-5-en-anglais\/","title":{"rendered":"NOUR EPOXYROLL PRO Recharge &#8211; 10mm \/ 3\/8 \u00ab Nap x 9.5 \u00bb (en anglais)"},"content":{"rendered":"<h3 class=\"\" data-start=\"111\" data-end=\"165\">NOUR EPOXYROLL PRO Recharge &#8211; 10mm \/ 3\/8 \u00ab Nap x 9.5 \u00bb (en anglais)<\/h3>\n<p><strong data-start=\"68\" data-end=\"81\">SKU : Z 90ERP10<\/strong>.<\/p>\n<p class=\"\" data-start=\"167\" data-end=\"569\">La <strong data-start=\"171\" data-end=\"200\">recharge NOUR EPOXYROLL PRO<\/strong> (10mm nap \/ 3\/8&Prime; x 9.5&Prime;) est sp\u00e9cialement con\u00e7ue pour les <strong data-start=\"281\" data-end=\"310\">applications<\/strong> professionnelles <strong data-start=\"281\" data-end=\"310\">d&rsquo;<\/strong> <strong data-start=\"267\" data-end=\"276\">\u00e9poxy<\/strong> et de <strong data-start=\"281\" data-end=\"310\">polyaspartique<\/strong> n\u00e9cessitant une couverture lisse et constante avec un minimum de peluches ou de bulles. Son noyau de haute densit\u00e9 et son tissu de pr\u00e9cision sont con\u00e7us pour traiter les rev\u00eatements visqueux tout en offrant une finition impeccable sur les <strong data-start=\"500\" data-end=\"519\">sols en b\u00e9ton<\/strong>, les <strong data-start=\"521\" data-end=\"540\">surfaces de garage<\/strong> et les <strong data-start=\"546\" data-end=\"568\">syst\u00e8mes d\u00e9coratifs<\/strong>. <\/p>\n<p class=\"\" data-start=\"571\" data-end=\"712\">Construit pour la durabilit\u00e9 et la performance, l&rsquo;EPOXYROLL PRO est le favori des entrepreneurs pour l&rsquo;application des couches de base, des couches transparentes et des couches de finition avec facilit\u00e9.<\/p>\n<p class=\"\" data-start=\"714\" data-end=\"732\"><strong data-start=\"714\" data-end=\"730\">Parfait pour :<\/strong><\/p>\n<ul data-start=\"733\" data-end=\"902\">\n<li class=\"\" data-start=\"733\" data-end=\"774\">\n<p class=\"\" data-start=\"735\" data-end=\"774\">Rev\u00eatements de sol \u00e9poxy et polyaspartiques<\/p>\n<\/li>\n<li class=\"\" data-start=\"775\" data-end=\"818\">\n<p class=\"\" data-start=\"777\" data-end=\"818\">Sols en b\u00e9ton, garages et sols industriels<\/p>\n<\/li>\n<li class=\"\" data-start=\"819\" data-end=\"860\">\n<p class=\"\" data-start=\"821\" data-end=\"860\">Applications de haute pr\u00e9cision \u00e0 faible consommation d&rsquo;\u00e9nergie<\/p>\n<\/li>\n<li class=\"\" data-start=\"861\" data-end=\"902\">\n<p class=\"\" data-start=\"863\" data-end=\"902\">A utiliser avec les paillettes, les m\u00e9tallis\u00e9s et les mastics.<\/p>\n<\/li>\n<\/ul>\n","protected":false},"excerpt":{"rendered":"<ul>\n<li>Noyau en PVC r\u00e9sistant aux solvants<\/li>\n<li>Coll\u00e9 \u00e0 l&rsquo;\u00e9poxy<\/li>\n<li>Les rouleaux EPOXYROLL PRO sont con\u00e7us sp\u00e9cifiquement pour l&rsquo;application de rev\u00eatements \u00e9poxy, d&rsquo;ur\u00e9thanes et d&rsquo;adh\u00e9sifs.<\/li>\n<li>Tissu durable qui r\u00e9siste \u00e0 la mue et au matage<\/li>\n<\/ul>\n","protected":false},"featured_media":7408,"template":"","meta":{"inline_featured_image":false},"product_brand":[254],"product_cat":[228,235,241],"product_tag":[],"class_list":{"0":"post-10838","1":"product","2":"type-product","3":"status-publish","4":"has-post-thumbnail","6":"product_brand-nour-fr","7":"product_cat-accessoires","8":"product_cat-rouleaux","9":"product_cat-tous","11":"first","12":"instock","13":"taxable","14":"shipping-taxable","15":"purchasable","16":"product-type-simple"},"yoast_head":"<!-- This site is optimized with the Yoast SEO plugin v27.5 - https:\/\/yoast.com\/product\/yoast-seo-wordpress\/ -->\n<title>NOUR EPOXYROLL PRO Recharge - 10mm \/ 3\/8 \u00ab Nap x 9.5 \u00bb (en anglais) - Distribution Everflow.<\/title>\n<meta name=\"description\" content=\"La recharge NOUR EPOXYROLL PRO est sp\u00e9cialement con\u00e7ue pour les applications professionnelles d&#039;\u00e9poxy et de polyaspartique avec un minimum de peluches ou de bulles.\" \/>\n<meta name=\"robots\" content=\"index, follow, max-snippet:-1, max-image-preview:large, max-video-preview:-1\" \/>\n<link rel=\"canonical\" href=\"https:\/\/distributioneverflow.com\/fr\/produit\/nour-epoxyroll-pro-recharge-10mm-3-8-nap-x-9-5-en-anglais\/\" \/>\n<meta property=\"og:locale\" content=\"fr_FR\" \/>\n<meta property=\"og:type\" content=\"article\" \/>\n<meta property=\"og:title\" content=\"NOUR EPOXYROLL PRO Recharge - 10mm \/ 3\/8 \u00ab Nap x 9.5 \u00bb (en anglais) - Distribution Everflow.\" \/>\n<meta property=\"og:description\" content=\"La recharge NOUR EPOXYROLL PRO est sp\u00e9cialement con\u00e7ue pour les applications professionnelles d&#039;\u00e9poxy et de polyaspartique avec un minimum de peluches ou de bulles.\" \/>\n<meta property=\"og:url\" content=\"https:\/\/distributioneverflow.com\/fr\/produit\/nour-epoxyroll-pro-recharge-10mm-3-8-nap-x-9-5-en-anglais\/\" \/>\n<meta property=\"og:site_name\" content=\"Distribution Everflow\" \/>\n<meta property=\"article:publisher\" content=\"https:\/\/www.facebook.com\/DistributionEVERFLOW\" \/>\n<meta property=\"og:image\" content=\"https:\/\/distributioneverflow.com\/wp-content\/uploads\/2025\/05\/img_1186_360_360.jpg\" \/>\n\t<meta property=\"og:image:width\" content=\"360\" \/>\n\t<meta property=\"og:image:height\" content=\"360\" \/>\n\t<meta property=\"og:image:type\" content=\"image\/jpeg\" \/>\n<meta name=\"twitter:card\" content=\"summary_large_image\" \/>\n<meta name=\"twitter:label1\" content=\"Dur\u00e9e de lecture estim\u00e9e\" \/>\n\t<meta name=\"twitter:data1\" content=\"1 minute\" \/>\n<script type=\"application\/ld+json\" class=\"yoast-schema-graph\">{\"@context\":\"https:\\\/\\\/schema.org\",\"@graph\":[{\"@type\":\"WebPage\",\"@id\":\"https:\\\/\\\/distributioneverflow.com\\\/fr\\\/produit\\\/nour-epoxyroll-pro-recharge-10mm-3-8-nap-x-9-5-en-anglais\\\/\",\"url\":\"https:\\\/\\\/distributioneverflow.com\\\/fr\\\/produit\\\/nour-epoxyroll-pro-recharge-10mm-3-8-nap-x-9-5-en-anglais\\\/\",\"name\":\"NOUR EPOXYROLL PRO Recharge - 10mm \\\/ 3\\\/8 \u00ab Nap x 9.5 \u00bb (en anglais) - Distribution Everflow.\",\"isPartOf\":{\"@id\":\"https:\\\/\\\/distributioneverflow.com\\\/fr\\\/#website\"},\"primaryImageOfPage\":{\"@id\":\"https:\\\/\\\/distributioneverflow.com\\\/fr\\\/produit\\\/nour-epoxyroll-pro-recharge-10mm-3-8-nap-x-9-5-en-anglais\\\/#primaryimage\"},\"image\":{\"@id\":\"https:\\\/\\\/distributioneverflow.com\\\/fr\\\/produit\\\/nour-epoxyroll-pro-recharge-10mm-3-8-nap-x-9-5-en-anglais\\\/#primaryimage\"},\"thumbnailUrl\":\"https:\\\/\\\/distributioneverflow.com\\\/wp-content\\\/uploads\\\/2025\\\/05\\\/img_1186_360_360.jpg\",\"datePublished\":\"2025-05-06T12:13:24+00:00\",\"description\":\"La recharge NOUR EPOXYROLL PRO est sp\u00e9cialement con\u00e7ue pour les applications professionnelles d'\u00e9poxy et de polyaspartique avec un minimum de peluches ou de bulles.\",\"breadcrumb\":{\"@id\":\"https:\\\/\\\/distributioneverflow.com\\\/fr\\\/produit\\\/nour-epoxyroll-pro-recharge-10mm-3-8-nap-x-9-5-en-anglais\\\/#breadcrumb\"},\"inLanguage\":\"fr-FR\",\"potentialAction\":[{\"@type\":\"ReadAction\",\"target\":[\"https:\\\/\\\/distributioneverflow.com\\\/fr\\\/produit\\\/nour-epoxyroll-pro-recharge-10mm-3-8-nap-x-9-5-en-anglais\\\/\"]}]},{\"@type\":\"ImageObject\",\"inLanguage\":\"fr-FR\",\"@id\":\"https:\\\/\\\/distributioneverflow.com\\\/fr\\\/produit\\\/nour-epoxyroll-pro-recharge-10mm-3-8-nap-x-9-5-en-anglais\\\/#primaryimage\",\"url\":\"https:\\\/\\\/distributioneverflow.com\\\/wp-content\\\/uploads\\\/2025\\\/05\\\/img_1186_360_360.jpg\",\"contentUrl\":\"https:\\\/\\\/distributioneverflow.com\\\/wp-content\\\/uploads\\\/2025\\\/05\\\/img_1186_360_360.jpg\",\"width\":360,\"height\":360},{\"@type\":\"BreadcrumbList\",\"@id\":\"https:\\\/\\\/distributioneverflow.com\\\/fr\\\/produit\\\/nour-epoxyroll-pro-recharge-10mm-3-8-nap-x-9-5-en-anglais\\\/#breadcrumb\",\"itemListElement\":[{\"@type\":\"ListItem\",\"position\":1,\"name\":\"Accueil\",\"item\":\"https:\\\/\\\/distributioneverflow.com\\\/fr\\\/\"},{\"@type\":\"ListItem\",\"position\":2,\"name\":\"Boutique\",\"item\":\"https:\\\/\\\/distributioneverflow.com\\\/fr\\\/boutique\\\/\"},{\"@type\":\"ListItem\",\"position\":3,\"name\":\"NOUR EPOXYROLL PRO Recharge &#8211; 10mm \\\/ 3\\\/8 \u00ab Nap x 9.5 \u00bb (en anglais)\"}]},{\"@type\":\"WebSite\",\"@id\":\"https:\\\/\\\/distributioneverflow.com\\\/fr\\\/#website\",\"url\":\"https:\\\/\\\/distributioneverflow.com\\\/fr\\\/\",\"name\":\"Everflow distribution\",\"description\":\"\",\"publisher\":{\"@id\":\"https:\\\/\\\/distributioneverflow.com\\\/fr\\\/#organization\"},\"potentialAction\":[{\"@type\":\"SearchAction\",\"target\":{\"@type\":\"EntryPoint\",\"urlTemplate\":\"https:\\\/\\\/distributioneverflow.com\\\/fr\\\/?s={search_term_string}\"},\"query-input\":{\"@type\":\"PropertyValueSpecification\",\"valueRequired\":true,\"valueName\":\"search_term_string\"}}],\"inLanguage\":\"fr-FR\"},{\"@type\":\"Organization\",\"@id\":\"https:\\\/\\\/distributioneverflow.com\\\/fr\\\/#organization\",\"name\":\"Distribution Everflow\",\"url\":\"https:\\\/\\\/distributioneverflow.com\\\/fr\\\/\",\"logo\":{\"@type\":\"ImageObject\",\"inLanguage\":\"fr-FR\",\"@id\":\"https:\\\/\\\/distributioneverflow.com\\\/fr\\\/#\\\/schema\\\/logo\\\/image\\\/\",\"url\":\"https:\\\/\\\/distributioneverflow.com\\\/wp-content\\\/uploads\\\/2021\\\/11\\\/cropped-Everflow_Distrib_Horiz_WhiteBackground.png\",\"contentUrl\":\"https:\\\/\\\/distributioneverflow.com\\\/wp-content\\\/uploads\\\/2021\\\/11\\\/cropped-Everflow_Distrib_Horiz_WhiteBackground.png\",\"width\":900,\"height\":204,\"caption\":\"Distribution Everflow\"},\"image\":{\"@id\":\"https:\\\/\\\/distributioneverflow.com\\\/fr\\\/#\\\/schema\\\/logo\\\/image\\\/\"},\"sameAs\":[\"https:\\\/\\\/www.facebook.com\\\/DistributionEVERFLOW\",\"https:\\\/\\\/www.instagram.com\\\/distribution_everflow\\\/\"]}]}<\/script>\n<!-- \/ Yoast SEO plugin. -->","yoast_head_json":{"title":"NOUR EPOXYROLL PRO Recharge - 10mm \/ 3\/8 \u00ab Nap x 9.5 \u00bb (en anglais) - Distribution Everflow.","description":"La recharge NOUR EPOXYROLL PRO est sp\u00e9cialement con\u00e7ue pour les applications professionnelles d'\u00e9poxy et de polyaspartique avec un minimum de peluches ou de bulles.","robots":{"index":"index","follow":"follow","max-snippet":"max-snippet:-1","max-image-preview":"max-image-preview:large","max-video-preview":"max-video-preview:-1"},"canonical":"https:\/\/distributioneverflow.com\/fr\/produit\/nour-epoxyroll-pro-recharge-10mm-3-8-nap-x-9-5-en-anglais\/","og_locale":"fr_FR","og_type":"article","og_title":"NOUR EPOXYROLL PRO Recharge - 10mm \/ 3\/8 \u00ab Nap x 9.5 \u00bb (en anglais) - Distribution Everflow.","og_description":"La recharge NOUR EPOXYROLL PRO est sp\u00e9cialement con\u00e7ue pour les applications professionnelles d'\u00e9poxy et de polyaspartique avec un minimum de peluches ou de bulles.","og_url":"https:\/\/distributioneverflow.com\/fr\/produit\/nour-epoxyroll-pro-recharge-10mm-3-8-nap-x-9-5-en-anglais\/","og_site_name":"Distribution Everflow","article_publisher":"https:\/\/www.facebook.com\/DistributionEVERFLOW","og_image":[{"width":360,"height":360,"url":"https:\/\/distributioneverflow.com\/wp-content\/uploads\/2025\/05\/img_1186_360_360.jpg","type":"image\/jpeg"}],"twitter_card":"summary_large_image","twitter_misc":{"Dur\u00e9e de lecture estim\u00e9e":"1 minute"},"schema":{"@context":"https:\/\/schema.org","@graph":[{"@type":"WebPage","@id":"https:\/\/distributioneverflow.com\/fr\/produit\/nour-epoxyroll-pro-recharge-10mm-3-8-nap-x-9-5-en-anglais\/","url":"https:\/\/distributioneverflow.com\/fr\/produit\/nour-epoxyroll-pro-recharge-10mm-3-8-nap-x-9-5-en-anglais\/","name":"NOUR EPOXYROLL PRO Recharge - 10mm \/ 3\/8 \u00ab Nap x 9.5 \u00bb (en anglais) - Distribution Everflow.","isPartOf":{"@id":"https:\/\/distributioneverflow.com\/fr\/#website"},"primaryImageOfPage":{"@id":"https:\/\/distributioneverflow.com\/fr\/produit\/nour-epoxyroll-pro-recharge-10mm-3-8-nap-x-9-5-en-anglais\/#primaryimage"},"image":{"@id":"https:\/\/distributioneverflow.com\/fr\/produit\/nour-epoxyroll-pro-recharge-10mm-3-8-nap-x-9-5-en-anglais\/#primaryimage"},"thumbnailUrl":"https:\/\/distributioneverflow.com\/wp-content\/uploads\/2025\/05\/img_1186_360_360.jpg","datePublished":"2025-05-06T12:13:24+00:00","description":"La recharge NOUR EPOXYROLL PRO est sp\u00e9cialement con\u00e7ue pour les applications professionnelles d'\u00e9poxy et de polyaspartique avec un minimum de peluches ou de bulles.","breadcrumb":{"@id":"https:\/\/distributioneverflow.com\/fr\/produit\/nour-epoxyroll-pro-recharge-10mm-3-8-nap-x-9-5-en-anglais\/#breadcrumb"},"inLanguage":"fr-FR","potentialAction":[{"@type":"ReadAction","target":["https:\/\/distributioneverflow.com\/fr\/produit\/nour-epoxyroll-pro-recharge-10mm-3-8-nap-x-9-5-en-anglais\/"]}]},{"@type":"ImageObject","inLanguage":"fr-FR","@id":"https:\/\/distributioneverflow.com\/fr\/produit\/nour-epoxyroll-pro-recharge-10mm-3-8-nap-x-9-5-en-anglais\/#primaryimage","url":"https:\/\/distributioneverflow.com\/wp-content\/uploads\/2025\/05\/img_1186_360_360.jpg","contentUrl":"https:\/\/distributioneverflow.com\/wp-content\/uploads\/2025\/05\/img_1186_360_360.jpg","width":360,"height":360},{"@type":"BreadcrumbList","@id":"https:\/\/distributioneverflow.com\/fr\/produit\/nour-epoxyroll-pro-recharge-10mm-3-8-nap-x-9-5-en-anglais\/#breadcrumb","itemListElement":[{"@type":"ListItem","position":1,"name":"Accueil","item":"https:\/\/distributioneverflow.com\/fr\/"},{"@type":"ListItem","position":2,"name":"Boutique","item":"https:\/\/distributioneverflow.com\/fr\/boutique\/"},{"@type":"ListItem","position":3,"name":"NOUR EPOXYROLL PRO Recharge &#8211; 10mm \/ 3\/8 \u00ab Nap x 9.5 \u00bb (en anglais)"}]},{"@type":"WebSite","@id":"https:\/\/distributioneverflow.com\/fr\/#website","url":"https:\/\/distributioneverflow.com\/fr\/","name":"Everflow distribution","description":"","publisher":{"@id":"https:\/\/distributioneverflow.com\/fr\/#organization"},"potentialAction":[{"@type":"SearchAction","target":{"@type":"EntryPoint","urlTemplate":"https:\/\/distributioneverflow.com\/fr\/?s={search_term_string}"},"query-input":{"@type":"PropertyValueSpecification","valueRequired":true,"valueName":"search_term_string"}}],"inLanguage":"fr-FR"},{"@type":"Organization","@id":"https:\/\/distributioneverflow.com\/fr\/#organization","name":"Distribution Everflow","url":"https:\/\/distributioneverflow.com\/fr\/","logo":{"@type":"ImageObject","inLanguage":"fr-FR","@id":"https:\/\/distributioneverflow.com\/fr\/#\/schema\/logo\/image\/","url":"https:\/\/distributioneverflow.com\/wp-content\/uploads\/2021\/11\/cropped-Everflow_Distrib_Horiz_WhiteBackground.png","contentUrl":"https:\/\/distributioneverflow.com\/wp-content\/uploads\/2021\/11\/cropped-Everflow_Distrib_Horiz_WhiteBackground.png","width":900,"height":204,"caption":"Distribution Everflow"},"image":{"@id":"https:\/\/distributioneverflow.com\/fr\/#\/schema\/logo\/image\/"},"sameAs":["https:\/\/www.facebook.com\/DistributionEVERFLOW","https:\/\/www.instagram.com\/distribution_everflow\/"]}]}},"_links":{"self":[{"href":"https:\/\/distributioneverflow.com\/fr\/wp-json\/wp\/v2\/product\/10838","targetHints":{"allow":["GET"]}}],"collection":[{"href":"https:\/\/distributioneverflow.com\/fr\/wp-json\/wp\/v2\/product"}],"about":[{"href":"https:\/\/distributioneverflow.com\/fr\/wp-json\/wp\/v2\/types\/product"}],"version-history":[{"count":0,"href":"https:\/\/distributioneverflow.com\/fr\/wp-json\/wp\/v2\/product\/10838\/revisions"}],"wp:featuredmedia":[{"embeddable":true,"href":"https:\/\/distributioneverflow.com\/fr\/wp-json\/wp\/v2\/media\/7408"}],"wp:attachment":[{"href":"https:\/\/distributioneverflow.com\/fr\/wp-json\/wp\/v2\/media?parent=10838"}],"wp:term":[{"taxonomy":"product_brand","embeddable":true,"href":"https:\/\/distributioneverflow.com\/fr\/wp-json\/wp\/v2\/product_brand?post=10838"},{"taxonomy":"product_cat","embeddable":true,"href":"https:\/\/distributioneverflow.com\/fr\/wp-json\/wp\/v2\/product_cat?post=10838"},{"taxonomy":"product_tag","embeddable":true,"href":"https:\/\/distributioneverflow.com\/fr\/wp-json\/wp\/v2\/product_tag?post=10838"}],"curies":[{"name":"wp","href":"https:\/\/api.w.org\/{rel}","templated":true}]}}