{"id":12084,"date":"2025-10-22T11:55:20","date_gmt":"2025-10-22T11:55:20","guid":{"rendered":"https:\/\/distributioneverflow.com\/product\/phx-style-t-rex-2pcs-1_4-pcd-1-segment\/"},"modified":"2025-10-22T12:24:28","modified_gmt":"2025-10-22T12:24:28","slug":"phx-style-t-rex-2pcs-1_4-pcd-1-segment","status":"publish","type":"product","link":"https:\/\/distributioneverflow.com\/fr\/produit\/phx-style-t-rex-2pcs-1_4-pcd-1-segment\/","title":{"rendered":"PHX Style T-Rex 2PCS 1_4 PCD + 1 Segment"},"content":{"rendered":"<h3 data-start=\"250\" data-end=\"305\"><strong data-start=\"254\" data-end=\"305\">Diamant PHX Style T-Rex 2PCS 1\/4 PCD + 1 Segment<\/strong><\/h3>\n<p data-start=\"306\" data-end=\"647\">Le <strong data-start=\"310\" data-end=\"361\">UGRIND PHX Style T-Rex 2PCS 1\/4 PCD + 1 Segment<\/strong> est un outil de meulage de qualit\u00e9 professionnelle con\u00e7u pour l&rsquo;enl\u00e8vement de rev\u00eatements et d&rsquo;adh\u00e9sifs \u00e0 haute efficacit\u00e9. Con\u00e7ue pour les entrepreneurs qui exigent <strong data-start=\"497\" data-end=\"533\">puissance, pr\u00e9cision et durabilit\u00e9<\/strong>, cette s\u00e9rie T-Rex d&rsquo;<strong data-start=\"556\" data-end=\"566\">UGRIND<\/strong> est construite pour fonctionner dans les conditions les plus difficiles de pr\u00e9paration de surface. <\/p>\n<p data-start=\"649\" data-end=\"1152\">\u00c9quip\u00e9 de segments <strong data-start=\"663\" data-end=\"700\">1\/4 PCD (diamant polycristallin)<\/strong>, cet outil permet un enl\u00e8vement agressif des rev\u00eatements \u00e9pais tels que l&rsquo;\u00e9poxy, le polyur\u00e9thane, la peinture, le mastic et la colle. L&rsquo;ajout d&rsquo;<g id=\"gid_1\">un segment diamant\u00e9<\/g> permet d&rsquo;\u00e9quilibrer la profondeur de coupe afin d&rsquo;\u00e9viter les goujures profondes et d&rsquo;assurer une finition de surface plus lisse et uniforme. Cette combinaison parfaite permet \u00e0 l&rsquo;utilisateur d&rsquo;enlever rapidement les rev\u00eatements tout en conservant une excellente qualit\u00e9 de surface, pr\u00eate pour de <strong data-start=\"1099\" data-end=\"1149\">nouvelles applications de rev\u00eatement \u00e9poxy ou polyaspartique<\/strong>.  <\/p>\n<p data-start=\"1154\" data-end=\"1541\">La <strong data-start=\"1158\" data-end=\"1178\">conception de type PHX<\/strong> assure une compatibilit\u00e9 parfaite avec la plupart des meuleuses \u00e0 b\u00e9ton standard, offrant un ajustement s\u00fbr et des performances stables sur une grande vari\u00e9t\u00e9 de machines. Chaque outil UGRIND est fabriqu\u00e9 \u00e0 partir de mat\u00e9riaux industriels de haute qualit\u00e9 qui r\u00e9sistent \u00e0 l&rsquo;usure, \u00e0 la chaleur et aux chocs, garantissant une <strong data-start=\"1445\" data-end=\"1462\">longue dur\u00e9e de vie<\/strong> et des performances de meulage constantes, m\u00eame sur des projets commerciaux de grande envergure. <\/p>\n<p data-start=\"1543\" data-end=\"1910\">Id\u00e9al pour les <strong data-start=\"1558\" data-end=\"1604\">sols en b\u00e9ton r\u00e9sidentiels et industriels<\/strong>, le segment UGRIND T-Rex 1\/4 PCD + 1 permet de gagner du temps, de r\u00e9duire les co\u00fbts de remplacement et d&rsquo;obtenir des r\u00e9sultats sup\u00e9rieurs \u00e0 ceux des segments \u00e0 liant m\u00e9tallique traditionnels. Que vous pr\u00e9pariez le sol d&rsquo;un entrep\u00f4t, que vous enleviez des rev\u00eatements \u00e9poxy ou que vous d\u00e9colliez des adh\u00e9sifs, cet outil garantit des r\u00e9sultats propres et professionnels \u00e0 chaque fois. <\/p>\n<p data-start=\"1912\" data-end=\"2061\">Choisissez <strong data-start=\"1919\" data-end=\"1929\">UGRIND<\/strong> pour votre prochain projet de pr\u00e9paration de surface &#8211; une marque \u00e0 laquelle les professionnels font confiance pour sa <strong data-start=\"2008\" data-end=\"2060\">pr\u00e9cision, ses performances et sa durabilit\u00e9 in\u00e9gal\u00e9e<\/strong>.<\/p>\n","protected":false},"excerpt":{"rendered":"<p>Diamant PHX Style T-Rex 2PCS 1\/4 PCD + 1 Segment Le UGRIND PHX Style T-Rex 2PCS 1\/4 PCD + 1 Segment est un outil de meulage de qualit\u00e9 professionnelle con\u00e7u pour l&rsquo;enl\u00e8vement de rev\u00eatements et d&rsquo;adh\u00e9sifs \u00e0 haute efficacit\u00e9. Con\u00e7ue pour les entrepreneurs qui exigent puissance, pr\u00e9cision et durabilit\u00e9, cette s\u00e9rie T-Rex d&rsquo;UGRIND est construite [&hellip;]<\/p>\n","protected":false},"featured_media":12082,"template":"","meta":{"inline_featured_image":false},"product_brand":[301],"product_cat":[244,242,241],"product_tag":[],"class_list":{"0":"post-12084","1":"product","2":"type-product","3":"status-publish","4":"has-post-thumbnail","6":"product_brand-ugrind-fr","7":"product_cat-lames","8":"product_cat-outils","9":"product_cat-tous","11":"first","12":"instock","13":"taxable","14":"shipping-taxable","15":"purchasable","16":"product-type-simple"},"yoast_head":"<!-- This site is optimized with the Yoast SEO plugin v27.5 - https:\/\/yoast.com\/product\/yoast-seo-wordpress\/ -->\n<title>BROYEUR T-Rex 2PCS 1\/4 PCD<\/title>\n<meta name=\"description\" content=\"Passez au travers des rev\u00eatements difficiles avec les outils de meulage haute performance PHX Style T-Rex 2PCS 1\/4 PCD + 1 Segment, construits pour la pr\u00e9cision et la durabilit\u00e9.\" \/>\n<meta name=\"robots\" content=\"index, follow, max-snippet:-1, max-image-preview:large, max-video-preview:-1\" \/>\n<link rel=\"canonical\" href=\"https:\/\/distributioneverflow.com\/fr\/produit\/phx-style-t-rex-2pcs-1_4-pcd-1-segment\/\" \/>\n<meta property=\"og:locale\" content=\"fr_FR\" \/>\n<meta property=\"og:type\" content=\"article\" \/>\n<meta property=\"og:title\" content=\"BROYEUR T-Rex 2PCS 1\/4 PCD\" \/>\n<meta property=\"og:description\" content=\"Passez au travers des rev\u00eatements difficiles avec les outils de meulage haute performance PHX Style T-Rex 2PCS 1\/4 PCD + 1 Segment, construits pour la pr\u00e9cision et la durabilit\u00e9.\" \/>\n<meta property=\"og:url\" content=\"https:\/\/distributioneverflow.com\/fr\/produit\/phx-style-t-rex-2pcs-1_4-pcd-1-segment\/\" \/>\n<meta property=\"og:site_name\" content=\"Distribution Everflow\" \/>\n<meta property=\"article:publisher\" content=\"https:\/\/www.facebook.com\/DistributionEVERFLOW\" \/>\n<meta property=\"article:modified_time\" content=\"2025-10-22T12:24:28+00:00\" \/>\n<meta property=\"og:image\" content=\"https:\/\/distributioneverflow.com\/wp-content\/uploads\/2025\/10\/UGRIND-PHX-Style-T-Rex-2PCS-1_4-PCD-1-Segment-Diamond-Tooling.webp\" \/>\n\t<meta property=\"og:image:width\" content=\"2048\" \/>\n\t<meta property=\"og:image:height\" content=\"2048\" \/>\n\t<meta property=\"og:image:type\" content=\"image\/webp\" \/>\n<meta name=\"twitter:card\" content=\"summary_large_image\" \/>\n<meta name=\"twitter:label1\" content=\"Dur\u00e9e de lecture estim\u00e9e\" \/>\n\t<meta name=\"twitter:data1\" content=\"2 minutes\" \/>\n<script type=\"application\/ld+json\" class=\"yoast-schema-graph\">{\"@context\":\"https:\\\/\\\/schema.org\",\"@graph\":[{\"@type\":\"WebPage\",\"@id\":\"https:\\\/\\\/distributioneverflow.com\\\/fr\\\/produit\\\/phx-style-t-rex-2pcs-1_4-pcd-1-segment\\\/\",\"url\":\"https:\\\/\\\/distributioneverflow.com\\\/fr\\\/produit\\\/phx-style-t-rex-2pcs-1_4-pcd-1-segment\\\/\",\"name\":\"BROYEUR T-Rex 2PCS 1\\\/4 PCD\",\"isPartOf\":{\"@id\":\"https:\\\/\\\/distributioneverflow.com\\\/fr\\\/#website\"},\"primaryImageOfPage\":{\"@id\":\"https:\\\/\\\/distributioneverflow.com\\\/fr\\\/produit\\\/phx-style-t-rex-2pcs-1_4-pcd-1-segment\\\/#primaryimage\"},\"image\":{\"@id\":\"https:\\\/\\\/distributioneverflow.com\\\/fr\\\/produit\\\/phx-style-t-rex-2pcs-1_4-pcd-1-segment\\\/#primaryimage\"},\"thumbnailUrl\":\"https:\\\/\\\/distributioneverflow.com\\\/wp-content\\\/uploads\\\/2025\\\/10\\\/UGRIND-PHX-Style-T-Rex-2PCS-1_4-PCD-1-Segment-Diamond-Tooling.webp\",\"datePublished\":\"2025-10-22T11:55:20+00:00\",\"dateModified\":\"2025-10-22T12:24:28+00:00\",\"description\":\"Passez au travers des rev\u00eatements difficiles avec les outils de meulage haute performance PHX Style T-Rex 2PCS 1\\\/4 PCD + 1 Segment, construits pour la pr\u00e9cision et la durabilit\u00e9.\",\"breadcrumb\":{\"@id\":\"https:\\\/\\\/distributioneverflow.com\\\/fr\\\/produit\\\/phx-style-t-rex-2pcs-1_4-pcd-1-segment\\\/#breadcrumb\"},\"inLanguage\":\"fr-FR\",\"potentialAction\":[{\"@type\":\"ReadAction\",\"target\":[\"https:\\\/\\\/distributioneverflow.com\\\/fr\\\/produit\\\/phx-style-t-rex-2pcs-1_4-pcd-1-segment\\\/\"]}]},{\"@type\":\"ImageObject\",\"inLanguage\":\"fr-FR\",\"@id\":\"https:\\\/\\\/distributioneverflow.com\\\/fr\\\/produit\\\/phx-style-t-rex-2pcs-1_4-pcd-1-segment\\\/#primaryimage\",\"url\":\"https:\\\/\\\/distributioneverflow.com\\\/wp-content\\\/uploads\\\/2025\\\/10\\\/UGRIND-PHX-Style-T-Rex-2PCS-1_4-PCD-1-Segment-Diamond-Tooling.webp\",\"contentUrl\":\"https:\\\/\\\/distributioneverflow.com\\\/wp-content\\\/uploads\\\/2025\\\/10\\\/UGRIND-PHX-Style-T-Rex-2PCS-1_4-PCD-1-Segment-Diamond-Tooling.webp\",\"width\":2048,\"height\":2048},{\"@type\":\"BreadcrumbList\",\"@id\":\"https:\\\/\\\/distributioneverflow.com\\\/fr\\\/produit\\\/phx-style-t-rex-2pcs-1_4-pcd-1-segment\\\/#breadcrumb\",\"itemListElement\":[{\"@type\":\"ListItem\",\"position\":1,\"name\":\"Accueil\",\"item\":\"https:\\\/\\\/distributioneverflow.com\\\/fr\\\/\"},{\"@type\":\"ListItem\",\"position\":2,\"name\":\"Boutique\",\"item\":\"https:\\\/\\\/distributioneverflow.com\\\/fr\\\/boutique\\\/\"},{\"@type\":\"ListItem\",\"position\":3,\"name\":\"PHX Style T-Rex 2PCS 1_4 PCD + 1 Segment\"}]},{\"@type\":\"WebSite\",\"@id\":\"https:\\\/\\\/distributioneverflow.com\\\/fr\\\/#website\",\"url\":\"https:\\\/\\\/distributioneverflow.com\\\/fr\\\/\",\"name\":\"Everflow distribution\",\"description\":\"\",\"publisher\":{\"@id\":\"https:\\\/\\\/distributioneverflow.com\\\/fr\\\/#organization\"},\"potentialAction\":[{\"@type\":\"SearchAction\",\"target\":{\"@type\":\"EntryPoint\",\"urlTemplate\":\"https:\\\/\\\/distributioneverflow.com\\\/fr\\\/?s={search_term_string}\"},\"query-input\":{\"@type\":\"PropertyValueSpecification\",\"valueRequired\":true,\"valueName\":\"search_term_string\"}}],\"inLanguage\":\"fr-FR\"},{\"@type\":\"Organization\",\"@id\":\"https:\\\/\\\/distributioneverflow.com\\\/fr\\\/#organization\",\"name\":\"Distribution Everflow\",\"url\":\"https:\\\/\\\/distributioneverflow.com\\\/fr\\\/\",\"logo\":{\"@type\":\"ImageObject\",\"inLanguage\":\"fr-FR\",\"@id\":\"https:\\\/\\\/distributioneverflow.com\\\/fr\\\/#\\\/schema\\\/logo\\\/image\\\/\",\"url\":\"https:\\\/\\\/distributioneverflow.com\\\/wp-content\\\/uploads\\\/2021\\\/11\\\/cropped-Everflow_Distrib_Horiz_WhiteBackground.png\",\"contentUrl\":\"https:\\\/\\\/distributioneverflow.com\\\/wp-content\\\/uploads\\\/2021\\\/11\\\/cropped-Everflow_Distrib_Horiz_WhiteBackground.png\",\"width\":900,\"height\":204,\"caption\":\"Distribution Everflow\"},\"image\":{\"@id\":\"https:\\\/\\\/distributioneverflow.com\\\/fr\\\/#\\\/schema\\\/logo\\\/image\\\/\"},\"sameAs\":[\"https:\\\/\\\/www.facebook.com\\\/DistributionEVERFLOW\",\"https:\\\/\\\/www.instagram.com\\\/distribution_everflow\\\/\"]}]}<\/script>\n<!-- \/ Yoast SEO plugin. -->","yoast_head_json":{"title":"BROYEUR T-Rex 2PCS 1\/4 PCD","description":"Passez au travers des rev\u00eatements difficiles avec les outils de meulage haute performance PHX Style T-Rex 2PCS 1\/4 PCD + 1 Segment, construits pour la pr\u00e9cision et la durabilit\u00e9.","robots":{"index":"index","follow":"follow","max-snippet":"max-snippet:-1","max-image-preview":"max-image-preview:large","max-video-preview":"max-video-preview:-1"},"canonical":"https:\/\/distributioneverflow.com\/fr\/produit\/phx-style-t-rex-2pcs-1_4-pcd-1-segment\/","og_locale":"fr_FR","og_type":"article","og_title":"BROYEUR T-Rex 2PCS 1\/4 PCD","og_description":"Passez au travers des rev\u00eatements difficiles avec les outils de meulage haute performance PHX Style T-Rex 2PCS 1\/4 PCD + 1 Segment, construits pour la pr\u00e9cision et la durabilit\u00e9.","og_url":"https:\/\/distributioneverflow.com\/fr\/produit\/phx-style-t-rex-2pcs-1_4-pcd-1-segment\/","og_site_name":"Distribution Everflow","article_publisher":"https:\/\/www.facebook.com\/DistributionEVERFLOW","article_modified_time":"2025-10-22T12:24:28+00:00","og_image":[{"width":2048,"height":2048,"url":"https:\/\/distributioneverflow.com\/wp-content\/uploads\/2025\/10\/UGRIND-PHX-Style-T-Rex-2PCS-1_4-PCD-1-Segment-Diamond-Tooling.webp","type":"image\/webp"}],"twitter_card":"summary_large_image","twitter_misc":{"Dur\u00e9e de lecture estim\u00e9e":"2 minutes"},"schema":{"@context":"https:\/\/schema.org","@graph":[{"@type":"WebPage","@id":"https:\/\/distributioneverflow.com\/fr\/produit\/phx-style-t-rex-2pcs-1_4-pcd-1-segment\/","url":"https:\/\/distributioneverflow.com\/fr\/produit\/phx-style-t-rex-2pcs-1_4-pcd-1-segment\/","name":"BROYEUR T-Rex 2PCS 1\/4 PCD","isPartOf":{"@id":"https:\/\/distributioneverflow.com\/fr\/#website"},"primaryImageOfPage":{"@id":"https:\/\/distributioneverflow.com\/fr\/produit\/phx-style-t-rex-2pcs-1_4-pcd-1-segment\/#primaryimage"},"image":{"@id":"https:\/\/distributioneverflow.com\/fr\/produit\/phx-style-t-rex-2pcs-1_4-pcd-1-segment\/#primaryimage"},"thumbnailUrl":"https:\/\/distributioneverflow.com\/wp-content\/uploads\/2025\/10\/UGRIND-PHX-Style-T-Rex-2PCS-1_4-PCD-1-Segment-Diamond-Tooling.webp","datePublished":"2025-10-22T11:55:20+00:00","dateModified":"2025-10-22T12:24:28+00:00","description":"Passez au travers des rev\u00eatements difficiles avec les outils de meulage haute performance PHX Style T-Rex 2PCS 1\/4 PCD + 1 Segment, construits pour la pr\u00e9cision et la durabilit\u00e9.","breadcrumb":{"@id":"https:\/\/distributioneverflow.com\/fr\/produit\/phx-style-t-rex-2pcs-1_4-pcd-1-segment\/#breadcrumb"},"inLanguage":"fr-FR","potentialAction":[{"@type":"ReadAction","target":["https:\/\/distributioneverflow.com\/fr\/produit\/phx-style-t-rex-2pcs-1_4-pcd-1-segment\/"]}]},{"@type":"ImageObject","inLanguage":"fr-FR","@id":"https:\/\/distributioneverflow.com\/fr\/produit\/phx-style-t-rex-2pcs-1_4-pcd-1-segment\/#primaryimage","url":"https:\/\/distributioneverflow.com\/wp-content\/uploads\/2025\/10\/UGRIND-PHX-Style-T-Rex-2PCS-1_4-PCD-1-Segment-Diamond-Tooling.webp","contentUrl":"https:\/\/distributioneverflow.com\/wp-content\/uploads\/2025\/10\/UGRIND-PHX-Style-T-Rex-2PCS-1_4-PCD-1-Segment-Diamond-Tooling.webp","width":2048,"height":2048},{"@type":"BreadcrumbList","@id":"https:\/\/distributioneverflow.com\/fr\/produit\/phx-style-t-rex-2pcs-1_4-pcd-1-segment\/#breadcrumb","itemListElement":[{"@type":"ListItem","position":1,"name":"Accueil","item":"https:\/\/distributioneverflow.com\/fr\/"},{"@type":"ListItem","position":2,"name":"Boutique","item":"https:\/\/distributioneverflow.com\/fr\/boutique\/"},{"@type":"ListItem","position":3,"name":"PHX Style T-Rex 2PCS 1_4 PCD + 1 Segment"}]},{"@type":"WebSite","@id":"https:\/\/distributioneverflow.com\/fr\/#website","url":"https:\/\/distributioneverflow.com\/fr\/","name":"Everflow distribution","description":"","publisher":{"@id":"https:\/\/distributioneverflow.com\/fr\/#organization"},"potentialAction":[{"@type":"SearchAction","target":{"@type":"EntryPoint","urlTemplate":"https:\/\/distributioneverflow.com\/fr\/?s={search_term_string}"},"query-input":{"@type":"PropertyValueSpecification","valueRequired":true,"valueName":"search_term_string"}}],"inLanguage":"fr-FR"},{"@type":"Organization","@id":"https:\/\/distributioneverflow.com\/fr\/#organization","name":"Distribution Everflow","url":"https:\/\/distributioneverflow.com\/fr\/","logo":{"@type":"ImageObject","inLanguage":"fr-FR","@id":"https:\/\/distributioneverflow.com\/fr\/#\/schema\/logo\/image\/","url":"https:\/\/distributioneverflow.com\/wp-content\/uploads\/2021\/11\/cropped-Everflow_Distrib_Horiz_WhiteBackground.png","contentUrl":"https:\/\/distributioneverflow.com\/wp-content\/uploads\/2021\/11\/cropped-Everflow_Distrib_Horiz_WhiteBackground.png","width":900,"height":204,"caption":"Distribution Everflow"},"image":{"@id":"https:\/\/distributioneverflow.com\/fr\/#\/schema\/logo\/image\/"},"sameAs":["https:\/\/www.facebook.com\/DistributionEVERFLOW","https:\/\/www.instagram.com\/distribution_everflow\/"]}]}},"_links":{"self":[{"href":"https:\/\/distributioneverflow.com\/fr\/wp-json\/wp\/v2\/product\/12084","targetHints":{"allow":["GET"]}}],"collection":[{"href":"https:\/\/distributioneverflow.com\/fr\/wp-json\/wp\/v2\/product"}],"about":[{"href":"https:\/\/distributioneverflow.com\/fr\/wp-json\/wp\/v2\/types\/product"}],"version-history":[{"count":2,"href":"https:\/\/distributioneverflow.com\/fr\/wp-json\/wp\/v2\/product\/12084\/revisions"}],"predecessor-version":[{"id":12091,"href":"https:\/\/distributioneverflow.com\/fr\/wp-json\/wp\/v2\/product\/12084\/revisions\/12091"}],"wp:featuredmedia":[{"embeddable":true,"href":"https:\/\/distributioneverflow.com\/fr\/wp-json\/wp\/v2\/media\/12082"}],"wp:attachment":[{"href":"https:\/\/distributioneverflow.com\/fr\/wp-json\/wp\/v2\/media?parent=12084"}],"wp:term":[{"taxonomy":"product_brand","embeddable":true,"href":"https:\/\/distributioneverflow.com\/fr\/wp-json\/wp\/v2\/product_brand?post=12084"},{"taxonomy":"product_cat","embeddable":true,"href":"https:\/\/distributioneverflow.com\/fr\/wp-json\/wp\/v2\/product_cat?post=12084"},{"taxonomy":"product_tag","embeddable":true,"href":"https:\/\/distributioneverflow.com\/fr\/wp-json\/wp\/v2\/product_tag?post=12084"}],"curies":[{"name":"wp","href":"https:\/\/api.w.org\/{rel}","templated":true}]}}