{"id":12755,"date":"2026-03-06T14:12:11","date_gmt":"2026-03-06T14:12:11","guid":{"rendered":"https:\/\/distributioneverflow.com\/product\/quartz-equinoxe\/"},"modified":"2026-03-06T14:12:11","modified_gmt":"2026-03-06T14:12:11","slug":"quartz-equinoxe","status":"publish","type":"product","link":"https:\/\/distributioneverflow.com\/fr\/produit\/quartz-equinoxe\/","title":{"rendered":"Quartz Equinoxe"},"content":{"rendered":"<p data-start=\"268\" data-end=\"558\"><strong data-start=\"268\" data-end=\"289\">Equinox (QB-2005)<\/strong> est un ajout audacieux \u00e0 notre <strong data-start=\"316\" data-end=\"335\">collection Cool<\/strong>. Il pr\u00e9sente un m\u00e9lange raffin\u00e9 de particules de quartz d&rsquo;un noir profond et d&rsquo;un gris saisissant. Ce m\u00e9lange dynamique de quartz d\u00e9coratif cr\u00e9e une esth\u00e9tique moderne et \u00e9quilibr\u00e9e qui met en valeur les <strong data-start=\"506\" data-end=\"557\">sols commerciaux et industriels.<\/strong> <\/p>\n<p data-start=\"560\" data-end=\"927\">Con\u00e7u pour la durabilit\u00e9 et l&rsquo;impact visuel, le <strong data-start=\"603\" data-end=\"630\">rev\u00eatement de sol en quartz Equinox<\/strong> offre une finition sophistiqu\u00e9e tout en conservant les performances attendues d&rsquo;un <strong data-start=\"713\" data-end=\"749\">syst\u00e8me de quartz \u00e9poxy de haute qualit\u00e9<\/strong>. Son fort contraste de particules noires et grises cr\u00e9e un aspect intemporel qui s&rsquo;harmonise avec les espaces architecturaux modernes tout en offrant la r\u00e9sistance requise pour les sols exigeants. <\/p>\n<p data-start=\"929\" data-end=\"1291\">Id\u00e9al pour les <strong data-start=\"939\" data-end=\"973\">syst\u00e8mes de sols \u00e9poxy d\u00e9coratifs<\/strong>, les <strong data-start=\"975\" data-end=\"996\">espaces commerciaux<\/strong>, les <strong data-start=\"998\" data-end=\"1023\">installations industrielles<\/strong>, les salles d&rsquo;exposition, les garages et les environnements de vente au d\u00e9tail, <strong data-start=\"1070\" data-end=\"1089\">Equinox QB-2005<\/strong> offre \u00e0 la fois un attrait visuel et une performance durable. Lorsqu&rsquo;il est install\u00e9 dans un <strong data-start=\"1170\" data-end=\"1206\">syst\u00e8me de rev\u00eatement de sol en quartz<\/strong>, ce m\u00e9lange offre une excellente durabilit\u00e9, une r\u00e9sistance aux produits chimiques et une r\u00e9sistance au glissement. <\/p>\n<p data-start=\"1293\" data-end=\"1467\">Rehaussez vos sols avec le contraste audacieux et l&rsquo;\u00e9l\u00e9gance moderne des <strong data-start=\"1359\" data-end=\"1401\">sols en quartz noir et gris Equinox<\/strong>, un \u00e9quilibre parfait entre style, r\u00e9sistance et performance \u00e0 long terme.<\/p>\n","protected":false},"excerpt":{"rendered":"<ul>\n<li data-section-id=\"9oo4xq\" data-start=\"70\" data-end=\"173\">\n<p data-start=\"72\" data-end=\"173\">Le <strong data-start=\"72\" data-end=\"108\">m\u00e9lange audacieux de quartz noir et gris<\/strong> cr\u00e9e un rev\u00eatement de sol d\u00e9coratif moderne et \u00e9quilibr\u00e9.<\/p>\n<\/li>\n<li data-section-id=\"b5pthh\" data-start=\"174\" data-end=\"279\">\n<p data-start=\"176\" data-end=\"279\"><strong data-start=\"176\" data-end=\"209\">Syst\u00e8me de quartz haute durabilit\u00e9<\/strong> con\u00e7u pour les environnements commerciaux, industriels et \u00e0 fort trafic.<\/p>\n<\/li>\n<li data-section-id=\"14kicf6\" data-start=\"280\" data-end=\"389\" data-is-last-node=\"\">\n<p data-start=\"282\" data-end=\"389\" data-is-last-node=\"\"><strong data-start=\"282\" data-end=\"325\">Id\u00e9al pour les syst\u00e8mes de rev\u00eatement de sol en quartz \u00e9poxy<\/strong>, offrant des performances durables et des surfaces antid\u00e9rapantes.<\/p>\n<\/li>\n<\/ul>\n","protected":false},"featured_media":12756,"template":"","meta":{"inline_featured_image":false},"product_brand":[286],"product_cat":[264,266,241],"product_tag":[],"class_list":{"0":"post-12755","1":"product","2":"type-product","3":"status-publish","4":"has-post-thumbnail","6":"product_brand-torginol-fr-2","7":"product_cat-flocons-quartz","8":"product_cat-quartz-fr","9":"product_cat-tous","11":"first","12":"instock","13":"taxable","14":"shipping-taxable","15":"product-type-simple"},"yoast_head":"<!-- This site is optimized with the Yoast SEO plugin v27.5 - https:\/\/yoast.com\/product\/yoast-seo-wordpress\/ -->\n<title>Rev\u00eatement de sol en quartz noir et gris<\/title>\n<meta name=\"description\" content=\"D\u00e9couvrez le rev\u00eatement de sol en quartz noir et gris Equinox QB-2005. Durable, d\u00e9coratif et id\u00e9al pour les syst\u00e8mes de sols \u00e9poxy commerciaux, industriels et r\u00e9sidentiels.\" \/>\n<meta name=\"robots\" content=\"index, follow, max-snippet:-1, max-image-preview:large, max-video-preview:-1\" \/>\n<link rel=\"canonical\" href=\"https:\/\/distributioneverflow.com\/fr\/produit\/quartz-equinoxe\/\" \/>\n<meta property=\"og:locale\" content=\"fr_FR\" \/>\n<meta property=\"og:type\" content=\"article\" \/>\n<meta property=\"og:title\" content=\"Rev\u00eatement de sol en quartz noir et gris\" \/>\n<meta property=\"og:description\" content=\"D\u00e9couvrez le rev\u00eatement de sol en quartz noir et gris Equinox QB-2005. Durable, d\u00e9coratif et id\u00e9al pour les syst\u00e8mes de sols \u00e9poxy commerciaux, industriels et r\u00e9sidentiels.\" \/>\n<meta property=\"og:url\" content=\"https:\/\/distributioneverflow.com\/fr\/produit\/quartz-equinoxe\/\" \/>\n<meta property=\"og:site_name\" content=\"Distribution Everflow\" \/>\n<meta property=\"article:publisher\" content=\"https:\/\/www.facebook.com\/DistributionEVERFLOW\" \/>\n<meta name=\"twitter:card\" content=\"summary_large_image\" \/>\n<meta name=\"twitter:label1\" content=\"Dur\u00e9e de lecture estim\u00e9e\" \/>\n\t<meta name=\"twitter:data1\" content=\"1 minute\" \/>\n<script type=\"application\/ld+json\" class=\"yoast-schema-graph\">{\"@context\":\"https:\\\/\\\/schema.org\",\"@graph\":[{\"@type\":\"WebPage\",\"@id\":\"https:\\\/\\\/distributioneverflow.com\\\/fr\\\/produit\\\/quartz-equinoxe\\\/\",\"url\":\"https:\\\/\\\/distributioneverflow.com\\\/fr\\\/produit\\\/quartz-equinoxe\\\/\",\"name\":\"Rev\u00eatement de sol en quartz noir et gris\",\"isPartOf\":{\"@id\":\"https:\\\/\\\/distributioneverflow.com\\\/fr\\\/#website\"},\"primaryImageOfPage\":{\"@id\":\"https:\\\/\\\/distributioneverflow.com\\\/fr\\\/produit\\\/quartz-equinoxe\\\/#primaryimage\"},\"image\":{\"@id\":\"https:\\\/\\\/distributioneverflow.com\\\/fr\\\/produit\\\/quartz-equinoxe\\\/#primaryimage\"},\"thumbnailUrl\":\"https:\\\/\\\/distributioneverflow.com\\\/wp-content\\\/uploads\\\/2026\\\/03\\\/QB-2005_EQUINOX_PILE.avif\",\"datePublished\":\"2026-03-06T14:12:11+00:00\",\"description\":\"D\u00e9couvrez le rev\u00eatement de sol en quartz noir et gris Equinox QB-2005. Durable, d\u00e9coratif et id\u00e9al pour les syst\u00e8mes de sols \u00e9poxy commerciaux, industriels et r\u00e9sidentiels.\",\"breadcrumb\":{\"@id\":\"https:\\\/\\\/distributioneverflow.com\\\/fr\\\/produit\\\/quartz-equinoxe\\\/#breadcrumb\"},\"inLanguage\":\"fr-FR\",\"potentialAction\":[{\"@type\":\"ReadAction\",\"target\":[\"https:\\\/\\\/distributioneverflow.com\\\/fr\\\/produit\\\/quartz-equinoxe\\\/\"]}]},{\"@type\":\"ImageObject\",\"inLanguage\":\"fr-FR\",\"@id\":\"https:\\\/\\\/distributioneverflow.com\\\/fr\\\/produit\\\/quartz-equinoxe\\\/#primaryimage\",\"url\":\"https:\\\/\\\/distributioneverflow.com\\\/wp-content\\\/uploads\\\/2026\\\/03\\\/QB-2005_EQUINOX_PILE.avif\",\"contentUrl\":\"https:\\\/\\\/distributioneverflow.com\\\/wp-content\\\/uploads\\\/2026\\\/03\\\/QB-2005_EQUINOX_PILE.avif\",\"width\":960,\"height\":960},{\"@type\":\"BreadcrumbList\",\"@id\":\"https:\\\/\\\/distributioneverflow.com\\\/fr\\\/produit\\\/quartz-equinoxe\\\/#breadcrumb\",\"itemListElement\":[{\"@type\":\"ListItem\",\"position\":1,\"name\":\"Accueil\",\"item\":\"https:\\\/\\\/distributioneverflow.com\\\/fr\\\/\"},{\"@type\":\"ListItem\",\"position\":2,\"name\":\"Boutique\",\"item\":\"https:\\\/\\\/distributioneverflow.com\\\/fr\\\/boutique\\\/\"},{\"@type\":\"ListItem\",\"position\":3,\"name\":\"Quartz Equinoxe\"}]},{\"@type\":\"WebSite\",\"@id\":\"https:\\\/\\\/distributioneverflow.com\\\/fr\\\/#website\",\"url\":\"https:\\\/\\\/distributioneverflow.com\\\/fr\\\/\",\"name\":\"Everflow distribution\",\"description\":\"\",\"publisher\":{\"@id\":\"https:\\\/\\\/distributioneverflow.com\\\/fr\\\/#organization\"},\"potentialAction\":[{\"@type\":\"SearchAction\",\"target\":{\"@type\":\"EntryPoint\",\"urlTemplate\":\"https:\\\/\\\/distributioneverflow.com\\\/fr\\\/?s={search_term_string}\"},\"query-input\":{\"@type\":\"PropertyValueSpecification\",\"valueRequired\":true,\"valueName\":\"search_term_string\"}}],\"inLanguage\":\"fr-FR\"},{\"@type\":\"Organization\",\"@id\":\"https:\\\/\\\/distributioneverflow.com\\\/fr\\\/#organization\",\"name\":\"Distribution Everflow\",\"url\":\"https:\\\/\\\/distributioneverflow.com\\\/fr\\\/\",\"logo\":{\"@type\":\"ImageObject\",\"inLanguage\":\"fr-FR\",\"@id\":\"https:\\\/\\\/distributioneverflow.com\\\/fr\\\/#\\\/schema\\\/logo\\\/image\\\/\",\"url\":\"https:\\\/\\\/distributioneverflow.com\\\/wp-content\\\/uploads\\\/2021\\\/11\\\/cropped-Everflow_Distrib_Horiz_WhiteBackground.png\",\"contentUrl\":\"https:\\\/\\\/distributioneverflow.com\\\/wp-content\\\/uploads\\\/2021\\\/11\\\/cropped-Everflow_Distrib_Horiz_WhiteBackground.png\",\"width\":900,\"height\":204,\"caption\":\"Distribution Everflow\"},\"image\":{\"@id\":\"https:\\\/\\\/distributioneverflow.com\\\/fr\\\/#\\\/schema\\\/logo\\\/image\\\/\"},\"sameAs\":[\"https:\\\/\\\/www.facebook.com\\\/DistributionEVERFLOW\",\"https:\\\/\\\/www.instagram.com\\\/distribution_everflow\\\/\"]}]}<\/script>\n<!-- \/ Yoast SEO plugin. -->","yoast_head_json":{"title":"Rev\u00eatement de sol en quartz noir et gris","description":"D\u00e9couvrez le rev\u00eatement de sol en quartz noir et gris Equinox QB-2005. Durable, d\u00e9coratif et id\u00e9al pour les syst\u00e8mes de sols \u00e9poxy commerciaux, industriels et r\u00e9sidentiels.","robots":{"index":"index","follow":"follow","max-snippet":"max-snippet:-1","max-image-preview":"max-image-preview:large","max-video-preview":"max-video-preview:-1"},"canonical":"https:\/\/distributioneverflow.com\/fr\/produit\/quartz-equinoxe\/","og_locale":"fr_FR","og_type":"article","og_title":"Rev\u00eatement de sol en quartz noir et gris","og_description":"D\u00e9couvrez le rev\u00eatement de sol en quartz noir et gris Equinox QB-2005. Durable, d\u00e9coratif et id\u00e9al pour les syst\u00e8mes de sols \u00e9poxy commerciaux, industriels et r\u00e9sidentiels.","og_url":"https:\/\/distributioneverflow.com\/fr\/produit\/quartz-equinoxe\/","og_site_name":"Distribution Everflow","article_publisher":"https:\/\/www.facebook.com\/DistributionEVERFLOW","twitter_card":"summary_large_image","twitter_misc":{"Dur\u00e9e de lecture estim\u00e9e":"1 minute"},"schema":{"@context":"https:\/\/schema.org","@graph":[{"@type":"WebPage","@id":"https:\/\/distributioneverflow.com\/fr\/produit\/quartz-equinoxe\/","url":"https:\/\/distributioneverflow.com\/fr\/produit\/quartz-equinoxe\/","name":"Rev\u00eatement de sol en quartz noir et gris","isPartOf":{"@id":"https:\/\/distributioneverflow.com\/fr\/#website"},"primaryImageOfPage":{"@id":"https:\/\/distributioneverflow.com\/fr\/produit\/quartz-equinoxe\/#primaryimage"},"image":{"@id":"https:\/\/distributioneverflow.com\/fr\/produit\/quartz-equinoxe\/#primaryimage"},"thumbnailUrl":"https:\/\/distributioneverflow.com\/wp-content\/uploads\/2026\/03\/QB-2005_EQUINOX_PILE.avif","datePublished":"2026-03-06T14:12:11+00:00","description":"D\u00e9couvrez le rev\u00eatement de sol en quartz noir et gris Equinox QB-2005. Durable, d\u00e9coratif et id\u00e9al pour les syst\u00e8mes de sols \u00e9poxy commerciaux, industriels et r\u00e9sidentiels.","breadcrumb":{"@id":"https:\/\/distributioneverflow.com\/fr\/produit\/quartz-equinoxe\/#breadcrumb"},"inLanguage":"fr-FR","potentialAction":[{"@type":"ReadAction","target":["https:\/\/distributioneverflow.com\/fr\/produit\/quartz-equinoxe\/"]}]},{"@type":"ImageObject","inLanguage":"fr-FR","@id":"https:\/\/distributioneverflow.com\/fr\/produit\/quartz-equinoxe\/#primaryimage","url":"https:\/\/distributioneverflow.com\/wp-content\/uploads\/2026\/03\/QB-2005_EQUINOX_PILE.avif","contentUrl":"https:\/\/distributioneverflow.com\/wp-content\/uploads\/2026\/03\/QB-2005_EQUINOX_PILE.avif","width":960,"height":960},{"@type":"BreadcrumbList","@id":"https:\/\/distributioneverflow.com\/fr\/produit\/quartz-equinoxe\/#breadcrumb","itemListElement":[{"@type":"ListItem","position":1,"name":"Accueil","item":"https:\/\/distributioneverflow.com\/fr\/"},{"@type":"ListItem","position":2,"name":"Boutique","item":"https:\/\/distributioneverflow.com\/fr\/boutique\/"},{"@type":"ListItem","position":3,"name":"Quartz Equinoxe"}]},{"@type":"WebSite","@id":"https:\/\/distributioneverflow.com\/fr\/#website","url":"https:\/\/distributioneverflow.com\/fr\/","name":"Everflow distribution","description":"","publisher":{"@id":"https:\/\/distributioneverflow.com\/fr\/#organization"},"potentialAction":[{"@type":"SearchAction","target":{"@type":"EntryPoint","urlTemplate":"https:\/\/distributioneverflow.com\/fr\/?s={search_term_string}"},"query-input":{"@type":"PropertyValueSpecification","valueRequired":true,"valueName":"search_term_string"}}],"inLanguage":"fr-FR"},{"@type":"Organization","@id":"https:\/\/distributioneverflow.com\/fr\/#organization","name":"Distribution Everflow","url":"https:\/\/distributioneverflow.com\/fr\/","logo":{"@type":"ImageObject","inLanguage":"fr-FR","@id":"https:\/\/distributioneverflow.com\/fr\/#\/schema\/logo\/image\/","url":"https:\/\/distributioneverflow.com\/wp-content\/uploads\/2021\/11\/cropped-Everflow_Distrib_Horiz_WhiteBackground.png","contentUrl":"https:\/\/distributioneverflow.com\/wp-content\/uploads\/2021\/11\/cropped-Everflow_Distrib_Horiz_WhiteBackground.png","width":900,"height":204,"caption":"Distribution Everflow"},"image":{"@id":"https:\/\/distributioneverflow.com\/fr\/#\/schema\/logo\/image\/"},"sameAs":["https:\/\/www.facebook.com\/DistributionEVERFLOW","https:\/\/www.instagram.com\/distribution_everflow\/"]}]}},"_links":{"self":[{"href":"https:\/\/distributioneverflow.com\/fr\/wp-json\/wp\/v2\/product\/12755","targetHints":{"allow":["GET"]}}],"collection":[{"href":"https:\/\/distributioneverflow.com\/fr\/wp-json\/wp\/v2\/product"}],"about":[{"href":"https:\/\/distributioneverflow.com\/fr\/wp-json\/wp\/v2\/types\/product"}],"version-history":[{"count":0,"href":"https:\/\/distributioneverflow.com\/fr\/wp-json\/wp\/v2\/product\/12755\/revisions"}],"wp:featuredmedia":[{"embeddable":true,"href":"https:\/\/distributioneverflow.com\/fr\/wp-json\/wp\/v2\/media\/12756"}],"wp:attachment":[{"href":"https:\/\/distributioneverflow.com\/fr\/wp-json\/wp\/v2\/media?parent=12755"}],"wp:term":[{"taxonomy":"product_brand","embeddable":true,"href":"https:\/\/distributioneverflow.com\/fr\/wp-json\/wp\/v2\/product_brand?post=12755"},{"taxonomy":"product_cat","embeddable":true,"href":"https:\/\/distributioneverflow.com\/fr\/wp-json\/wp\/v2\/product_cat?post=12755"},{"taxonomy":"product_tag","embeddable":true,"href":"https:\/\/distributioneverflow.com\/fr\/wp-json\/wp\/v2\/product_tag?post=12755"}],"curies":[{"name":"wp","href":"https:\/\/api.w.org\/{rel}","templated":true}]}}