{"id":12772,"date":"2026-03-06T14:44:22","date_gmt":"2026-03-06T14:44:22","guid":{"rendered":"https:\/\/distributioneverflow.com\/product\/matrice-de-quartz\/"},"modified":"2026-03-06T14:44:22","modified_gmt":"2026-03-06T14:44:22","slug":"matrice-de-quartz","status":"publish","type":"product","link":"https:\/\/distributioneverflow.com\/fr\/produit\/matrice-de-quartz\/","title":{"rendered":"Matrice de quartz"},"content":{"rendered":"<p data-start=\"312\" data-end=\"614\"><strong data-start=\"312\" data-end=\"332\">Matrix (QB-1009)<\/strong> est un m\u00e9lange frappant de notre <strong data-start=\"362\" data-end=\"381\">collection Cool<\/strong>, combinant des particules de quartz blanc, gris et noir pour cr\u00e9er un rev\u00eatement de sol d\u00e9coratif moderne et sophistiqu\u00e9. Ce m\u00e9lange de quartz dynamique offre un fort contraste visuel qui rehausse la profondeur et le caract\u00e8re de n&rsquo;importe quel espace. <\/p>\n<p data-start=\"616\" data-end=\"950\">Con\u00e7u pour \u00eatre \u00e0 la fois durable et esth\u00e9tique, le <strong data-start=\"667\" data-end=\"693\">rev\u00eatement de sol en quartz Matrix<\/strong> offre des performances exceptionnelles dans les <strong data-start=\"725\" data-end=\"767\">environnements commerciaux et industriels<\/strong>. Lorsqu&rsquo;il est install\u00e9 dans le cadre d&rsquo;un <strong data-start=\"793\" data-end=\"837\">syst\u00e8me de diffusion de quartz \u00e9poxy d\u00e9coratif<\/strong>, Matrix offre une surface homog\u00e8ne et performante, con\u00e7ue pour r\u00e9sister \u00e0 un trafic intense et \u00e0 des conditions exigeantes. <\/p>\n<p data-start=\"952\" data-end=\"1283\">Id\u00e9al pour les <strong data-start=\"962\" data-end=\"1038\">installations commerciales, les entrep\u00f4ts, les garages, les salles d&rsquo;exposition et les espaces de vente au d\u00e9tail<\/strong>, <strong data-start=\"1040\" data-end=\"1058\">Matrix QB-1009<\/strong> offre une durabilit\u00e9 \u00e0 long terme, une excellente r\u00e9sistance au glissement et une meilleure r\u00e9sistance aux produits chimiques. Son m\u00e9lange \u00e9quilibr\u00e9 de particules noires, grises et blanches cr\u00e9e un aspect audacieux mais raffin\u00e9 qui convient aux conceptions architecturales modernes. <\/p>\n<p data-start=\"1285\" data-end=\"1435\">Rehaussez vos sols avec les <strong data-start=\"1310\" data-end=\"1359\">rev\u00eatements de sol en quartz Matrix noir, gris et blanc<\/strong>, une combinaison puissante de durabilit\u00e9, de performance et de style contemporain.<\/p>\n","protected":false},"excerpt":{"rendered":"<ul>\n<li data-section-id=\"1ampg0\" data-start=\"1463\" data-end=\"1561\">\n<p data-start=\"1465\" data-end=\"1561\"><strong data-start=\"1465\" data-end=\"1509\">Des quartz noirs, gris et blancs se m\u00e9langent<\/strong> pour cr\u00e9er un rev\u00eatement de sol d\u00e9coratif moderne.<\/p>\n<\/li>\n<li data-section-id=\"z45fgo\" data-start=\"1562\" data-end=\"1667\">\n<p data-start=\"1564\" data-end=\"1667\"><strong data-start=\"1564\" data-end=\"1597\">Syst\u00e8me de quartz haute durabilit\u00e9<\/strong> con\u00e7u pour les environnements commerciaux, industriels et \u00e0 fort trafic.<\/p>\n<\/li>\n<li data-section-id=\"14kicf6\" data-start=\"1668\" data-end=\"1777\" data-is-last-node=\"\">\n<p data-start=\"1670\" data-end=\"1777\" data-is-last-node=\"\"><strong data-start=\"1670\" data-end=\"1713\">Id\u00e9al pour les syst\u00e8mes de rev\u00eatement de sol en quartz \u00e9poxy<\/strong>, offrant des performances durables et des surfaces antid\u00e9rapantes.<\/p>\n<\/li>\n<\/ul>\n","protected":false},"featured_media":12770,"template":"","meta":{"inline_featured_image":false},"product_brand":[286],"product_cat":[264,266,241],"product_tag":[],"class_list":{"0":"post-12772","1":"product","2":"type-product","3":"status-publish","4":"has-post-thumbnail","6":"product_brand-torginol-fr-2","7":"product_cat-flocons-quartz","8":"product_cat-quartz-fr","9":"product_cat-tous","11":"first","12":"instock","13":"taxable","14":"shipping-taxable","15":"product-type-simple"},"yoast_head":"<!-- This site is optimized with the Yoast SEO plugin v27.5 - https:\/\/yoast.com\/product\/yoast-seo-wordpress\/ -->\n<title>Rev\u00eatement de sol en quartz noir gris blanc<\/title>\n<meta name=\"description\" content=\"Le m\u00e9lange de quartz Matrix QB-1009 noir, gris et blanc est con\u00e7u pour les rev\u00eatements de sol \u00e9poxy d\u00e9coratifs durables dans les environnements commerciaux et industriels.\" \/>\n<meta name=\"robots\" content=\"index, follow, max-snippet:-1, max-image-preview:large, max-video-preview:-1\" \/>\n<link rel=\"canonical\" href=\"https:\/\/distributioneverflow.com\/fr\/produit\/matrice-de-quartz\/\" \/>\n<meta property=\"og:locale\" content=\"fr_FR\" \/>\n<meta property=\"og:type\" content=\"article\" \/>\n<meta property=\"og:title\" content=\"Rev\u00eatement de sol en quartz noir gris blanc\" \/>\n<meta property=\"og:description\" content=\"Le m\u00e9lange de quartz Matrix QB-1009 noir, gris et blanc est con\u00e7u pour les rev\u00eatements de sol \u00e9poxy d\u00e9coratifs durables dans les environnements commerciaux et industriels.\" \/>\n<meta property=\"og:url\" content=\"https:\/\/distributioneverflow.com\/fr\/produit\/matrice-de-quartz\/\" \/>\n<meta property=\"og:site_name\" content=\"Distribution Everflow\" \/>\n<meta property=\"article:publisher\" content=\"https:\/\/www.facebook.com\/DistributionEVERFLOW\" \/>\n<meta name=\"twitter:card\" content=\"summary_large_image\" \/>\n<meta name=\"twitter:label1\" content=\"Dur\u00e9e de lecture estim\u00e9e\" \/>\n\t<meta name=\"twitter:data1\" content=\"1 minute\" \/>\n<script type=\"application\/ld+json\" class=\"yoast-schema-graph\">{\"@context\":\"https:\\\/\\\/schema.org\",\"@graph\":[{\"@type\":\"WebPage\",\"@id\":\"https:\\\/\\\/distributioneverflow.com\\\/fr\\\/produit\\\/matrice-de-quartz\\\/\",\"url\":\"https:\\\/\\\/distributioneverflow.com\\\/fr\\\/produit\\\/matrice-de-quartz\\\/\",\"name\":\"Rev\u00eatement de sol en quartz noir gris blanc\",\"isPartOf\":{\"@id\":\"https:\\\/\\\/distributioneverflow.com\\\/fr\\\/#website\"},\"primaryImageOfPage\":{\"@id\":\"https:\\\/\\\/distributioneverflow.com\\\/fr\\\/produit\\\/matrice-de-quartz\\\/#primaryimage\"},\"image\":{\"@id\":\"https:\\\/\\\/distributioneverflow.com\\\/fr\\\/produit\\\/matrice-de-quartz\\\/#primaryimage\"},\"thumbnailUrl\":\"https:\\\/\\\/distributioneverflow.com\\\/wp-content\\\/uploads\\\/2026\\\/03\\\/QB-1009_MATRIX_PILE.avif\",\"datePublished\":\"2026-03-06T14:44:22+00:00\",\"description\":\"Le m\u00e9lange de quartz Matrix QB-1009 noir, gris et blanc est con\u00e7u pour les rev\u00eatements de sol \u00e9poxy d\u00e9coratifs durables dans les environnements commerciaux et industriels.\",\"breadcrumb\":{\"@id\":\"https:\\\/\\\/distributioneverflow.com\\\/fr\\\/produit\\\/matrice-de-quartz\\\/#breadcrumb\"},\"inLanguage\":\"fr-FR\",\"potentialAction\":[{\"@type\":\"ReadAction\",\"target\":[\"https:\\\/\\\/distributioneverflow.com\\\/fr\\\/produit\\\/matrice-de-quartz\\\/\"]}]},{\"@type\":\"ImageObject\",\"inLanguage\":\"fr-FR\",\"@id\":\"https:\\\/\\\/distributioneverflow.com\\\/fr\\\/produit\\\/matrice-de-quartz\\\/#primaryimage\",\"url\":\"https:\\\/\\\/distributioneverflow.com\\\/wp-content\\\/uploads\\\/2026\\\/03\\\/QB-1009_MATRIX_PILE.avif\",\"contentUrl\":\"https:\\\/\\\/distributioneverflow.com\\\/wp-content\\\/uploads\\\/2026\\\/03\\\/QB-1009_MATRIX_PILE.avif\",\"width\":959,\"height\":960},{\"@type\":\"BreadcrumbList\",\"@id\":\"https:\\\/\\\/distributioneverflow.com\\\/fr\\\/produit\\\/matrice-de-quartz\\\/#breadcrumb\",\"itemListElement\":[{\"@type\":\"ListItem\",\"position\":1,\"name\":\"Accueil\",\"item\":\"https:\\\/\\\/distributioneverflow.com\\\/fr\\\/\"},{\"@type\":\"ListItem\",\"position\":2,\"name\":\"Boutique\",\"item\":\"https:\\\/\\\/distributioneverflow.com\\\/fr\\\/boutique\\\/\"},{\"@type\":\"ListItem\",\"position\":3,\"name\":\"Matrice de quartz\"}]},{\"@type\":\"WebSite\",\"@id\":\"https:\\\/\\\/distributioneverflow.com\\\/fr\\\/#website\",\"url\":\"https:\\\/\\\/distributioneverflow.com\\\/fr\\\/\",\"name\":\"Everflow distribution\",\"description\":\"\",\"publisher\":{\"@id\":\"https:\\\/\\\/distributioneverflow.com\\\/fr\\\/#organization\"},\"potentialAction\":[{\"@type\":\"SearchAction\",\"target\":{\"@type\":\"EntryPoint\",\"urlTemplate\":\"https:\\\/\\\/distributioneverflow.com\\\/fr\\\/?s={search_term_string}\"},\"query-input\":{\"@type\":\"PropertyValueSpecification\",\"valueRequired\":true,\"valueName\":\"search_term_string\"}}],\"inLanguage\":\"fr-FR\"},{\"@type\":\"Organization\",\"@id\":\"https:\\\/\\\/distributioneverflow.com\\\/fr\\\/#organization\",\"name\":\"Distribution Everflow\",\"url\":\"https:\\\/\\\/distributioneverflow.com\\\/fr\\\/\",\"logo\":{\"@type\":\"ImageObject\",\"inLanguage\":\"fr-FR\",\"@id\":\"https:\\\/\\\/distributioneverflow.com\\\/fr\\\/#\\\/schema\\\/logo\\\/image\\\/\",\"url\":\"https:\\\/\\\/distributioneverflow.com\\\/wp-content\\\/uploads\\\/2021\\\/11\\\/cropped-Everflow_Distrib_Horiz_WhiteBackground.png\",\"contentUrl\":\"https:\\\/\\\/distributioneverflow.com\\\/wp-content\\\/uploads\\\/2021\\\/11\\\/cropped-Everflow_Distrib_Horiz_WhiteBackground.png\",\"width\":900,\"height\":204,\"caption\":\"Distribution Everflow\"},\"image\":{\"@id\":\"https:\\\/\\\/distributioneverflow.com\\\/fr\\\/#\\\/schema\\\/logo\\\/image\\\/\"},\"sameAs\":[\"https:\\\/\\\/www.facebook.com\\\/DistributionEVERFLOW\",\"https:\\\/\\\/www.instagram.com\\\/distribution_everflow\\\/\"]}]}<\/script>\n<!-- \/ Yoast SEO plugin. -->","yoast_head_json":{"title":"Rev\u00eatement de sol en quartz noir gris blanc","description":"Le m\u00e9lange de quartz Matrix QB-1009 noir, gris et blanc est con\u00e7u pour les rev\u00eatements de sol \u00e9poxy d\u00e9coratifs durables dans les environnements commerciaux et industriels.","robots":{"index":"index","follow":"follow","max-snippet":"max-snippet:-1","max-image-preview":"max-image-preview:large","max-video-preview":"max-video-preview:-1"},"canonical":"https:\/\/distributioneverflow.com\/fr\/produit\/matrice-de-quartz\/","og_locale":"fr_FR","og_type":"article","og_title":"Rev\u00eatement de sol en quartz noir gris blanc","og_description":"Le m\u00e9lange de quartz Matrix QB-1009 noir, gris et blanc est con\u00e7u pour les rev\u00eatements de sol \u00e9poxy d\u00e9coratifs durables dans les environnements commerciaux et industriels.","og_url":"https:\/\/distributioneverflow.com\/fr\/produit\/matrice-de-quartz\/","og_site_name":"Distribution Everflow","article_publisher":"https:\/\/www.facebook.com\/DistributionEVERFLOW","twitter_card":"summary_large_image","twitter_misc":{"Dur\u00e9e de lecture estim\u00e9e":"1 minute"},"schema":{"@context":"https:\/\/schema.org","@graph":[{"@type":"WebPage","@id":"https:\/\/distributioneverflow.com\/fr\/produit\/matrice-de-quartz\/","url":"https:\/\/distributioneverflow.com\/fr\/produit\/matrice-de-quartz\/","name":"Rev\u00eatement de sol en quartz noir gris blanc","isPartOf":{"@id":"https:\/\/distributioneverflow.com\/fr\/#website"},"primaryImageOfPage":{"@id":"https:\/\/distributioneverflow.com\/fr\/produit\/matrice-de-quartz\/#primaryimage"},"image":{"@id":"https:\/\/distributioneverflow.com\/fr\/produit\/matrice-de-quartz\/#primaryimage"},"thumbnailUrl":"https:\/\/distributioneverflow.com\/wp-content\/uploads\/2026\/03\/QB-1009_MATRIX_PILE.avif","datePublished":"2026-03-06T14:44:22+00:00","description":"Le m\u00e9lange de quartz Matrix QB-1009 noir, gris et blanc est con\u00e7u pour les rev\u00eatements de sol \u00e9poxy d\u00e9coratifs durables dans les environnements commerciaux et industriels.","breadcrumb":{"@id":"https:\/\/distributioneverflow.com\/fr\/produit\/matrice-de-quartz\/#breadcrumb"},"inLanguage":"fr-FR","potentialAction":[{"@type":"ReadAction","target":["https:\/\/distributioneverflow.com\/fr\/produit\/matrice-de-quartz\/"]}]},{"@type":"ImageObject","inLanguage":"fr-FR","@id":"https:\/\/distributioneverflow.com\/fr\/produit\/matrice-de-quartz\/#primaryimage","url":"https:\/\/distributioneverflow.com\/wp-content\/uploads\/2026\/03\/QB-1009_MATRIX_PILE.avif","contentUrl":"https:\/\/distributioneverflow.com\/wp-content\/uploads\/2026\/03\/QB-1009_MATRIX_PILE.avif","width":959,"height":960},{"@type":"BreadcrumbList","@id":"https:\/\/distributioneverflow.com\/fr\/produit\/matrice-de-quartz\/#breadcrumb","itemListElement":[{"@type":"ListItem","position":1,"name":"Accueil","item":"https:\/\/distributioneverflow.com\/fr\/"},{"@type":"ListItem","position":2,"name":"Boutique","item":"https:\/\/distributioneverflow.com\/fr\/boutique\/"},{"@type":"ListItem","position":3,"name":"Matrice de quartz"}]},{"@type":"WebSite","@id":"https:\/\/distributioneverflow.com\/fr\/#website","url":"https:\/\/distributioneverflow.com\/fr\/","name":"Everflow distribution","description":"","publisher":{"@id":"https:\/\/distributioneverflow.com\/fr\/#organization"},"potentialAction":[{"@type":"SearchAction","target":{"@type":"EntryPoint","urlTemplate":"https:\/\/distributioneverflow.com\/fr\/?s={search_term_string}"},"query-input":{"@type":"PropertyValueSpecification","valueRequired":true,"valueName":"search_term_string"}}],"inLanguage":"fr-FR"},{"@type":"Organization","@id":"https:\/\/distributioneverflow.com\/fr\/#organization","name":"Distribution Everflow","url":"https:\/\/distributioneverflow.com\/fr\/","logo":{"@type":"ImageObject","inLanguage":"fr-FR","@id":"https:\/\/distributioneverflow.com\/fr\/#\/schema\/logo\/image\/","url":"https:\/\/distributioneverflow.com\/wp-content\/uploads\/2021\/11\/cropped-Everflow_Distrib_Horiz_WhiteBackground.png","contentUrl":"https:\/\/distributioneverflow.com\/wp-content\/uploads\/2021\/11\/cropped-Everflow_Distrib_Horiz_WhiteBackground.png","width":900,"height":204,"caption":"Distribution Everflow"},"image":{"@id":"https:\/\/distributioneverflow.com\/fr\/#\/schema\/logo\/image\/"},"sameAs":["https:\/\/www.facebook.com\/DistributionEVERFLOW","https:\/\/www.instagram.com\/distribution_everflow\/"]}]}},"_links":{"self":[{"href":"https:\/\/distributioneverflow.com\/fr\/wp-json\/wp\/v2\/product\/12772","targetHints":{"allow":["GET"]}}],"collection":[{"href":"https:\/\/distributioneverflow.com\/fr\/wp-json\/wp\/v2\/product"}],"about":[{"href":"https:\/\/distributioneverflow.com\/fr\/wp-json\/wp\/v2\/types\/product"}],"version-history":[{"count":0,"href":"https:\/\/distributioneverflow.com\/fr\/wp-json\/wp\/v2\/product\/12772\/revisions"}],"wp:featuredmedia":[{"embeddable":true,"href":"https:\/\/distributioneverflow.com\/fr\/wp-json\/wp\/v2\/media\/12770"}],"wp:attachment":[{"href":"https:\/\/distributioneverflow.com\/fr\/wp-json\/wp\/v2\/media?parent=12772"}],"wp:term":[{"taxonomy":"product_brand","embeddable":true,"href":"https:\/\/distributioneverflow.com\/fr\/wp-json\/wp\/v2\/product_brand?post=12772"},{"taxonomy":"product_cat","embeddable":true,"href":"https:\/\/distributioneverflow.com\/fr\/wp-json\/wp\/v2\/product_cat?post=12772"},{"taxonomy":"product_tag","embeddable":true,"href":"https:\/\/distributioneverflow.com\/fr\/wp-json\/wp\/v2\/product_tag?post=12772"}],"curies":[{"name":"wp","href":"https:\/\/api.w.org\/{rel}","templated":true}]}}