{"id":12797,"date":"2026-04-08T11:45:50","date_gmt":"2026-04-08T11:45:50","guid":{"rendered":"https:\/\/distributioneverflow.com\/product\/quartz-oxford\/"},"modified":"2026-04-08T11:45:50","modified_gmt":"2026-04-08T11:45:50","slug":"quartz-oxford","status":"publish","type":"product","link":"https:\/\/distributioneverflow.com\/fr\/produit\/quartz-oxford\/","title":{"rendered":"Quartz Oxford"},"content":{"rendered":"<h2 data-section-id=\"n2gdsw\" data-start=\"110\" data-end=\"177\"><span role=\"text\"><strong data-start=\"113\" data-end=\"177\">Quartz Oxford Quartz d\u00e9coratif pour syst\u00e8mes de rev\u00eatement de sol en \u00e9poxy<\/strong><\/span><\/h2>\n<p data-start=\"179\" data-end=\"430\">Quartz Oxford est un m\u00e9lange de quartz d\u00e9coratif de premi\u00e8re qualit\u00e9 con\u00e7u pour les syst\u00e8mes de rev\u00eatement de sol \u00e9poxydique haute performance. Con\u00e7u pour la durabilit\u00e9 et la coh\u00e9rence visuelle, ce m\u00e9lange offre une finition propre et moderne tout en am\u00e9liorant la solidit\u00e9 de la surface et la r\u00e9sistance au glissement. <\/p>\n<p data-start=\"432\" data-end=\"587\">Parfait pour les syst\u00e8mes de diffusion, Quartz Oxford cr\u00e9e une surface textur\u00e9e et sans raccord, id\u00e9ale pour les environnements r\u00e9sidentiels, commerciaux et industriels exigeants.<\/p>\n<hr data-start=\"589\" data-end=\"592\">\n<h3 data-section-id=\"248b9x\" data-start=\"594\" data-end=\"614\"><span role=\"text\"><strong data-start=\"598\" data-end=\"614\">Principaux avantages<\/strong><\/span><\/h3>\n<ul data-start=\"616\" data-end=\"1008\">\n<li data-section-id=\"1uux7un\" data-start=\"616\" data-end=\"696\"><strong data-start=\"618\" data-end=\"637\">Durabilit\u00e9 \u00e9lev\u00e9e<\/strong> &#8211; Con\u00e7ue pour r\u00e9sister \u00e0 un trafic intense et \u00e0 une usure \u00e0 long terme<\/li>\n<li data-section-id=\"113wij8\" data-start=\"697\" data-end=\"786\"><strong data-start=\"699\" data-end=\"724\">Finition antid\u00e9rapante<\/strong> &#8211; Id\u00e9al pour un rev\u00eatement de sol plus s\u00fbr dans les garages et les espaces commerciaux.<\/li>\n<li data-section-id=\"4lvznw\" data-start=\"787\" data-end=\"857\"><strong data-start=\"789\" data-end=\"809\">Couleurs stables aux UV<\/strong> &#8211; Conserve son aspect au fil du temps sans se d\u00e9colorer<\/li>\n<li data-section-id=\"i5jid7\" data-start=\"858\" data-end=\"937\"><strong data-start=\"860\" data-end=\"880\">M\u00e9lange homog\u00e8ne<\/strong> &#8211; Distribution uniforme des couleurs pour une finition professionnelle<\/li>\n<li data-section-id=\"cf7tts\" data-start=\"938\" data-end=\"1008\"><strong data-start=\"940\" data-end=\"973\">R\u00e9sistant aux produits chimiques et \u00e0 l&rsquo;abrasion<\/strong> &#8211; Performant dans les environnements difficiles<\/li>\n<\/ul>\n<hr data-start=\"1010\" data-end=\"1013\">\n<h3 data-section-id=\"jubuey\" data-start=\"1015\" data-end=\"1047\"><span role=\"text\"><strong data-start=\"1019\" data-end=\"1047\">Applications recommand\u00e9es<\/strong><\/span><\/h3>\n<ul data-start=\"1049\" data-end=\"1188\">\n<li data-section-id=\"34ygac\" data-start=\"1049\" data-end=\"1066\">Planchers de garage<\/li>\n<li data-section-id=\"1hm8pcf\" data-start=\"1067\" data-end=\"1099\">Espaces commerciaux<\/li>\n<li data-section-id=\"p9p65o\" data-start=\"1100\" data-end=\"1125\">Installations industrielles<\/li>\n<li data-section-id=\"1nvqa9f\" data-start=\"1126\" data-end=\"1157\">Sous-sols et locaux techniques<\/li>\n<li data-section-id=\"16imikl\" data-start=\"1158\" data-end=\"1188\">Vestiaires et ateliers<\/li>\n<\/ul>\n<hr data-start=\"1190\" data-end=\"1193\">\n<h3 data-section-id=\"65hdvx\" data-start=\"1195\" data-end=\"1223\"><span role=\"text\"><strong data-start=\"1199\" data-end=\"1223\">Compatibilit\u00e9 des syst\u00e8mes<\/strong><\/span><\/h3>\n<p data-start=\"1225\" data-end=\"1361\">Quartz Oxford est con\u00e7u pour \u00eatre utilis\u00e9 avec des syst\u00e8mes \u00e9poxy, polyaspartiques ou polyur\u00e9thanes dans des applications de diffusion totale ou partielle.<\/p>\n<hr data-start=\"1363\" data-end=\"1366\">\n<h3 data-section-id=\"szozmh\" data-start=\"1368\" data-end=\"1397\"><span role=\"text\"><strong data-start=\"1372\" data-end=\"1397\">Aper\u00e7u de l&rsquo;installation<\/strong><\/span><\/h3>\n<ol data-start=\"1399\" data-end=\"1572\">\n<li data-section-id=\"8add9c\" data-start=\"1399\" data-end=\"1443\">Appliquer la couche de base (\u00e9poxy ou polyaspartique)<\/li>\n<li data-section-id=\"f5ghez\" data-start=\"1444\" data-end=\"1485\">Diffuser Quartz Oxford au rejet<\/li>\n<li data-section-id=\"11eb4wy\" data-start=\"1486\" data-end=\"1523\">Enlever l&rsquo;exc\u00e9dent et aspirer la surface<\/li>\n<li data-section-id=\"oub8k9\" data-start=\"1524\" data-end=\"1572\">Appliquer la couche de finition (\u00e9poxy ou polyur\u00e9thane transparent).<\/li>\n<\/ol>\n<hr data-start=\"1574\" data-end=\"1577\">\n<h3 data-section-id=\"h1b3v7\" data-start=\"1579\" data-end=\"1612\"><span role=\"text\"><strong data-start=\"1583\" data-end=\"1612\">Pourquoi choisir Quartz Oxford ?<\/strong><\/span><\/h3>\n<p data-start=\"1614\" data-end=\"1830\">Quartz Oxford offre l&rsquo;\u00e9quilibre parfait entre esth\u00e9tique et performance. Son aspect neutre et moderne s&rsquo;adapte \u00e0 un large \u00e9ventail de projets tout en offrant la durabilit\u00e9 que les professionnels attendent d&rsquo;un syst\u00e8me de diffusion en quartz. <\/p>\n","protected":false},"excerpt":{"rendered":"<ul data-start=\"616\" data-end=\"1008\">\n<li data-section-id=\"1uux7un\" data-start=\"616\" data-end=\"696\">Haute durabilit\u00e9<\/li>\n<li data-section-id=\"113wij8\" data-start=\"697\" data-end=\"786\">Finition antid\u00e9rapante<\/li>\n<li data-section-id=\"4lvznw\" data-start=\"787\" data-end=\"857\">Couleurs stables aux UV<\/li>\n<\/ul>\n","protected":false},"featured_media":12795,"template":"","meta":{"inline_featured_image":false},"product_brand":[286],"product_cat":[264,266],"product_tag":[],"class_list":{"0":"post-12797","1":"product","2":"type-product","3":"status-publish","4":"has-post-thumbnail","6":"product_brand-torginol-fr-2","7":"product_cat-flocons-quartz","8":"product_cat-quartz-fr","10":"first","11":"instock","12":"taxable","13":"shipping-taxable","14":"product-type-simple"},"yoast_head":"<!-- This site is optimized with the Yoast SEO plugin v27.5 - https:\/\/yoast.com\/product\/yoast-seo-wordpress\/ -->\n<title>Rev\u00eatement de sol \u00e9poxy en quartz Oxford<\/title>\n<meta name=\"description\" content=\"Quartz Oxford pour les syst\u00e8mes de rev\u00eatements de sol \u00e9poxy d\u00e9coratifs. Finition durable et antid\u00e9rapante, id\u00e9ale pour les garages et les surfaces commerciales.\" \/>\n<meta name=\"robots\" content=\"index, follow, max-snippet:-1, max-image-preview:large, max-video-preview:-1\" \/>\n<link rel=\"canonical\" href=\"https:\/\/distributioneverflow.com\/fr\/produit\/quartz-oxford\/\" \/>\n<meta property=\"og:locale\" content=\"fr_FR\" \/>\n<meta property=\"og:type\" content=\"article\" \/>\n<meta property=\"og:title\" content=\"Rev\u00eatement de sol \u00e9poxy en quartz Oxford\" \/>\n<meta property=\"og:description\" content=\"Quartz Oxford pour les syst\u00e8mes de rev\u00eatements de sol \u00e9poxy d\u00e9coratifs. Finition durable et antid\u00e9rapante, id\u00e9ale pour les garages et les surfaces commerciales.\" \/>\n<meta property=\"og:url\" content=\"https:\/\/distributioneverflow.com\/fr\/produit\/quartz-oxford\/\" \/>\n<meta property=\"og:site_name\" content=\"Distribution Everflow\" \/>\n<meta property=\"article:publisher\" content=\"https:\/\/www.facebook.com\/DistributionEVERFLOW\" \/>\n<meta name=\"twitter:card\" content=\"summary_large_image\" \/>\n<meta name=\"twitter:label1\" content=\"Dur\u00e9e de lecture estim\u00e9e\" \/>\n\t<meta name=\"twitter:data1\" content=\"2 minutes\" \/>\n<script type=\"application\/ld+json\" class=\"yoast-schema-graph\">{\"@context\":\"https:\\\/\\\/schema.org\",\"@graph\":[{\"@type\":\"WebPage\",\"@id\":\"https:\\\/\\\/distributioneverflow.com\\\/fr\\\/produit\\\/quartz-oxford\\\/\",\"url\":\"https:\\\/\\\/distributioneverflow.com\\\/fr\\\/produit\\\/quartz-oxford\\\/\",\"name\":\"Rev\u00eatement de sol \u00e9poxy en quartz Oxford\",\"isPartOf\":{\"@id\":\"https:\\\/\\\/distributioneverflow.com\\\/fr\\\/#website\"},\"primaryImageOfPage\":{\"@id\":\"https:\\\/\\\/distributioneverflow.com\\\/fr\\\/produit\\\/quartz-oxford\\\/#primaryimage\"},\"image\":{\"@id\":\"https:\\\/\\\/distributioneverflow.com\\\/fr\\\/produit\\\/quartz-oxford\\\/#primaryimage\"},\"thumbnailUrl\":\"https:\\\/\\\/distributioneverflow.com\\\/wp-content\\\/uploads\\\/2026\\\/04\\\/QB-1005_OXFORD_PILE.avif\",\"datePublished\":\"2026-04-08T11:45:50+00:00\",\"description\":\"Quartz Oxford pour les syst\u00e8mes de rev\u00eatements de sol \u00e9poxy d\u00e9coratifs. Finition durable et antid\u00e9rapante, id\u00e9ale pour les garages et les surfaces commerciales.\",\"breadcrumb\":{\"@id\":\"https:\\\/\\\/distributioneverflow.com\\\/fr\\\/produit\\\/quartz-oxford\\\/#breadcrumb\"},\"inLanguage\":\"fr-FR\",\"potentialAction\":[{\"@type\":\"ReadAction\",\"target\":[\"https:\\\/\\\/distributioneverflow.com\\\/fr\\\/produit\\\/quartz-oxford\\\/\"]}]},{\"@type\":\"ImageObject\",\"inLanguage\":\"fr-FR\",\"@id\":\"https:\\\/\\\/distributioneverflow.com\\\/fr\\\/produit\\\/quartz-oxford\\\/#primaryimage\",\"url\":\"https:\\\/\\\/distributioneverflow.com\\\/wp-content\\\/uploads\\\/2026\\\/04\\\/QB-1005_OXFORD_PILE.avif\",\"contentUrl\":\"https:\\\/\\\/distributioneverflow.com\\\/wp-content\\\/uploads\\\/2026\\\/04\\\/QB-1005_OXFORD_PILE.avif\",\"width\":960,\"height\":960},{\"@type\":\"BreadcrumbList\",\"@id\":\"https:\\\/\\\/distributioneverflow.com\\\/fr\\\/produit\\\/quartz-oxford\\\/#breadcrumb\",\"itemListElement\":[{\"@type\":\"ListItem\",\"position\":1,\"name\":\"Accueil\",\"item\":\"https:\\\/\\\/distributioneverflow.com\\\/fr\\\/\"},{\"@type\":\"ListItem\",\"position\":2,\"name\":\"Boutique\",\"item\":\"https:\\\/\\\/distributioneverflow.com\\\/fr\\\/boutique\\\/\"},{\"@type\":\"ListItem\",\"position\":3,\"name\":\"Quartz Oxford\"}]},{\"@type\":\"WebSite\",\"@id\":\"https:\\\/\\\/distributioneverflow.com\\\/fr\\\/#website\",\"url\":\"https:\\\/\\\/distributioneverflow.com\\\/fr\\\/\",\"name\":\"Everflow distribution\",\"description\":\"\",\"publisher\":{\"@id\":\"https:\\\/\\\/distributioneverflow.com\\\/fr\\\/#organization\"},\"potentialAction\":[{\"@type\":\"SearchAction\",\"target\":{\"@type\":\"EntryPoint\",\"urlTemplate\":\"https:\\\/\\\/distributioneverflow.com\\\/fr\\\/?s={search_term_string}\"},\"query-input\":{\"@type\":\"PropertyValueSpecification\",\"valueRequired\":true,\"valueName\":\"search_term_string\"}}],\"inLanguage\":\"fr-FR\"},{\"@type\":\"Organization\",\"@id\":\"https:\\\/\\\/distributioneverflow.com\\\/fr\\\/#organization\",\"name\":\"Distribution Everflow\",\"url\":\"https:\\\/\\\/distributioneverflow.com\\\/fr\\\/\",\"logo\":{\"@type\":\"ImageObject\",\"inLanguage\":\"fr-FR\",\"@id\":\"https:\\\/\\\/distributioneverflow.com\\\/fr\\\/#\\\/schema\\\/logo\\\/image\\\/\",\"url\":\"https:\\\/\\\/distributioneverflow.com\\\/wp-content\\\/uploads\\\/2021\\\/11\\\/cropped-Everflow_Distrib_Horiz_WhiteBackground.png\",\"contentUrl\":\"https:\\\/\\\/distributioneverflow.com\\\/wp-content\\\/uploads\\\/2021\\\/11\\\/cropped-Everflow_Distrib_Horiz_WhiteBackground.png\",\"width\":900,\"height\":204,\"caption\":\"Distribution Everflow\"},\"image\":{\"@id\":\"https:\\\/\\\/distributioneverflow.com\\\/fr\\\/#\\\/schema\\\/logo\\\/image\\\/\"},\"sameAs\":[\"https:\\\/\\\/www.facebook.com\\\/DistributionEVERFLOW\",\"https:\\\/\\\/www.instagram.com\\\/distribution_everflow\\\/\"]}]}<\/script>\n<!-- \/ Yoast SEO plugin. -->","yoast_head_json":{"title":"Rev\u00eatement de sol \u00e9poxy en quartz Oxford","description":"Quartz Oxford pour les syst\u00e8mes de rev\u00eatements de sol \u00e9poxy d\u00e9coratifs. Finition durable et antid\u00e9rapante, id\u00e9ale pour les garages et les surfaces commerciales.","robots":{"index":"index","follow":"follow","max-snippet":"max-snippet:-1","max-image-preview":"max-image-preview:large","max-video-preview":"max-video-preview:-1"},"canonical":"https:\/\/distributioneverflow.com\/fr\/produit\/quartz-oxford\/","og_locale":"fr_FR","og_type":"article","og_title":"Rev\u00eatement de sol \u00e9poxy en quartz Oxford","og_description":"Quartz Oxford pour les syst\u00e8mes de rev\u00eatements de sol \u00e9poxy d\u00e9coratifs. Finition durable et antid\u00e9rapante, id\u00e9ale pour les garages et les surfaces commerciales.","og_url":"https:\/\/distributioneverflow.com\/fr\/produit\/quartz-oxford\/","og_site_name":"Distribution Everflow","article_publisher":"https:\/\/www.facebook.com\/DistributionEVERFLOW","twitter_card":"summary_large_image","twitter_misc":{"Dur\u00e9e de lecture estim\u00e9e":"2 minutes"},"schema":{"@context":"https:\/\/schema.org","@graph":[{"@type":"WebPage","@id":"https:\/\/distributioneverflow.com\/fr\/produit\/quartz-oxford\/","url":"https:\/\/distributioneverflow.com\/fr\/produit\/quartz-oxford\/","name":"Rev\u00eatement de sol \u00e9poxy en quartz Oxford","isPartOf":{"@id":"https:\/\/distributioneverflow.com\/fr\/#website"},"primaryImageOfPage":{"@id":"https:\/\/distributioneverflow.com\/fr\/produit\/quartz-oxford\/#primaryimage"},"image":{"@id":"https:\/\/distributioneverflow.com\/fr\/produit\/quartz-oxford\/#primaryimage"},"thumbnailUrl":"https:\/\/distributioneverflow.com\/wp-content\/uploads\/2026\/04\/QB-1005_OXFORD_PILE.avif","datePublished":"2026-04-08T11:45:50+00:00","description":"Quartz Oxford pour les syst\u00e8mes de rev\u00eatements de sol \u00e9poxy d\u00e9coratifs. Finition durable et antid\u00e9rapante, id\u00e9ale pour les garages et les surfaces commerciales.","breadcrumb":{"@id":"https:\/\/distributioneverflow.com\/fr\/produit\/quartz-oxford\/#breadcrumb"},"inLanguage":"fr-FR","potentialAction":[{"@type":"ReadAction","target":["https:\/\/distributioneverflow.com\/fr\/produit\/quartz-oxford\/"]}]},{"@type":"ImageObject","inLanguage":"fr-FR","@id":"https:\/\/distributioneverflow.com\/fr\/produit\/quartz-oxford\/#primaryimage","url":"https:\/\/distributioneverflow.com\/wp-content\/uploads\/2026\/04\/QB-1005_OXFORD_PILE.avif","contentUrl":"https:\/\/distributioneverflow.com\/wp-content\/uploads\/2026\/04\/QB-1005_OXFORD_PILE.avif","width":960,"height":960},{"@type":"BreadcrumbList","@id":"https:\/\/distributioneverflow.com\/fr\/produit\/quartz-oxford\/#breadcrumb","itemListElement":[{"@type":"ListItem","position":1,"name":"Accueil","item":"https:\/\/distributioneverflow.com\/fr\/"},{"@type":"ListItem","position":2,"name":"Boutique","item":"https:\/\/distributioneverflow.com\/fr\/boutique\/"},{"@type":"ListItem","position":3,"name":"Quartz Oxford"}]},{"@type":"WebSite","@id":"https:\/\/distributioneverflow.com\/fr\/#website","url":"https:\/\/distributioneverflow.com\/fr\/","name":"Everflow distribution","description":"","publisher":{"@id":"https:\/\/distributioneverflow.com\/fr\/#organization"},"potentialAction":[{"@type":"SearchAction","target":{"@type":"EntryPoint","urlTemplate":"https:\/\/distributioneverflow.com\/fr\/?s={search_term_string}"},"query-input":{"@type":"PropertyValueSpecification","valueRequired":true,"valueName":"search_term_string"}}],"inLanguage":"fr-FR"},{"@type":"Organization","@id":"https:\/\/distributioneverflow.com\/fr\/#organization","name":"Distribution Everflow","url":"https:\/\/distributioneverflow.com\/fr\/","logo":{"@type":"ImageObject","inLanguage":"fr-FR","@id":"https:\/\/distributioneverflow.com\/fr\/#\/schema\/logo\/image\/","url":"https:\/\/distributioneverflow.com\/wp-content\/uploads\/2021\/11\/cropped-Everflow_Distrib_Horiz_WhiteBackground.png","contentUrl":"https:\/\/distributioneverflow.com\/wp-content\/uploads\/2021\/11\/cropped-Everflow_Distrib_Horiz_WhiteBackground.png","width":900,"height":204,"caption":"Distribution Everflow"},"image":{"@id":"https:\/\/distributioneverflow.com\/fr\/#\/schema\/logo\/image\/"},"sameAs":["https:\/\/www.facebook.com\/DistributionEVERFLOW","https:\/\/www.instagram.com\/distribution_everflow\/"]}]}},"_links":{"self":[{"href":"https:\/\/distributioneverflow.com\/fr\/wp-json\/wp\/v2\/product\/12797","targetHints":{"allow":["GET"]}}],"collection":[{"href":"https:\/\/distributioneverflow.com\/fr\/wp-json\/wp\/v2\/product"}],"about":[{"href":"https:\/\/distributioneverflow.com\/fr\/wp-json\/wp\/v2\/types\/product"}],"version-history":[{"count":0,"href":"https:\/\/distributioneverflow.com\/fr\/wp-json\/wp\/v2\/product\/12797\/revisions"}],"wp:featuredmedia":[{"embeddable":true,"href":"https:\/\/distributioneverflow.com\/fr\/wp-json\/wp\/v2\/media\/12795"}],"wp:attachment":[{"href":"https:\/\/distributioneverflow.com\/fr\/wp-json\/wp\/v2\/media?parent=12797"}],"wp:term":[{"taxonomy":"product_brand","embeddable":true,"href":"https:\/\/distributioneverflow.com\/fr\/wp-json\/wp\/v2\/product_brand?post=12797"},{"taxonomy":"product_cat","embeddable":true,"href":"https:\/\/distributioneverflow.com\/fr\/wp-json\/wp\/v2\/product_cat?post=12797"},{"taxonomy":"product_tag","embeddable":true,"href":"https:\/\/distributioneverflow.com\/fr\/wp-json\/wp\/v2\/product_tag?post=12797"}],"curies":[{"name":"wp","href":"https:\/\/api.w.org\/{rel}","templated":true}]}}